{"id":413,"date":"2019-11-12T10:50:06","date_gmt":"2019-11-12T10:50:06","guid":{"rendered":"https:\/\/sadentista.com\/?page_id=413"},"modified":"2021-03-04T15:39:14","modified_gmt":"2021-03-04T15:39:14","slug":"protesis-dental-menorca","status":"publish","type":"page","link":"https:\/\/sadentista.com\/es\/protesis-dental-menorca\/","title":{"rendered":"Pr\u00f3tesis"},"content":{"rendered":"\t\t<div data-elementor-type=\"wp-page\" data-elementor-id=\"413\" class=\"elementor elementor-413\">\n\t\t\t\t\t\t<div class=\"elementor-inner\">\n\t\t\t\t<div class=\"elementor-section-wrap\">\n\t\t\t\t\t\t\t\t\t<section data-particle_enable=\"false\" data-particle-mobile-disabled=\"false\" class=\"elementor-section elementor-top-section elementor-element elementor-element-52860c08 elementor-section-boxed elementor-section-height-default elementor-section-height-default\" data-id=\"52860c08\" data-element_type=\"section\" data-settings=\"{&quot;background_background&quot;:&quot;classic&quot;}\">\n\t\t\t\t\t\t\t<div class=\"elementor-background-overlay\"><\/div>\n\t\t\t\t\t\t\t<div class=\"elementor-container elementor-column-gap-default\">\n\t\t\t\t\t\t\t<div class=\"elementor-row\">\n\t\t\t\t\t<div class=\"elementor-column elementor-col-50 elementor-top-column elementor-element elementor-element-f1382c9 elementor-invisible\" data-id=\"f1382c9\" data-element_type=\"column\" data-settings=\"{&quot;animation&quot;:&quot;fadeIn&quot;}\">\n\t\t\t<div class=\"elementor-column-wrap elementor-element-populated\">\n\t\t\t\t\t\t\t<div class=\"elementor-widget-wrap\">\n\t\t\t\t\t\t<div class=\"elementor-element elementor-element-14212c83 elementor-widget elementor-widget-image\" data-id=\"14212c83\" data-element_type=\"widget\" data-widget_type=\"image.default\">\n\t\t\t\t<div class=\"elementor-widget-container\">\n\t\t\t\t\t\t\t\t<div class=\"elementor-image\">\n\t\t\t\t\t\t\t\t\t\t\t\t<img decoding=\"async\" width=\"90\" height=\"147\" src=\"https:\/\/sadentista.com\/wp-content\/uploads\/2019\/11\/protesis.png\" class=\"attachment-large size-large wp-image-417\" alt=\"\" loading=\"lazy\" \/>\t\t\t\t\t\t\t\t\t\t\t\t\t\t<\/div>\n\t\t\t\t\t\t<\/div>\n\t\t\t\t<\/div>\n\t\t\t\t\t\t<\/div>\n\t\t\t\t\t<\/div>\n\t\t<\/div>\n\t\t\t\t<div class=\"elementor-column elementor-col-50 elementor-top-column elementor-element elementor-element-57bef1d6 elementor-invisible\" data-id=\"57bef1d6\" data-element_type=\"column\" data-settings=\"{&quot;animation&quot;:&quot;fadeIn&quot;}\">\n\t\t\t<div class=\"elementor-column-wrap elementor-element-populated\">\n\t\t\t\t\t\t\t<div class=\"elementor-widget-wrap\">\n\t\t\t\t\t\t<div class=\"elementor-element elementor-element-28df2292 elementor-widget elementor-widget-heading\" data-id=\"28df2292\" data-element_type=\"widget\" data-widget_type=\"heading.default\">\n\t\t\t\t<div class=\"elementor-widget-container\">\n\t\t\t<h2 class=\"elementor-heading-title elementor-size-default\">PR\u00d3TESIS<\/h2>\t\t<\/div>\n\t\t\t\t<\/div>\n\t\t\t\t<div class=\"elementor-element elementor-element-4439cb9b elementor-widget elementor-widget-text-editor\" data-id=\"4439cb9b\" data-element_type=\"widget\" data-widget_type=\"text-editor.default\">\n\t\t\t\t<div class=\"elementor-widget-container\">\n\t\t\t\t\t\t\t\t<div class=\"elementor-text-editor elementor-clearfix\">\n\t\t\t\t<p>\u201cAnte el fracaso y la p\u00e9rdida de los dientes naturales los<br \/>podemos reponer\u00a0 imitando a la naturaleza\u201d<\/p>\t\t\t\t\t<\/div>\n\t\t\t\t\t\t<\/div>\n\t\t\t\t<\/div>\n\t\t\t\t\t\t<\/div>\n\t\t\t\t\t<\/div>\n\t\t<\/div>\n\t\t\t\t\t\t\t\t<\/div>\n\t\t\t\t\t<\/div>\n\t\t<\/section>\n\t\t\t\t<section data-particle_enable=\"false\" data-particle-mobile-disabled=\"false\" class=\"elementor-section elementor-top-section elementor-element elementor-element-60c142e elementor-reverse-tablet elementor-reverse-mobile elementor-section-boxed elementor-section-height-default elementor-section-height-default\" data-id=\"60c142e\" data-element_type=\"section\">\n\t\t\t\t\t\t<div class=\"elementor-container elementor-column-gap-default\">\n\t\t\t\t\t\t\t<div class=\"elementor-row\">\n\t\t\t\t\t<div class=\"elementor-column elementor-col-50 elementor-top-column elementor-element elementor-element-0b64490 elementor-invisible\" data-id=\"0b64490\" data-element_type=\"column\" data-settings=\"{&quot;animation&quot;:&quot;fadeInLeft&quot;}\">\n\t\t\t<div class=\"elementor-column-wrap elementor-element-populated\">\n\t\t\t\t\t\t\t<div class=\"elementor-widget-wrap\">\n\t\t\t\t\t\t<div class=\"elementor-element elementor-element-402ca65 elementor-widget elementor-widget-heading\" data-id=\"402ca65\" data-element_type=\"widget\" data-widget_type=\"heading.default\">\n\t\t\t\t<div class=\"elementor-widget-container\">\n\t\t\t<h2 class=\"elementor-heading-title elementor-size-default\">Implantolog\u00eda<\/h2>\t\t<\/div>\n\t\t\t\t<\/div>\n\t\t\t\t<div class=\"elementor-element elementor-element-42386a1 elementor-widget elementor-widget-text-editor\" data-id=\"42386a1\" data-element_type=\"widget\" data-widget_type=\"text-editor.default\">\n\t\t\t\t<div class=\"elementor-widget-container\">\n\t\t\t\t\t\t\t\t<div class=\"elementor-text-editor elementor-clearfix\">\n\t\t\t\t<p>Cuando faltan piezas, la soluci\u00f3n m\u00e1s fisiol\u00f3gica es reponerlas mediante implantes.<\/p><p>Los implantes son las ra\u00edces artificiales sobre las cuales se colocan despu\u00e9s una, varias o incluso todas las piezas ausentes para permitir masticar y sonre\u00edr con normalidad de nuevo.<\/p>\t\t\t\t\t<\/div>\n\t\t\t\t\t\t<\/div>\n\t\t\t\t<\/div>\n\t\t\t\t<div class=\"elementor-element elementor-element-a037af4 elementor-widget elementor-widget-eael-adv-accordion\" data-id=\"a037af4\" data-element_type=\"widget\" data-widget_type=\"eael-adv-accordion.default\">\n\t\t\t\t<div class=\"elementor-widget-container\">\n\t\t\t        <div class=\"eael-adv-accordion\" id=\"eael-adv-accordion-a037af4\" data-accordion-id=\"a037af4\" data-accordion-type=\"toggle\" data-toogle-speed=\"300\">\n    <div class=\"eael-accordion-list\">\n                <div id=\"ms-informacin\" class=\"elementor-tab-title eael-accordion-header\" tabindex=\"1681\" data-tab=\"1\" role=\"tab\" aria-controls=\"elementor-tab-content-1681\"><span class=\"eael-accordion-tab-title\">M\u00e1s informaci\u00f3n<\/span><i aria-hidden=\"true\" class=\"fa-toggle fas fa-angle-right\"><\/i><\/div><div id=\"elementor-tab-content-1681\" class=\"eael-accordion-content clearfix\" data-tab=\"1\" role=\"tabpanel\" aria-labelledby=\"ms-informacin\"><p><p>En ocasiones es necesario realizar t\u00e9cnicas m\u00e1s complejas para aumentar el volumen de hueso sobre el que colocar el implante.<br \/>La soluci\u00f3n de reponer piezas mediante implantes permite rehabilitar desde casos de una sola ausencia dental a otros en los que faltan varias e incluso todas las piezas. Recordemos que el implante es solo el anclaje dentro del hueso: no es un fin en s\u00ed mismo.<br \/>Lo importante es la rehabilitaci\u00f3n que soporte, ya sea un solo diente o varios.<br \/>Los implantes dentales son, tal y como informa la Sociedad Europea de Osteointegraci\u00f3n, fijaciones similares a un tornillo que se unen al hueso maxilar o mandibular.<br \/>Ese tornillo -el implante propiamente dicho-, normalmente de titanio, sustituye a la ra\u00edz del diente ausente.<br \/>Sobre el implante se fijar\u00e1n las coronas, puentes u otras pr\u00f3tesis dentales que sustituir\u00e1n a la pieza que falta.<br \/>La osteointegraci\u00f3n, por su parte, es el proceso de integraci\u00f3n en el que el hueso comienza a proliferar en contacto con la superficie del implante y que garantizar\u00e1 el \u00e9xito y la estabilidad de este.<br \/>El objetivo de esta t\u00e9cnica no solo atiende a una funci\u00f3n est\u00e9tica, sino que tambi\u00e9n busca mejorar la salud dental y la masticaci\u00f3n.<\/p><\/p><\/div>\n                <\/div><\/div>\t\t<\/div>\n\t\t\t\t<\/div>\n\t\t\t\t\t\t<\/div>\n\t\t\t\t\t<\/div>\n\t\t<\/div>\n\t\t\t\t<div class=\"elementor-column elementor-col-50 elementor-top-column elementor-element elementor-element-70addd2 elementor-invisible\" data-id=\"70addd2\" data-element_type=\"column\" data-settings=\"{&quot;animation&quot;:&quot;fadeInRight&quot;}\">\n\t\t\t<div class=\"elementor-column-wrap elementor-element-populated\">\n\t\t\t\t\t\t\t<div class=\"elementor-widget-wrap\">\n\t\t\t\t\t\t<div class=\"elementor-element elementor-element-bde726d elementor-widget elementor-widget-image\" data-id=\"bde726d\" data-element_type=\"widget\" data-widget_type=\"image.default\">\n\t\t\t\t<div class=\"elementor-widget-container\">\n\t\t\t\t\t\t\t\t<div class=\"elementor-image\">\n\t\t\t\t\t\t\t\t\t\t\t\t<img decoding=\"async\" width=\"640\" height=\"425\" src=\"https:\/\/sadentista.com\/wp-content\/uploads\/2019\/12\/Implantes.jpg\" class=\"attachment-full size-full wp-image-709\" alt=\"Implantes\" loading=\"lazy\" srcset=\"https:\/\/sadentista.com\/wp-content\/uploads\/2019\/12\/Implantes.jpg 640w, https:\/\/sadentista.com\/wp-content\/uploads\/2019\/12\/Implantes-300x199.jpg 300w\" sizes=\"(max-width: 640px) 100vw, 640px\" \/>\t\t\t\t\t\t\t\t\t\t\t\t\t\t<\/div>\n\t\t\t\t\t\t<\/div>\n\t\t\t\t<\/div>\n\t\t\t\t\t\t<\/div>\n\t\t\t\t\t<\/div>\n\t\t<\/div>\n\t\t\t\t\t\t\t\t<\/div>\n\t\t\t\t\t<\/div>\n\t\t<\/section>\n\t\t\t\t<section data-particle_enable=\"false\" data-particle-mobile-disabled=\"false\" class=\"elementor-section elementor-top-section elementor-element elementor-element-1816db4d elementor-section-boxed elementor-section-height-default elementor-section-height-default\" data-id=\"1816db4d\" data-element_type=\"section\">\n\t\t\t\t\t\t<div class=\"elementor-container elementor-column-gap-default\">\n\t\t\t\t\t\t\t<div class=\"elementor-row\">\n\t\t\t\t\t<div class=\"elementor-column elementor-col-50 elementor-top-column elementor-element elementor-element-4f55175 elementor-invisible\" data-id=\"4f55175\" data-element_type=\"column\" data-settings=\"{&quot;animation&quot;:&quot;fadeInLeft&quot;}\">\n\t\t\t<div class=\"elementor-column-wrap elementor-element-populated\">\n\t\t\t\t\t\t\t<div class=\"elementor-widget-wrap\">\n\t\t\t\t\t\t<div class=\"elementor-element elementor-element-4133b7c elementor-widget elementor-widget-image\" data-id=\"4133b7c\" data-element_type=\"widget\" data-widget_type=\"image.default\">\n\t\t\t\t<div class=\"elementor-widget-container\">\n\t\t\t\t\t\t\t\t<div class=\"elementor-image\">\n\t\t\t\t\t\t\t\t\t\t\t\t<img decoding=\"async\" width=\"640\" height=\"425\" src=\"https:\/\/sadentista.com\/wp-content\/uploads\/2019\/12\/Protesis-Menorca.jpg\" class=\"attachment-full size-full wp-image-540\" alt=\"Protesis Menorca\" loading=\"lazy\" srcset=\"https:\/\/sadentista.com\/wp-content\/uploads\/2019\/12\/Protesis-Menorca.jpg 640w, https:\/\/sadentista.com\/wp-content\/uploads\/2019\/12\/Protesis-Menorca-300x199.jpg 300w\" sizes=\"(max-width: 640px) 100vw, 640px\" \/>\t\t\t\t\t\t\t\t\t\t\t\t\t\t<\/div>\n\t\t\t\t\t\t<\/div>\n\t\t\t\t<\/div>\n\t\t\t\t\t\t<\/div>\n\t\t\t\t\t<\/div>\n\t\t<\/div>\n\t\t\t\t<div class=\"elementor-column elementor-col-50 elementor-top-column elementor-element elementor-element-706fb17 elementor-invisible\" data-id=\"706fb17\" data-element_type=\"column\" data-settings=\"{&quot;animation&quot;:&quot;fadeInRight&quot;}\">\n\t\t\t<div class=\"elementor-column-wrap elementor-element-populated\">\n\t\t\t\t\t\t\t<div class=\"elementor-widget-wrap\">\n\t\t\t\t\t\t<div class=\"elementor-element elementor-element-0ea5098 elementor-widget elementor-widget-heading\" data-id=\"0ea5098\" data-element_type=\"widget\" data-widget_type=\"heading.default\">\n\t\t\t\t<div class=\"elementor-widget-container\">\n\t\t\t<h2 class=\"elementor-heading-title elementor-size-default\">Pr\u00f3tesis removible<\/h2>\t\t<\/div>\n\t\t\t\t<\/div>\n\t\t\t\t<div class=\"elementor-element elementor-element-0c13d4e elementor-widget elementor-widget-text-editor\" data-id=\"0c13d4e\" data-element_type=\"widget\" data-widget_type=\"text-editor.default\">\n\t\t\t\t<div class=\"elementor-widget-container\">\n\t\t\t\t\t\t\t\t<div class=\"elementor-text-editor elementor-clearfix\">\n\t\t\t\t<p>Son las que se pueden sacar de la boca y pueden ser parciales o completas.<br \/>Los m\u00e1s utilizados son los\u00a0 esquel\u00e9ticos, o los aparatos de resina tanto sobre mucosa como sobre implantes.<\/p>\t\t\t\t\t<\/div>\n\t\t\t\t\t\t<\/div>\n\t\t\t\t<\/div>\n\t\t\t\t\t\t<\/div>\n\t\t\t\t\t<\/div>\n\t\t<\/div>\n\t\t\t\t\t\t\t\t<\/div>\n\t\t\t\t\t<\/div>\n\t\t<\/section>\n\t\t\t\t<section data-particle_enable=\"false\" data-particle-mobile-disabled=\"false\" class=\"elementor-section elementor-top-section elementor-element elementor-element-487a8c06 elementor-reverse-tablet elementor-reverse-mobile elementor-section-boxed elementor-section-height-default elementor-section-height-default\" data-id=\"487a8c06\" data-element_type=\"section\">\n\t\t\t\t\t\t<div class=\"elementor-container elementor-column-gap-default\">\n\t\t\t\t\t\t\t<div class=\"elementor-row\">\n\t\t\t\t\t<div class=\"elementor-column elementor-col-50 elementor-top-column elementor-element elementor-element-e1bb43c elementor-invisible\" data-id=\"e1bb43c\" data-element_type=\"column\" data-settings=\"{&quot;animation&quot;:&quot;fadeInLeft&quot;}\">\n\t\t\t<div class=\"elementor-column-wrap elementor-element-populated\">\n\t\t\t\t\t\t\t<div class=\"elementor-widget-wrap\">\n\t\t\t\t\t\t<div class=\"elementor-element elementor-element-818ff6d elementor-widget elementor-widget-heading\" data-id=\"818ff6d\" data-element_type=\"widget\" data-widget_type=\"heading.default\">\n\t\t\t\t<div class=\"elementor-widget-container\">\n\t\t\t<h2 class=\"elementor-heading-title elementor-size-default\">Pr\u00f3tesis fijas<\/h2>\t\t<\/div>\n\t\t\t\t<\/div>\n\t\t\t\t<div class=\"elementor-element elementor-element-64353a0 elementor-widget elementor-widget-text-editor\" data-id=\"64353a0\" data-element_type=\"widget\" data-widget_type=\"text-editor.default\">\n\t\t\t\t<div class=\"elementor-widget-container\">\n\t\t\t\t\t\t\t\t<div class=\"elementor-text-editor elementor-clearfix\">\n\t\t\t\t<p><br \/>Son aquellas que no es preciso sacarse de la boca para limpiarlas. Est\u00e1n<br \/>fijas, pueden estar soportadas por los dientes o muelas adyacentes o por<br \/>implantes osteointegrados.<br \/>Las coronas son las fundas que recubren los dientes da\u00f1ados protegi\u00e9ndolos y reforz\u00e1ndolos, pueden ser de metal, porcelana, composite&#8230;<\/p>\t\t\t\t\t<\/div>\n\t\t\t\t\t\t<\/div>\n\t\t\t\t<\/div>\n\t\t\t\t\t\t<\/div>\n\t\t\t\t\t<\/div>\n\t\t<\/div>\n\t\t\t\t<div class=\"elementor-column elementor-col-50 elementor-top-column elementor-element elementor-element-8f3786a elementor-invisible\" data-id=\"8f3786a\" data-element_type=\"column\" data-settings=\"{&quot;animation&quot;:&quot;fadeInRight&quot;}\">\n\t\t\t<div class=\"elementor-column-wrap elementor-element-populated\">\n\t\t\t\t\t\t\t<div class=\"elementor-widget-wrap\">\n\t\t\t\t\t\t<div class=\"elementor-element elementor-element-7892b84f elementor-widget elementor-widget-image\" data-id=\"7892b84f\" data-element_type=\"widget\" data-widget_type=\"image.default\">\n\t\t\t\t<div class=\"elementor-widget-container\">\n\t\t\t\t\t\t\t\t<div class=\"elementor-image\">\n\t\t\t\t\t\t\t\t\t\t\t\t<img decoding=\"async\" width=\"1181\" height=\"1181\" src=\"https:\/\/sadentista.com\/wp-content\/uploads\/2020\/01\/MATIDE_RIURE.jpg\" class=\"attachment-full size-full wp-image-849\" alt=\"\" loading=\"lazy\" srcset=\"https:\/\/sadentista.com\/wp-content\/uploads\/2020\/01\/MATIDE_RIURE.jpg 1181w, https:\/\/sadentista.com\/wp-content\/uploads\/2020\/01\/MATIDE_RIURE-300x300.jpg 300w, https:\/\/sadentista.com\/wp-content\/uploads\/2020\/01\/MATIDE_RIURE-1024x1024.jpg 1024w, https:\/\/sadentista.com\/wp-content\/uploads\/2020\/01\/MATIDE_RIURE-150x150.jpg 150w, https:\/\/sadentista.com\/wp-content\/uploads\/2020\/01\/MATIDE_RIURE-768x768.jpg 768w\" sizes=\"(max-width: 1181px) 100vw, 1181px\" \/>\t\t\t\t\t\t\t\t\t\t\t\t\t\t<\/div>\n\t\t\t\t\t\t<\/div>\n\t\t\t\t<\/div>\n\t\t\t\t\t\t<\/div>\n\t\t\t\t\t<\/div>\n\t\t<\/div>\n\t\t\t\t\t\t\t\t<\/div>\n\t\t\t\t\t<\/div>\n\t\t<\/section>\n\t\t\t\t<section data-particle_enable=\"false\" data-particle-mobile-disabled=\"false\" class=\"elementor-section elementor-top-section elementor-element elementor-element-758d9ce elementor-section-boxed elementor-section-height-default elementor-section-height-default\" data-id=\"758d9ce\" data-element_type=\"section\">\n\t\t\t\t\t\t<div class=\"elementor-container elementor-column-gap-default\">\n\t\t\t\t\t\t\t<div class=\"elementor-row\">\n\t\t\t\t\t<div class=\"elementor-column elementor-col-50 elementor-top-column elementor-element elementor-element-813072f elementor-invisible\" data-id=\"813072f\" data-element_type=\"column\" data-settings=\"{&quot;animation&quot;:&quot;fadeInLeft&quot;}\">\n\t\t\t<div class=\"elementor-column-wrap elementor-element-populated\">\n\t\t\t\t\t\t\t<div class=\"elementor-widget-wrap\">\n\t\t\t\t\t\t<div class=\"elementor-element elementor-element-b41b094 elementor-widget elementor-widget-image\" data-id=\"b41b094\" data-element_type=\"widget\" data-widget_type=\"image.default\">\n\t\t\t\t<div class=\"elementor-widget-container\">\n\t\t\t\t\t\t\t\t<div class=\"elementor-image\">\n\t\t\t\t\t\t\t\t\t\t\t\t<img decoding=\"async\" width=\"640\" height=\"425\" src=\"https:\/\/sadentista.com\/wp-content\/uploads\/2019\/12\/Rehabilitacion-Neuro-Oclusal-Menorca.jpg\" class=\"attachment-full size-full wp-image-496\" alt=\"Rehabilitacion Neuro OclusalMenorca\" loading=\"lazy\" srcset=\"https:\/\/sadentista.com\/wp-content\/uploads\/2019\/12\/Rehabilitacion-Neuro-Oclusal-Menorca.jpg 640w, https:\/\/sadentista.com\/wp-content\/uploads\/2019\/12\/Rehabilitacion-Neuro-Oclusal-Menorca-300x199.jpg 300w\" sizes=\"(max-width: 640px) 100vw, 640px\" \/>\t\t\t\t\t\t\t\t\t\t\t\t\t\t<\/div>\n\t\t\t\t\t\t<\/div>\n\t\t\t\t<\/div>\n\t\t\t\t\t\t<\/div>\n\t\t\t\t\t<\/div>\n\t\t<\/div>\n\t\t\t\t<div class=\"elementor-column elementor-col-50 elementor-top-column elementor-element elementor-element-b2fc07f elementor-invisible\" data-id=\"b2fc07f\" data-element_type=\"column\" data-settings=\"{&quot;animation&quot;:&quot;fadeInRight&quot;}\">\n\t\t\t<div class=\"elementor-column-wrap elementor-element-populated\">\n\t\t\t\t\t\t\t<div class=\"elementor-widget-wrap\">\n\t\t\t\t\t\t<div class=\"elementor-element elementor-element-77e7df6 elementor-widget elementor-widget-heading\" data-id=\"77e7df6\" data-element_type=\"widget\" data-widget_type=\"heading.default\">\n\t\t\t\t<div class=\"elementor-widget-container\">\n\t\t\t<h2 class=\"elementor-heading-title elementor-size-default\">Pr\u00f3tesis sobre implantes<\/h2>\t\t<\/div>\n\t\t\t\t<\/div>\n\t\t\t\t<div class=\"elementor-element elementor-element-45c5410 elementor-widget elementor-widget-text-editor\" data-id=\"45c5410\" data-element_type=\"widget\" data-widget_type=\"text-editor.default\">\n\t\t\t\t<div class=\"elementor-widget-container\">\n\t\t\t\t\t\t\t\t<div class=\"elementor-text-editor elementor-clearfix\">\n\t\t\t\t<p>Coronas: son piezas dentales soportadas por un implante.<br \/>Pr\u00f3tesis removibles: son dentaduras que se pueden sacar de la boca, pero est\u00e1n ancladas por implantes, pueden ser parciales o completas.<\/p>\t\t\t\t\t<\/div>\n\t\t\t\t\t\t<\/div>\n\t\t\t\t<\/div>\n\t\t\t\t<div class=\"elementor-element elementor-element-f54feb8 elementor-widget elementor-widget-eael-adv-accordion\" data-id=\"f54feb8\" data-element_type=\"widget\" data-widget_type=\"eael-adv-accordion.default\">\n\t\t\t\t<div class=\"elementor-widget-container\">\n\t\t\t        <div class=\"eael-adv-accordion\" id=\"eael-adv-accordion-f54feb8\" data-accordion-id=\"f54feb8\" data-accordion-type=\"toggle\" data-toogle-speed=\"300\">\n    <div class=\"eael-accordion-list\">\n                <div id=\"ms-informacin\" class=\"elementor-tab-title eael-accordion-header\" tabindex=\"2571\" data-tab=\"1\" role=\"tab\" aria-controls=\"elementor-tab-content-2571\"><span class=\"eael-accordion-tab-title\">M\u00e1s informaci\u00f3n<\/span><i aria-hidden=\"true\" class=\"fa-toggle fas fa-angle-right\"><\/i><\/div><div id=\"elementor-tab-content-2571\" class=\"eael-accordion-content clearfix\" data-tab=\"1\" role=\"tabpanel\" aria-labelledby=\"ms-informacin\"><p><p><strong>Pr\u00f3tesis fijas<\/strong><br \/>Son aquellas que no es preciso sacarse de la boca para limpiarlas. Est\u00e1n fijas, pueden estar soportadas por los dientes o muelas adyacentes o por implantes osteointegrados.<br \/><strong>Pr\u00f3tesis sobre implantes fijas y removibles, unitarias o completas.<\/strong><br \/>Cada caso es distinto, personal y con m\u00faltiples posibilidades.<br \/>En reuniones con los especialistas estudiamos y tratamos las diversas opciones adapt\u00e1ndonos a las caracter\u00edsticas personales de cada paciente.<\/p><\/p><\/div>\n                <\/div><\/div>\t\t<\/div>\n\t\t\t\t<\/div>\n\t\t\t\t\t\t<\/div>\n\t\t\t\t\t<\/div>\n\t\t<\/div>\n\t\t\t\t\t\t\t\t<\/div>\n\t\t\t\t\t<\/div>\n\t\t<\/section>\n\t\t\t\t\t\t\t\t\t<\/div>\n\t\t\t<\/div>\n\t\t\t\t\t<\/div>\n\t\t","protected":false},"excerpt":{"rendered":"<p>PR\u00d3TESIS \u201cAnte el fracaso y la p\u00e9rdida de los dientes naturales lospodemos reponer\u00a0 imitando a la naturaleza\u201d Implantolog\u00eda Cuando faltan piezas, la soluci\u00f3n m\u00e1s fisiol\u00f3gica es reponerlas mediante implantes. Los implantes son las ra\u00edces artificiales sobre las cuales se colocan despu\u00e9s una, varias o incluso todas las piezas ausentes para permitir masticar y sonre\u00edr con &#8230; <a title=\"Pr\u00f3tesis\" class=\"read-more\" href=\"https:\/\/sadentista.com\/es\/protesis-dental-menorca\/\">Leer m\u00e1s<\/a><\/p>\n","protected":false},"author":1,"featured_media":0,"parent":0,"menu_order":0,"comment_status":"closed","ping_status":"closed","template":"elementor_header_footer","meta":{"_mi_skip_tracking":false},"yoast_head":"<!-- This site is optimized with the Yoast SEO plugin v15.9.1 - https:\/\/yoast.com\/wordpress\/plugins\/seo\/ -->\n<title>Pr\u00f3tesis dental y prevenci\u00f3n Menorca | Sa Dentista Mercadal<\/title>\n<meta name=\"description\" content=\"Pide una cita con nosotros y veremos como podemos ayudarte. Nuestro objetivo principal es que tengas una boca sana y que puedas disfrutar de ello.\u00a1Ll\u00e1manos!\" \/>\n<link rel=\"canonical\" href=\"https:\/\/sadentista.com\/es\/protesis-dental-menorca\/\" \/>\n<meta property=\"og:locale\" content=\"es_ES\" \/>\n<meta property=\"og:type\" content=\"article\" \/>\n<meta property=\"og:title\" content=\"Pr\u00f3tesis dental y prevenci\u00f3n Menorca | Sa Dentista Mercadal\" \/>\n<meta property=\"og:description\" content=\"Pide una cita con nosotros y veremos como podemos ayudarte. Nuestro objetivo principal es que tengas una boca sana y que puedas disfrutar de ello.\u00a1Ll\u00e1manos!\" \/>\n<meta property=\"og:url\" content=\"https:\/\/sadentista.com\/es\/protesis-dental-menorca\/\" \/>\n<meta property=\"og:site_name\" content=\"Sa Dentista Mercadal\" \/>\n<meta property=\"article:modified_time\" content=\"2021-03-04T15:39:14+00:00\" \/>\n<meta property=\"og:image\" content=\"https:\/\/sadentista.com\/wp-content\/uploads\/2019\/11\/protesis.png\" \/>\n<meta name=\"twitter:card\" content=\"summary_large_image\" \/>\n<meta name=\"twitter:label1\" content=\"Tiempo de lectura\">\n\t<meta name=\"twitter:data1\" content=\"3 minutos\">\n<script type=\"application\/ld+json\" class=\"yoast-schema-graph\">{\"@context\":\"https:\/\/schema.org\",\"@graph\":[{\"@type\":\"WebSite\",\"@id\":\"https:\/\/sadentista.com\/ca\/#website\",\"url\":\"https:\/\/sadentista.com\/ca\/\",\"name\":\"Sa Dentista Mercadal\",\"description\":\"Odontologia per la salut\",\"potentialAction\":[{\"@type\":\"SearchAction\",\"target\":\"https:\/\/sadentista.com\/ca\/?s={search_term_string}\",\"query-input\":\"required name=search_term_string\"}],\"inLanguage\":\"es\"},{\"@type\":\"ImageObject\",\"@id\":\"https:\/\/sadentista.com\/es\/protesis-dental-menorca\/#primaryimage\",\"inLanguage\":\"es\",\"url\":\"https:\/\/sadentista.com\/wp-content\/uploads\/2019\/11\/protesis.png\",\"width\":90,\"height\":147},{\"@type\":\"WebPage\",\"@id\":\"https:\/\/sadentista.com\/es\/protesis-dental-menorca\/#webpage\",\"url\":\"https:\/\/sadentista.com\/es\/protesis-dental-menorca\/\",\"name\":\"Pr\\u00f3tesis dental y prevenci\\u00f3n Menorca | Sa Dentista Mercadal\",\"isPartOf\":{\"@id\":\"https:\/\/sadentista.com\/ca\/#website\"},\"primaryImageOfPage\":{\"@id\":\"https:\/\/sadentista.com\/es\/protesis-dental-menorca\/#primaryimage\"},\"datePublished\":\"2019-11-12T10:50:06+00:00\",\"dateModified\":\"2021-03-04T15:39:14+00:00\",\"description\":\"Pide una cita con nosotros y veremos como podemos ayudarte. Nuestro objetivo principal es que tengas una boca sana y que puedas disfrutar de ello.\\u00a1Ll\\u00e1manos!\",\"breadcrumb\":{\"@id\":\"https:\/\/sadentista.com\/es\/protesis-dental-menorca\/#breadcrumb\"},\"inLanguage\":\"es\",\"potentialAction\":[{\"@type\":\"ReadAction\",\"target\":[\"https:\/\/sadentista.com\/es\/protesis-dental-menorca\/\"]}]},{\"@type\":\"BreadcrumbList\",\"@id\":\"https:\/\/sadentista.com\/es\/protesis-dental-menorca\/#breadcrumb\",\"itemListElement\":[{\"@type\":\"ListItem\",\"position\":1,\"item\":{\"@type\":\"WebPage\",\"@id\":\"https:\/\/sadentista.com\/es\/\",\"url\":\"https:\/\/sadentista.com\/es\/\",\"name\":\"Portada\"}},{\"@type\":\"ListItem\",\"position\":2,\"item\":{\"@type\":\"WebPage\",\"@id\":\"https:\/\/sadentista.com\/es\/protesis-dental-menorca\/\",\"url\":\"https:\/\/sadentista.com\/es\/protesis-dental-menorca\/\",\"name\":\"Pr\\u00f3tesis\"}}]}]}<\/script>\n<!-- \/ Yoast SEO plugin. -->","_links":{"self":[{"href":"https:\/\/sadentista.com\/es\/wp-json\/wp\/v2\/pages\/413"}],"collection":[{"href":"https:\/\/sadentista.com\/es\/wp-json\/wp\/v2\/pages"}],"about":[{"href":"https:\/\/sadentista.com\/es\/wp-json\/wp\/v2\/types\/page"}],"author":[{"embeddable":true,"href":"https:\/\/sadentista.com\/es\/wp-json\/wp\/v2\/users\/1"}],"replies":[{"embeddable":true,"href":"https:\/\/sadentista.com\/es\/wp-json\/wp\/v2\/comments?post=413"}],"version-history":[{"count":93,"href":"https:\/\/sadentista.com\/es\/wp-json\/wp\/v2\/pages\/413\/revisions"}],"predecessor-version":[{"id":2407,"href":"https:\/\/sadentista.com\/es\/wp-json\/wp\/v2\/pages\/413\/revisions\/2407"}],"wp:attachment":[{"href":"https:\/\/sadentista.com\/es\/wp-json\/wp\/v2\/media?parent=413"}],"curies":[{"name":"wp","href":"https:\/\/api.w.org\/{rel}","templated":true}]}}