{"id":399,"date":"2019-11-12T10:15:38","date_gmt":"2019-11-12T10:15:38","guid":{"rendered":"https:\/\/sadentista.com\/?page_id=399"},"modified":"2021-02-24T18:27:14","modified_gmt":"2021-02-24T18:27:14","slug":"cirugia-dental-menorca","status":"publish","type":"page","link":"https:\/\/sadentista.com\/es\/cirugia-dental-menorca\/","title":{"rendered":"Cirug\u00eda Oral"},"content":{"rendered":"\t\t<div data-elementor-type=\"wp-page\" data-elementor-id=\"399\" class=\"elementor elementor-399\">\n\t\t\t\t\t\t<div class=\"elementor-inner\">\n\t\t\t\t<div class=\"elementor-section-wrap\">\n\t\t\t\t\t\t\t\t\t<section data-particle_enable=\"false\" data-particle-mobile-disabled=\"false\" class=\"elementor-section elementor-top-section elementor-element elementor-element-681e78b3 elementor-section-boxed elementor-section-height-default elementor-section-height-default\" data-id=\"681e78b3\" data-element_type=\"section\" data-settings=\"{&quot;background_background&quot;:&quot;classic&quot;}\">\n\t\t\t\t\t\t\t<div class=\"elementor-background-overlay\"><\/div>\n\t\t\t\t\t\t\t<div class=\"elementor-container elementor-column-gap-default\">\n\t\t\t\t\t\t\t<div class=\"elementor-row\">\n\t\t\t\t\t<div class=\"elementor-column elementor-col-50 elementor-top-column elementor-element elementor-element-26510814 elementor-invisible\" data-id=\"26510814\" data-element_type=\"column\" data-settings=\"{&quot;animation&quot;:&quot;fadeIn&quot;}\">\n\t\t\t<div class=\"elementor-column-wrap elementor-element-populated\">\n\t\t\t\t\t\t\t<div class=\"elementor-widget-wrap\">\n\t\t\t\t\t\t<div class=\"elementor-element elementor-element-64f8a5ad elementor-widget elementor-widget-image\" data-id=\"64f8a5ad\" data-element_type=\"widget\" data-widget_type=\"image.default\">\n\t\t\t\t<div class=\"elementor-widget-container\">\n\t\t\t\t\t\t\t\t<div class=\"elementor-image\">\n\t\t\t\t\t\t\t\t\t\t\t\t<img decoding=\"async\" width=\"147\" height=\"212\" src=\"https:\/\/sadentista.com\/wp-content\/uploads\/2019\/11\/intervencion.png\" class=\"attachment-large size-large wp-image-402\" alt=\"\" loading=\"lazy\" \/>\t\t\t\t\t\t\t\t\t\t\t\t\t\t<\/div>\n\t\t\t\t\t\t<\/div>\n\t\t\t\t<\/div>\n\t\t\t\t\t\t<\/div>\n\t\t\t\t\t<\/div>\n\t\t<\/div>\n\t\t\t\t<div class=\"elementor-column elementor-col-50 elementor-top-column elementor-element elementor-element-4af69fdd elementor-invisible\" data-id=\"4af69fdd\" data-element_type=\"column\" data-settings=\"{&quot;animation&quot;:&quot;fadeIn&quot;}\">\n\t\t\t<div class=\"elementor-column-wrap elementor-element-populated\">\n\t\t\t\t\t\t\t<div class=\"elementor-widget-wrap\">\n\t\t\t\t\t\t<div class=\"elementor-element elementor-element-a90b2da elementor-widget elementor-widget-heading\" data-id=\"a90b2da\" data-element_type=\"widget\" data-widget_type=\"heading.default\">\n\t\t\t\t<div class=\"elementor-widget-container\">\n\t\t\t<h2 class=\"elementor-heading-title elementor-size-default\">INTERVENCI\u00d3N, CIRUG\u00cdA ORAL<\/h2>\t\t<\/div>\n\t\t\t\t<\/div>\n\t\t\t\t<div class=\"elementor-element elementor-element-5bd4a323 elementor-widget elementor-widget-text-editor\" data-id=\"5bd4a323\" data-element_type=\"widget\" data-widget_type=\"text-editor.default\">\n\t\t\t\t<div class=\"elementor-widget-container\">\n\t\t\t\t\t\t\t\t<div class=\"elementor-text-editor elementor-clearfix\">\n\t\t\t\t<p>\u201cSi a pesar de todo fracasa alguna pieza, limpiamos la zona de cualquier vestigio de patolog\u00eda\u201d.<\/p>\t\t\t\t\t<\/div>\n\t\t\t\t\t\t<\/div>\n\t\t\t\t<\/div>\n\t\t\t\t\t\t<\/div>\n\t\t\t\t\t<\/div>\n\t\t<\/div>\n\t\t\t\t\t\t\t\t<\/div>\n\t\t\t\t\t<\/div>\n\t\t<\/section>\n\t\t\t\t<section data-particle_enable=\"false\" data-particle-mobile-disabled=\"false\" class=\"elementor-section elementor-top-section elementor-element elementor-element-60a1f1f3 elementor-reverse-tablet elementor-reverse-mobile elementor-section-boxed elementor-section-height-default elementor-section-height-default\" data-id=\"60a1f1f3\" data-element_type=\"section\">\n\t\t\t\t\t\t<div class=\"elementor-container elementor-column-gap-default\">\n\t\t\t\t\t\t\t<div class=\"elementor-row\">\n\t\t\t\t\t<div class=\"elementor-column elementor-col-50 elementor-top-column elementor-element elementor-element-2a11eec9 elementor-invisible\" data-id=\"2a11eec9\" data-element_type=\"column\" data-settings=\"{&quot;animation&quot;:&quot;fadeInLeft&quot;}\">\n\t\t\t<div class=\"elementor-column-wrap elementor-element-populated\">\n\t\t\t\t\t\t\t<div class=\"elementor-widget-wrap\">\n\t\t\t\t\t\t<div class=\"elementor-element elementor-element-26709673 elementor-widget elementor-widget-heading\" data-id=\"26709673\" data-element_type=\"widget\" data-widget_type=\"heading.default\">\n\t\t\t\t<div class=\"elementor-widget-container\">\n\t\t\t<h2 class=\"elementor-heading-title elementor-size-default\">Exodoncias<\/h2>\t\t<\/div>\n\t\t\t\t<\/div>\n\t\t\t\t<div class=\"elementor-element elementor-element-62bc4b2 elementor-widget elementor-widget-text-editor\" data-id=\"62bc4b2\" data-element_type=\"widget\" data-widget_type=\"text-editor.default\">\n\t\t\t\t<div class=\"elementor-widget-container\">\n\t\t\t\t\t\t\t\t<div class=\"elementor-text-editor elementor-clearfix\">\n\t\t\t\t<p>Es el acto de la extracci\u00f3n de una pieza dental.<\/p><p>Hay dos tipos principales de exodoncias:<\/p><p><strong>Simple o quir\u00fargica.<\/strong> La extracci\u00f3n dental simple se utiliza para quitar los dientes que son f\u00e1cilmente accesibles, mientras que la extracci\u00f3n dental quir\u00fargica requiere\u00a0 una incisi\u00f3n en el tejido conectivo para acceder al diente que se quitar\u00e1. Esto afecta tambi\u00e9n a las extracciones de los dientes incluidos o no erupcionados.<\/p>\t\t\t\t\t<\/div>\n\t\t\t\t\t\t<\/div>\n\t\t\t\t<\/div>\n\t\t\t\t\t\t<\/div>\n\t\t\t\t\t<\/div>\n\t\t<\/div>\n\t\t\t\t<div class=\"elementor-column elementor-col-50 elementor-top-column elementor-element elementor-element-57bbcad4 elementor-invisible\" data-id=\"57bbcad4\" data-element_type=\"column\" data-settings=\"{&quot;animation&quot;:&quot;fadeInRight&quot;}\">\n\t\t\t<div class=\"elementor-column-wrap elementor-element-populated\">\n\t\t\t\t\t\t\t<div class=\"elementor-widget-wrap\">\n\t\t\t\t\t\t<div class=\"elementor-element elementor-element-1429c122 elementor-widget elementor-widget-image\" data-id=\"1429c122\" data-element_type=\"widget\" data-widget_type=\"image.default\">\n\t\t\t\t<div class=\"elementor-widget-container\">\n\t\t\t\t\t\t\t\t<div class=\"elementor-image\">\n\t\t\t\t\t\t\t\t\t\t\t\t<img decoding=\"async\" width=\"640\" height=\"425\" src=\"https:\/\/sadentista.com\/wp-content\/uploads\/2019\/12\/Exodoncias-Menorca.jpg\" class=\"attachment-full size-full wp-image-520\" alt=\"Exodoncias Menorca\" loading=\"lazy\" srcset=\"https:\/\/sadentista.com\/wp-content\/uploads\/2019\/12\/Exodoncias-Menorca.jpg 640w, https:\/\/sadentista.com\/wp-content\/uploads\/2019\/12\/Exodoncias-Menorca-300x199.jpg 300w\" sizes=\"(max-width: 640px) 100vw, 640px\" \/>\t\t\t\t\t\t\t\t\t\t\t\t\t\t<\/div>\n\t\t\t\t\t\t<\/div>\n\t\t\t\t<\/div>\n\t\t\t\t\t\t<\/div>\n\t\t\t\t\t<\/div>\n\t\t<\/div>\n\t\t\t\t\t\t\t\t<\/div>\n\t\t\t\t\t<\/div>\n\t\t<\/section>\n\t\t\t\t<section data-particle_enable=\"false\" data-particle-mobile-disabled=\"false\" class=\"elementor-section elementor-top-section elementor-element elementor-element-2347d204 elementor-section-boxed elementor-section-height-default elementor-section-height-default\" data-id=\"2347d204\" data-element_type=\"section\">\n\t\t\t\t\t\t<div class=\"elementor-container elementor-column-gap-default\">\n\t\t\t\t\t\t\t<div class=\"elementor-row\">\n\t\t\t\t\t<div class=\"elementor-column elementor-col-50 elementor-top-column elementor-element elementor-element-643f98f4 elementor-invisible\" data-id=\"643f98f4\" data-element_type=\"column\" data-settings=\"{&quot;animation&quot;:&quot;fadeInLeft&quot;}\">\n\t\t\t<div class=\"elementor-column-wrap elementor-element-populated\">\n\t\t\t\t\t\t\t<div class=\"elementor-widget-wrap\">\n\t\t\t\t\t\t<div class=\"elementor-element elementor-element-675a5b70 elementor-widget elementor-widget-image\" data-id=\"675a5b70\" data-element_type=\"widget\" data-widget_type=\"image.default\">\n\t\t\t\t<div class=\"elementor-widget-container\">\n\t\t\t\t\t\t\t\t<div class=\"elementor-image\">\n\t\t\t\t\t\t\t\t\t\t\t\t<img decoding=\"async\" width=\"640\" height=\"425\" src=\"https:\/\/sadentista.com\/wp-content\/uploads\/2019\/12\/Cirugia-Menor.jpg\" class=\"attachment-full size-full wp-image-522\" alt=\"Cirugia Menor\" loading=\"lazy\" srcset=\"https:\/\/sadentista.com\/wp-content\/uploads\/2019\/12\/Cirugia-Menor.jpg 640w, https:\/\/sadentista.com\/wp-content\/uploads\/2019\/12\/Cirugia-Menor-300x199.jpg 300w\" sizes=\"(max-width: 640px) 100vw, 640px\" \/>\t\t\t\t\t\t\t\t\t\t\t\t\t\t<\/div>\n\t\t\t\t\t\t<\/div>\n\t\t\t\t<\/div>\n\t\t\t\t\t\t<\/div>\n\t\t\t\t\t<\/div>\n\t\t<\/div>\n\t\t\t\t<div class=\"elementor-column elementor-col-50 elementor-top-column elementor-element elementor-element-4d481dd5 elementor-invisible\" data-id=\"4d481dd5\" data-element_type=\"column\" data-settings=\"{&quot;animation&quot;:&quot;fadeInRight&quot;}\">\n\t\t\t<div class=\"elementor-column-wrap elementor-element-populated\">\n\t\t\t\t\t\t\t<div class=\"elementor-widget-wrap\">\n\t\t\t\t\t\t<div class=\"elementor-element elementor-element-5fbd7c2e elementor-widget elementor-widget-heading\" data-id=\"5fbd7c2e\" data-element_type=\"widget\" data-widget_type=\"heading.default\">\n\t\t\t\t<div class=\"elementor-widget-container\">\n\t\t\t<h2 class=\"elementor-heading-title elementor-size-default\">Cirug\u00eda oral menor<\/h2>\t\t<\/div>\n\t\t\t\t<\/div>\n\t\t\t\t<div class=\"elementor-element elementor-element-7e307b43 elementor-widget elementor-widget-text-editor\" data-id=\"7e307b43\" data-element_type=\"widget\" data-widget_type=\"text-editor.default\">\n\t\t\t\t<div class=\"elementor-widget-container\">\n\t\t\t\t\t\t\t\t<div class=\"elementor-text-editor elementor-clearfix\">\n\t\t\t\t<p>Son tratamientos simples pero que requieren bistur\u00ed y suturas.<\/p><p>Entre ellos, la frenectom\u00eda, es el tratamiento que busca la eliminaci\u00f3n total o parcial del frenillo labial para evitar las consecuencias que genera, ya que puede alterar el habla, la limpieza y la est\u00e9tica.<\/p>\t\t\t\t\t<\/div>\n\t\t\t\t\t\t<\/div>\n\t\t\t\t<\/div>\n\t\t\t\t<div class=\"elementor-element elementor-element-3326fedb elementor-widget elementor-widget-eael-adv-accordion\" data-id=\"3326fedb\" data-element_type=\"widget\" data-widget_type=\"eael-adv-accordion.default\">\n\t\t\t\t<div class=\"elementor-widget-container\">\n\t\t\t        <div class=\"eael-adv-accordion\" id=\"eael-adv-accordion-3326fedb\" data-accordion-id=\"3326fedb\" data-accordion-type=\"toggle\" data-toogle-speed=\"300\">\n    <div class=\"eael-accordion-list\">\n                <div id=\"ms-informacin\" class=\"elementor-tab-title eael-accordion-header\" tabindex=\"8581\" data-tab=\"1\" role=\"tab\" aria-controls=\"elementor-tab-content-8581\"><span class=\"eael-accordion-tab-title\">M\u00e1s informaci\u00f3n<\/span><i aria-hidden=\"true\" class=\"fa-toggle fas fa-angle-right\"><\/i><\/div><div id=\"elementor-tab-content-8581\" class=\"eael-accordion-content clearfix\" data-tab=\"1\" role=\"tabpanel\" aria-labelledby=\"ms-informacin\"><p><p>La <strong>frenectom\u00eda<\/strong> se puede hacer tanto en los frenillos labiales superiores, como en los inferiores y en los linguales.<\/p><p><strong>Eliminaci\u00f3n de quistes y apicectomias<\/strong>: consiste en extracci\u00f3n quir\u00fargica completa de un peque\u00f1o quiste con sellado posterior de la herida. Tras cortar la mucosa se elimina completamente el saco qu\u00edstico.<\/p><p>Dicha operaci\u00f3n puede combinarse asimismo con una resecci\u00f3n de la punta de la ra\u00edz. A continuaci\u00f3n, se procede al sellado de la mucosa por encima del defecto \u00f3seo. De quedar restos del quiste pueden formarse nuevos quistes.<\/p><\/p><\/div>\n                <\/div><\/div>\t\t<\/div>\n\t\t\t\t<\/div>\n\t\t\t\t\t\t<\/div>\n\t\t\t\t\t<\/div>\n\t\t<\/div>\n\t\t\t\t\t\t\t\t<\/div>\n\t\t\t\t\t<\/div>\n\t\t<\/section>\n\t\t\t\t<section data-particle_enable=\"false\" data-particle-mobile-disabled=\"false\" class=\"elementor-section elementor-top-section elementor-element elementor-element-74c2e2f6 elementor-reverse-tablet elementor-reverse-mobile elementor-section-boxed elementor-section-height-default elementor-section-height-default\" data-id=\"74c2e2f6\" data-element_type=\"section\">\n\t\t\t\t\t\t<div class=\"elementor-container elementor-column-gap-default\">\n\t\t\t\t\t\t\t<div class=\"elementor-row\">\n\t\t\t\t\t<div class=\"elementor-column elementor-col-50 elementor-top-column elementor-element elementor-element-6b317827 elementor-invisible\" data-id=\"6b317827\" data-element_type=\"column\" data-settings=\"{&quot;animation&quot;:&quot;fadeInLeft&quot;}\">\n\t\t\t<div class=\"elementor-column-wrap elementor-element-populated\">\n\t\t\t\t\t\t\t<div class=\"elementor-widget-wrap\">\n\t\t\t\t\t\t<div class=\"elementor-element elementor-element-19dd34a elementor-widget elementor-widget-heading\" data-id=\"19dd34a\" data-element_type=\"widget\" data-widget_type=\"heading.default\">\n\t\t\t\t<div class=\"elementor-widget-container\">\n\t\t\t<h2 class=\"elementor-heading-title elementor-size-default\">Preparaci\u00f3n quir\u00fargica para implantes <\/h2>\t\t<\/div>\n\t\t\t\t<\/div>\n\t\t\t\t<div class=\"elementor-element elementor-element-6638dec9 elementor-widget elementor-widget-text-editor\" data-id=\"6638dec9\" data-element_type=\"widget\" data-widget_type=\"text-editor.default\">\n\t\t\t\t<div class=\"elementor-widget-container\">\n\t\t\t\t\t\t\t\t<div class=\"elementor-text-editor elementor-clearfix\">\n\t\t\t\t<p><span style=\"font-weight: 400;\">Reposici\u00f3n del hueso, para que pueda albergar un implante.<\/span><\/p><p><span style=\"font-weight: 400;\">Muchas veces, antes de la colocaci\u00f3n de implantes, hace falta preparar el hueso d\u00f3nde se insertar\u00e1 el implante, por ejemplo: injerto de hueso, colocaci\u00f3n de membranas, elevaci\u00f3n de seno maxilar y muchas m\u00e1s t\u00e9cnicas que realiza el especialista con la \u00faltima tecnolog\u00eda y avances en este campo.<\/span><\/p>\t\t\t\t\t<\/div>\n\t\t\t\t\t\t<\/div>\n\t\t\t\t<\/div>\n\t\t\t\t\t\t<\/div>\n\t\t\t\t\t<\/div>\n\t\t<\/div>\n\t\t\t\t<div class=\"elementor-column elementor-col-50 elementor-top-column elementor-element elementor-element-5fa6d179 elementor-invisible\" data-id=\"5fa6d179\" data-element_type=\"column\" data-settings=\"{&quot;animation&quot;:&quot;fadeInRight&quot;}\">\n\t\t\t<div class=\"elementor-column-wrap elementor-element-populated\">\n\t\t\t\t\t\t\t<div class=\"elementor-widget-wrap\">\n\t\t\t\t\t\t<div class=\"elementor-element elementor-element-143bdf78 elementor-widget elementor-widget-image\" data-id=\"143bdf78\" data-element_type=\"widget\" data-widget_type=\"image.default\">\n\t\t\t\t<div class=\"elementor-widget-container\">\n\t\t\t\t\t\t\t\t<div class=\"elementor-image\">\n\t\t\t\t\t\t\t\t\t\t\t\t<img decoding=\"async\" width=\"640\" height=\"425\" src=\"https:\/\/sadentista.com\/wp-content\/uploads\/2019\/12\/Preparacion-quirurgica-implantes.jpg\" class=\"attachment-full size-full wp-image-525\" alt=\"Preparacion quirurgica implantes\" loading=\"lazy\" srcset=\"https:\/\/sadentista.com\/wp-content\/uploads\/2019\/12\/Preparacion-quirurgica-implantes.jpg 640w, https:\/\/sadentista.com\/wp-content\/uploads\/2019\/12\/Preparacion-quirurgica-implantes-300x199.jpg 300w\" sizes=\"(max-width: 640px) 100vw, 640px\" \/>\t\t\t\t\t\t\t\t\t\t\t\t\t\t<\/div>\n\t\t\t\t\t\t<\/div>\n\t\t\t\t<\/div>\n\t\t\t\t\t\t<\/div>\n\t\t\t\t\t<\/div>\n\t\t<\/div>\n\t\t\t\t\t\t\t\t<\/div>\n\t\t\t\t\t<\/div>\n\t\t<\/section>\n\t\t\t\t<section data-particle_enable=\"false\" data-particle-mobile-disabled=\"false\" class=\"elementor-section elementor-top-section elementor-element elementor-element-9f79d9a elementor-section-boxed elementor-section-height-default elementor-section-height-default\" data-id=\"9f79d9a\" data-element_type=\"section\">\n\t\t\t\t\t\t<div class=\"elementor-container elementor-column-gap-default\">\n\t\t\t\t\t\t\t<div class=\"elementor-row\">\n\t\t\t\t\t<div class=\"elementor-column elementor-col-50 elementor-top-column elementor-element elementor-element-3fbaf69 elementor-invisible\" data-id=\"3fbaf69\" data-element_type=\"column\" data-settings=\"{&quot;animation&quot;:&quot;fadeInLeft&quot;}\">\n\t\t\t<div class=\"elementor-column-wrap elementor-element-populated\">\n\t\t\t\t\t\t\t<div class=\"elementor-widget-wrap\">\n\t\t\t\t\t\t<div class=\"elementor-element elementor-element-9050a26 elementor-widget elementor-widget-image\" data-id=\"9050a26\" data-element_type=\"widget\" data-widget_type=\"image.default\">\n\t\t\t\t<div class=\"elementor-widget-container\">\n\t\t\t\t\t\t\t\t<div class=\"elementor-image\">\n\t\t\t\t\t\t\t\t\t\t\t\t<img decoding=\"async\" width=\"640\" height=\"425\" src=\"https:\/\/sadentista.com\/wp-content\/uploads\/2019\/12\/Encias-Menorca.jpg\" class=\"attachment-full size-full wp-image-528\" alt=\"Encias Menorca\" loading=\"lazy\" srcset=\"https:\/\/sadentista.com\/wp-content\/uploads\/2019\/12\/Encias-Menorca.jpg 640w, https:\/\/sadentista.com\/wp-content\/uploads\/2019\/12\/Encias-Menorca-300x199.jpg 300w\" sizes=\"(max-width: 640px) 100vw, 640px\" \/>\t\t\t\t\t\t\t\t\t\t\t\t\t\t<\/div>\n\t\t\t\t\t\t<\/div>\n\t\t\t\t<\/div>\n\t\t\t\t\t\t<\/div>\n\t\t\t\t\t<\/div>\n\t\t<\/div>\n\t\t\t\t<div class=\"elementor-column elementor-col-50 elementor-top-column elementor-element elementor-element-d2c58cf elementor-invisible\" data-id=\"d2c58cf\" data-element_type=\"column\" data-settings=\"{&quot;animation&quot;:&quot;fadeInRight&quot;}\">\n\t\t\t<div class=\"elementor-column-wrap elementor-element-populated\">\n\t\t\t\t\t\t\t<div class=\"elementor-widget-wrap\">\n\t\t\t\t\t\t<div class=\"elementor-element elementor-element-a6ea15c elementor-widget elementor-widget-heading\" data-id=\"a6ea15c\" data-element_type=\"widget\" data-widget_type=\"heading.default\">\n\t\t\t\t<div class=\"elementor-widget-container\">\n\t\t\t<h2 class=\"elementor-heading-title elementor-size-default\">Periodoncia<\/h2>\t\t<\/div>\n\t\t\t\t<\/div>\n\t\t\t\t<div class=\"elementor-element elementor-element-cd40f77 elementor-widget elementor-widget-text-editor\" data-id=\"cd40f77\" data-element_type=\"widget\" data-widget_type=\"text-editor.default\">\n\t\t\t\t<div class=\"elementor-widget-container\">\n\t\t\t\t\t\t\t\t<div class=\"elementor-text-editor elementor-clearfix\">\n\t\t\t\t<p>Es la rama de la odontolog\u00eda que trata las enfermedades de la enc\u00eda.<\/p><p>En condiciones de salud, la enc\u00eda se adapta a los dientes y los contornea, es de color rosa coral, tiene una textura similar a la piel de la naranja y no sangra. Las bacterias son los principales responsables de las enfermedades periodontales.<\/p>\t\t\t\t\t<\/div>\n\t\t\t\t\t\t<\/div>\n\t\t\t\t<\/div>\n\t\t\t\t<div class=\"elementor-element elementor-element-183910e elementor-widget elementor-widget-eael-adv-accordion\" data-id=\"183910e\" data-element_type=\"widget\" data-widget_type=\"eael-adv-accordion.default\">\n\t\t\t\t<div class=\"elementor-widget-container\">\n\t\t\t        <div class=\"eael-adv-accordion\" id=\"eael-adv-accordion-183910e\" data-accordion-id=\"183910e\" data-accordion-type=\"toggle\" data-toogle-speed=\"300\">\n    <div class=\"eael-accordion-list\">\n                <div id=\"ms-informacin\" class=\"elementor-tab-title eael-accordion-header\" tabindex=\"2531\" data-tab=\"1\" role=\"tab\" aria-controls=\"elementor-tab-content-2531\"><span class=\"eael-accordion-tab-title\">M\u00e1s informaci\u00f3n<\/span><i aria-hidden=\"true\" class=\"fa-toggle fas fa-angle-right\"><\/i><\/div><div id=\"elementor-tab-content-2531\" class=\"eael-accordion-content clearfix\" data-tab=\"1\" role=\"tabpanel\" aria-labelledby=\"ms-informacin\"><p><p>Las patolog\u00edas m\u00e1s frecuentes son:<\/p><p>-<strong>Gingivitis:<\/strong> se caracteriza por el sangrado de la enc\u00eda.<\/p><p><strong>-Periodontitis:<\/strong> La afectaci\u00f3n es mas grave, produci\u00e9ndose la destrucci\u00f3n y p\u00e9rdida de los tejidos que soportan los dientes, como el ligamento periodontal, el hueso alveolar y la enc\u00eda.<\/p><p>Ninguna de las dos suelen causar dolor ni otras molestias hasta que no est\u00e1n en un estado muy avanzado. Los principales s\u00edntomas que pueden indicar la necesidad de tratamiento periodontal son: el sangrado de las enc\u00edas, movilidad de los dientes, espacios vac\u00edos entre los dientes, visualizaci\u00f3n de las ra\u00edces de los dientes, mal sabor de boca, sensibilidad con el fr\u00edo, etc.<\/p><p>La herramienta m\u00e1s eficaz para prevenir estas enfermedades es el diagn\u00f3stico precoz. Se recomienda hacerse revisiones bucodentales un par de veces al a\u00f1o y en caso de presentar alguno de los s\u00edntomas mencionados visitar al periodoncista.<\/p><p>Higiene y educaci\u00f3n bucodental.<\/p><p>No solo hay que cuidar las piezas dentales; tambi\u00e9n hay que tener en cuenta todos los tejidos de soporte, desde el hueso hasta las enc\u00edas y los ligamentos.<\/p><p>Tratamiento periodontal quir\u00fargico:<br \/>Cirug\u00eda periodontal, cirug\u00eda mucogingival, gingivectom\u00eda, alargamiento de coronas, injertos de enc\u00edas, etc.<\/p><\/p><\/div>\n                <\/div><\/div>\t\t<\/div>\n\t\t\t\t<\/div>\n\t\t\t\t\t\t<\/div>\n\t\t\t\t\t<\/div>\n\t\t<\/div>\n\t\t\t\t\t\t\t\t<\/div>\n\t\t\t\t\t<\/div>\n\t\t<\/section>\n\t\t\t\t\t\t\t\t\t<\/div>\n\t\t\t<\/div>\n\t\t\t\t\t<\/div>\n\t\t","protected":false},"excerpt":{"rendered":"<p>INTERVENCI\u00d3N, CIRUG\u00cdA ORAL \u201cSi a pesar de todo fracasa alguna pieza, limpiamos la zona de cualquier vestigio de patolog\u00eda\u201d. Exodoncias Es el acto de la extracci\u00f3n de una pieza dental. Hay dos tipos principales de exodoncias: Simple o quir\u00fargica. La extracci\u00f3n dental simple se utiliza para quitar los dientes que son f\u00e1cilmente accesibles, mientras que &#8230; <a title=\"Cirug\u00eda Oral\" class=\"read-more\" href=\"https:\/\/sadentista.com\/es\/cirugia-dental-menorca\/\">Leer m\u00e1s<\/a><\/p>\n","protected":false},"author":1,"featured_media":0,"parent":0,"menu_order":0,"comment_status":"closed","ping_status":"closed","template":"elementor_header_footer","meta":{"_mi_skip_tracking":false},"yoast_head":"<!-- This site is optimized with the Yoast SEO plugin v15.9.1 - https:\/\/yoast.com\/wordpress\/plugins\/seo\/ -->\n<title>Sa Dentista Mercadal | Cirug\u00eda Dental y prevenci\u00f3n Menorca |<\/title>\n<link rel=\"canonical\" href=\"https:\/\/sadentista.com\/es\/cirugia-dental-menorca\/\" \/>\n<meta property=\"og:locale\" content=\"es_ES\" \/>\n<meta property=\"og:type\" content=\"article\" \/>\n<meta property=\"og:title\" content=\"Sa Dentista Mercadal | Cirug\u00eda Dental y prevenci\u00f3n Menorca |\" \/>\n<meta property=\"og:description\" content=\"INTERVENCI\u00d3N, CIRUG\u00cdA ORAL \u201cSi a pesar de todo fracasa alguna pieza, limpiamos la zona de cualquier vestigio de patolog\u00eda\u201d. Exodoncias Es el acto de la extracci\u00f3n de una pieza dental. Hay dos tipos principales de exodoncias: Simple o quir\u00fargica. La extracci\u00f3n dental simple se utiliza para quitar los dientes que son f\u00e1cilmente accesibles, mientras que ... Leer m\u00e1s\" \/>\n<meta property=\"og:url\" content=\"https:\/\/sadentista.com\/es\/cirugia-dental-menorca\/\" \/>\n<meta property=\"og:site_name\" content=\"Sa Dentista Mercadal\" \/>\n<meta property=\"article:modified_time\" content=\"2021-02-24T18:27:14+00:00\" \/>\n<meta property=\"og:image\" content=\"https:\/\/sadentista.com\/wp-content\/uploads\/2019\/11\/intervencion.png\" \/>\n<meta name=\"twitter:card\" content=\"summary_large_image\" \/>\n<meta name=\"twitter:label1\" content=\"Tiempo de lectura\">\n\t<meta name=\"twitter:data1\" content=\"4 minutos\">\n<script type=\"application\/ld+json\" class=\"yoast-schema-graph\">{\"@context\":\"https:\/\/schema.org\",\"@graph\":[{\"@type\":\"WebSite\",\"@id\":\"https:\/\/sadentista.com\/ca\/#website\",\"url\":\"https:\/\/sadentista.com\/ca\/\",\"name\":\"Sa Dentista Mercadal\",\"description\":\"Odontologia per la salut\",\"potentialAction\":[{\"@type\":\"SearchAction\",\"target\":\"https:\/\/sadentista.com\/ca\/?s={search_term_string}\",\"query-input\":\"required name=search_term_string\"}],\"inLanguage\":\"es\"},{\"@type\":\"ImageObject\",\"@id\":\"https:\/\/sadentista.com\/es\/cirugia-dental-menorca\/#primaryimage\",\"inLanguage\":\"es\",\"url\":\"https:\/\/sadentista.com\/wp-content\/uploads\/2019\/11\/intervencion.png\",\"width\":147,\"height\":212},{\"@type\":\"WebPage\",\"@id\":\"https:\/\/sadentista.com\/es\/cirugia-dental-menorca\/#webpage\",\"url\":\"https:\/\/sadentista.com\/es\/cirugia-dental-menorca\/\",\"name\":\"Sa Dentista Mercadal | Cirug\\u00eda Dental y prevenci\\u00f3n Menorca |\",\"isPartOf\":{\"@id\":\"https:\/\/sadentista.com\/ca\/#website\"},\"primaryImageOfPage\":{\"@id\":\"https:\/\/sadentista.com\/es\/cirugia-dental-menorca\/#primaryimage\"},\"datePublished\":\"2019-11-12T10:15:38+00:00\",\"dateModified\":\"2021-02-24T18:27:14+00:00\",\"breadcrumb\":{\"@id\":\"https:\/\/sadentista.com\/es\/cirugia-dental-menorca\/#breadcrumb\"},\"inLanguage\":\"es\",\"potentialAction\":[{\"@type\":\"ReadAction\",\"target\":[\"https:\/\/sadentista.com\/es\/cirugia-dental-menorca\/\"]}]},{\"@type\":\"BreadcrumbList\",\"@id\":\"https:\/\/sadentista.com\/es\/cirugia-dental-menorca\/#breadcrumb\",\"itemListElement\":[{\"@type\":\"ListItem\",\"position\":1,\"item\":{\"@type\":\"WebPage\",\"@id\":\"https:\/\/sadentista.com\/es\/\",\"url\":\"https:\/\/sadentista.com\/es\/\",\"name\":\"Portada\"}},{\"@type\":\"ListItem\",\"position\":2,\"item\":{\"@type\":\"WebPage\",\"@id\":\"https:\/\/sadentista.com\/es\/cirugia-dental-menorca\/\",\"url\":\"https:\/\/sadentista.com\/es\/cirugia-dental-menorca\/\",\"name\":\"Cirug\\u00eda Oral\"}}]}]}<\/script>\n<!-- \/ Yoast SEO plugin. -->","_links":{"self":[{"href":"https:\/\/sadentista.com\/es\/wp-json\/wp\/v2\/pages\/399"}],"collection":[{"href":"https:\/\/sadentista.com\/es\/wp-json\/wp\/v2\/pages"}],"about":[{"href":"https:\/\/sadentista.com\/es\/wp-json\/wp\/v2\/types\/page"}],"author":[{"embeddable":true,"href":"https:\/\/sadentista.com\/es\/wp-json\/wp\/v2\/users\/1"}],"replies":[{"embeddable":true,"href":"https:\/\/sadentista.com\/es\/wp-json\/wp\/v2\/comments?post=399"}],"version-history":[{"count":42,"href":"https:\/\/sadentista.com\/es\/wp-json\/wp\/v2\/pages\/399\/revisions"}],"predecessor-version":[{"id":2200,"href":"https:\/\/sadentista.com\/es\/wp-json\/wp\/v2\/pages\/399\/revisions\/2200"}],"wp:attachment":[{"href":"https:\/\/sadentista.com\/es\/wp-json\/wp\/v2\/media?parent=399"}],"curies":[{"name":"wp","href":"https:\/\/api.w.org\/{rel}","templated":true}]}}