{"id":3,"date":"2019-09-13T11:45:30","date_gmt":"2019-09-13T11:45:30","guid":{"rendered":"https:\/\/sadentista.com\/?page_id=3"},"modified":"2021-02-22T15:55:59","modified_gmt":"2021-02-22T15:55:59","slug":"politica-privacidad","status":"publish","type":"page","link":"https:\/\/sadentista.com\/es\/politica-privacidad\/","title":{"rendered":"Aviso legal y pol\u00edtica de privacidad"},"content":{"rendered":"\t\t<div data-elementor-type=\"wp-page\" data-elementor-id=\"3\" class=\"elementor elementor-3\">\n\t\t\t\t\t\t<div class=\"elementor-inner\">\n\t\t\t\t<div class=\"elementor-section-wrap\">\n\t\t\t\t\t\t\t\t\t<section data-particle_enable=\"false\" data-particle-mobile-disabled=\"false\" class=\"elementor-section elementor-top-section elementor-element elementor-element-59ff9194 elementor-section-boxed elementor-section-height-default elementor-section-height-default\" data-id=\"59ff9194\" data-element_type=\"section\">\n\t\t\t\t\t\t<div class=\"elementor-container elementor-column-gap-default\">\n\t\t\t\t\t\t\t<div class=\"elementor-row\">\n\t\t\t\t\t<div class=\"elementor-column elementor-col-100 elementor-top-column elementor-element elementor-element-248f11cf\" data-id=\"248f11cf\" data-element_type=\"column\">\n\t\t\t<div class=\"elementor-column-wrap elementor-element-populated\">\n\t\t\t\t\t\t\t<div class=\"elementor-widget-wrap\">\n\t\t\t\t\t\t<div class=\"elementor-element elementor-element-43b786d3 elementor-widget elementor-widget-text-editor\" data-id=\"43b786d3\" data-element_type=\"widget\" data-widget_type=\"text-editor.default\">\n\t\t\t\t<div class=\"elementor-widget-container\">\n\t\t\t\t\t\t\t\t<div class=\"elementor-text-editor elementor-clearfix\">\n\t\t\t\t<p>AVISO LEGAL<\/p><p>1. DATOS IDENTIFICATIVOS:<br \/>En cumplimiento con el deber de informaci\u00f3n recogido en art\u00edculo 10 de la Ley 34\/2002, de 11 de julio,<br \/>de Servicios de la Sociedad de la Informaci\u00f3n y del Comercio Electr\u00f3nico (LSSICE), Odontolog\u00eda per la Salut S.L, le informa de lo siguiente:<\/p><p>Denominaci\u00f3n social: Odontolog\u00eda per la Salut S.L<br \/>CIF: B07598808<br \/>Domicilio social:C\/Dr Llanso n 2 07740 Es Mercadal<br \/>Inscrita en el Registro Mercantil de Menorca, Tomo 2, folio 179, secci\u00f3n 8a, Hoja IM-71, inscirpci\u00f3n 3a.<br \/>Tel\u00e9fono: 971375238<br \/>Email:info@sadentista.com,Contacto Delegado: delegadopd@stericycle.com<\/p><p>Autorizaci\u00f3n administrativa: (autorizaci\u00f3n sanitaria\/industria\u2026.) Actividad grupo 1 , 943 Consultas cl\u00ednicas estomat\u00f3logas y odontol\u00f3gicas<\/p><p><style type=\"text\/css\">\np.p1 {margin: 0.0px 0.0px 0.0px 0.0px; font: 12.0px 'Helvetica Neue'}<br \/>p.p2 {margin: 0.0px 0.0px 0.0px 0.0px; font: 12.0px 'Helvetica Neue'; color: #dca10d}<br \/>span.s1 {text-decoration: underline}<br \/><\/style><\/p><p>Doctores colegiados: (nombre, apellidos y n\u00ba de colegiado). : Eugenio Artemov Cenitagoya 07001212<\/p><p>2. USO DEL PORTAL:<\/p><p>El sitio web y sus servicios son de acceso libre y gratuito, no obstante para poder cumplir con las<br \/>finalidades de algunos de los servicios ofrecidos por el Odontolog\u00eda per la Salut S.L\u00a0el usuario debe<br \/>cumplimentar previamente el correspondiente formulario. Por tanto, si no se facilitan los datos necesarios<br \/>o no lo hace correctamente no podr\u00e1n atenderse las solicitudes, sin perjuicio de que podr\u00e1 visualizar<br \/>libremente el contenido de la web.<\/p><p>3. USUARIOS:<\/p><p>El acceso y\/o uso de este portal atribuye la condici\u00f3n de USUARIO, que acepta, desde dicho acceso y\/o<br \/>uso, las Condiciones Generales de Uso aqu\u00ed reflejadas. Las citadas Condiciones ser\u00e1n de aplicaci\u00f3n<br \/>independientemente de las Condiciones Generales de Contrataci\u00f3n que en su caso resulten de obligado<br \/>cumplimiento. El Usuario:<\/p><p>\uf0b7 Garantiza que ha informado a los terceros de los que facilite sus datos, en caso de hacerlo, de los<br \/>aspectos contenidos en este documento. Asimismo, garantiza que ha obtenido su autorizaci\u00f3n<br \/>para facilitar sus datos a Odontolog\u00eda per la Salut S.L\u00a0para los fines se\u00f1alados.<br \/>\uf0b7 Ser\u00e1 responsable de las informaciones falsas o inexactas que proporcione a trav\u00e9s del Sitio Web y<br \/>de los da\u00f1os y perjuicios, directos o indirectos, que ello cause a Odontolog\u00eda per la Salut S.L\u00a0o a<br \/>terceros.<\/p><p>4. PROPIEDAD INTELECTUAL E INDUSTRIAL:<\/p><p>Odontolog\u00eda per la Salut S.L\u00a0por s\u00ed o como cesionaria, es titular de todos los derechos de propiedad<br \/>intelectual e industrial de su p\u00e1gina web, as\u00ed como de los elementos contenidos en la misma (a t\u00edtulo<br \/>enunciativo, im\u00e1genes, sonido, audio, v\u00eddeo, software o textos; marcas o logotipos, combinaciones de<br \/>colores, estructura y dise\u00f1o, selecci\u00f3n de materiales usados, programas de ordenador necesarios para su<br \/>funcionamiento, acceso y uso, etc.), titularidad del Odontolog\u00eda per la Salut S.L\u00a0o bien de sus licenciantes.<\/p><p>Todos los derechos reservados. En virtud de lo dispuesto en los art\u00edculos 8 y 32.1, p\u00e1rrafo segundo, de la<br \/>Ley de Propiedad Intelectual, quedan expresamente prohibidas la reproducci\u00f3n, la distribuci\u00f3n y la<br \/>comunicaci\u00f3n p\u00fablica, incluida su modalidad de puesta a disposici\u00f3n, de la totalidad o parte de los<br \/>contenidos de esta p\u00e1gina web, con fines comerciales, en cualquier soporte y por cualquier medio<br \/>t\u00e9cnico, sin la autorizaci\u00f3n de Odontolog\u00eda per la Salut S.L. El USUARIO se compromete a respetar los<\/p><p>derechos de Propiedad Intelectual e Industrial titularidad del Odontolog\u00eda per la Salut S.L. Podr\u00e1 visualizar<br \/>los elementos del portal e incluso imprimirlos, copiarlos y almacenarlos en el disco duro de su ordenador<br \/>o en cualquier otro soporte f\u00edsico siempre y cuando sea, \u00fanica y exclusivamente, para su uso personal y<br \/>privado. El USUARIO deber\u00e1 abstenerse de suprimir, alterar, eludir o manipular cualquier dispositivo de<br \/>protecci\u00f3n o sistema de seguridad que estuviera instalado en el las p\u00e1ginas del Odontolog\u00eda per la Salut S.L<\/p><p>5. EXCLUSI\u00d3N DE GARANT\u00cdAS Y RESPONSABILIDAD:<\/p><p>Odontolog\u00eda per la Salut S.L no se hace responsable, en ning\u00fan caso, de los da\u00f1os y perjuicios de<br \/>cualquier naturaleza que pudieran ocasionar, a t\u00edtulo enunciativo: errores u omisiones en los contenidos,<br \/>falta de disponibilidad del portal o la transmisi\u00f3n de virus o programas maliciosos o lesivos en los<br \/>contenidos, a pesar de haber adoptado todas las medidas tecnol\u00f3gicas necesarias para evitarlo.<\/p><p>6. MODIFICACIONES:<\/p><p>Odontolog\u00eda per la Salut S.L\u00a0se reserva el derecho de efectuar sin previo aviso las modificaciones que<br \/>considere oportunas en su portal, pudiendo cambiar, suprimir o a\u00f1adir tanto los contenidos y servicios<br \/>que se presten a trav\u00e9s de la misma como la forma en la que \u00e9stos aparezcan presentados o localizados<br \/>en su portal.<\/p><p>7. ENLACES:<\/p><p>En el caso de que en el portal se dispusiesen enlaces o hiperv\u00ednculos hac\u00eda otros sitios de Internet, el<br \/>Odontolog\u00eda per la Salut S.L\u00a0no ejercer\u00e1 ning\u00fan tipo de control sobre dichos sitios y contenidos. En ning\u00fan<br \/>caso el Odontolog\u00eda per la Salut S.L\u00a0asumir\u00e1 responsabilidad alguna por los contenidos de alg\u00fan enlace<br \/>perteneciente a un sitio web ajeno, ni garantizar\u00e1 la disponibilidad t\u00e9cnica, calidad, fiabilidad, exactitud,<br \/>amplitud, veracidad, validez y constitucionalidad de cualquier material o informaci\u00f3n contenida en<br \/>ninguno de dichos hiperv\u00ednculos u otros sitios de Internet. Igualmente la inclusi\u00f3n de estas conexiones<br \/>externas no implicar\u00e1 ning\u00fan tipo de asociaci\u00f3n, fusi\u00f3n o participaci\u00f3n con las entidades conectadas.<\/p><p>8. DERECHO DE EXCLUSI\u00d3N:<\/p><p>Odontolog\u00eda per la Salut S.L\u00a0se reserva el derecho a denegar o retirar el acceso a portal y\/o los servicios<br \/>ofrecidos sin necesidad de preaviso, a instancia propia o de un tercero, a aquellos usuarios que<br \/>incumplan las presentes Condiciones Generales de Uso.<\/p><p>9. GENERALIDADES:<\/p><p>Odontolog\u00eda per la Salut S.L\u00a0perseguir\u00e1 el incumplimiento de las presentes condiciones as\u00ed como<br \/>cualquier utilizaci\u00f3n indebida de su portal ejerciendo todas las acciones civiles y penales que le puedan<br \/>corresponder en derecho.<\/p><p>10. MODIFICACI\u00d3N DE LAS PRESENTES CONDICIONES Y DURACI\u00d3N:<\/p><p>Odontolog\u00eda per la Salut S.L\u00a0podr\u00e1 modificar en cualquier momento las condiciones aqu\u00ed determinadas,<br \/>siendo debidamente publicadas como aqu\u00ed aparecen. La vigencia de las citadas condiciones ir\u00e1 en funci\u00f3n<br \/>de su exposici\u00f3n y estar\u00e1n vigentes hasta que sean modificadas por otras debidamente publicadas.<\/p><p>POLITICA DE PRIVACIDAD<\/p><p>En cumplimiento de lo dispuesto en el Reglamento (UE) 2016\/679 del Parlamento Europeo y del Consejo<br \/>de 27 de abril de 2016 relativo a la protecci\u00f3n de las personas f\u00edsicas en lo que respecta a tratamiento de<br \/>datos personales y a la libre circulaci\u00f3n de \u00e9stos datos, as\u00ed como en el resto de normativa vigente en<br \/>materia de protecci\u00f3n de datos, Odontolog\u00eda per la Salut S.L\u00a0le informa de lo siguiente:<\/p><p>\u00bfQui\u00e9n es el responsable del tratamiento de sus datos?<\/p><p>El responsable del tratamiento es Odontolog\u00eda per la Salut S.L\u00a0cuyos datos identificativos se encuentran<br \/>en el punto 1 del AVISO LEGAL.<\/p><p>\u00bfCon que finalidad tratamos sus datos personales?<\/p><p>Odontolog\u00eda per la Salut S.L\u00a0tratar\u00e1 la informaci\u00f3n que facilite el usuario a trav\u00e9s del Sitio Web con el fin<br \/>de gestionar la prestaci\u00f3n de los servicios solicitados y la gesti\u00f3n administrativa derivada de los mismos.<br \/>\u00bfDurante cu\u00e1nto tiempo se conservar\u00e1n sus datos?<br \/>Los datos personales se conservar\u00e1n mientras el usuario no solicite la supresi\u00f3n de los mismos y, en todo<br \/>caso, durante los a\u00f1os necesarios para cumplir las obligaciones legales que establezca la normativa<br \/>vigente, o para hacer frente a las posibles responsabilidades que pudiesen surgir.<\/p><p>\u00bfCu\u00e1l es la legitimaci\u00f3n para el tratamiento de sus datos?<br \/>La legitimaci\u00f3n del Odontolog\u00eda per la Salut S.L\u00a0para llevar a cabo el tratamiento de los datos de los<br \/>usuarios se basa en el consentimiento del interesado.<\/p><p>\u00bfA qu\u00e9 destinatarios se comunicar\u00e1n sus datos?<br \/>Con car\u00e1cter general los datos no ser\u00e1n cedidos a terceros, salvo que lo establezca la legislaci\u00f3n vigente.<\/p><p>\u00bfCu\u00e1les son los derechos del usuario?<br \/>El usuario tiene derecho a obtener confirmaci\u00f3n sobre si el Odontolog\u00eda per la Salut S.L\u00a0est\u00e1 tratando datos<br \/>personales que le conciernan o no. Tienen derecho a acceder a sus datos personales, as\u00ed como a solicitar<br \/>la rectificaci\u00f3n de los datos inexactos o, en su caso, solicitar la supresi\u00f3n cuando, entre otros motivos, los<br \/>datos ya no sean necesarios para los fines que motivaron su recogida. En determinadas circunstancias el<br \/>usuario podr\u00e1 solicitar la limitaci\u00f3n del tratamiento de sus datos personales, en cuyo caso \u00fanicamente se<br \/>conservaran bloqueados para el ejercicio o la defensa en reclamaciones.\u00a0<\/p><p>En determinadas circunstancias<br \/>y por motivos relacionados con su situaci\u00f3n particular, los usuarios podr\u00e1n oponerse al tratamiento de<br \/>sus datos, en cuyo caso el Odontolog\u00eda per la Salut S.L\u00a0dejar\u00e1 de tratar sus datos, salvo por motivos<br \/>leg\u00edtimos imperiosos, o el ejercicio o defensa de posibles reclamaciones. Adem\u00e1s de los derechos<br \/>anteriores, el usuario tambi\u00e9n tendr\u00e1 el derecho a retirar el consentimiento y el derecho a presentar una<br \/>reclamaci\u00f3n ante la Autoridad de Control. Dispone de la informaci\u00f3n necesaria en www.agpd.es. Podr\u00e1<br \/>ejercitar materialmente sus derechos aportando copia de su DNI o documento oficial que le identifique,<br \/>mediante el env\u00edo de un mail o por correo postal dirigi\u00e9ndose al Odontolog\u00eda per la Salut S.L, cuyos datos<br \/>identificativos se encuentran en el punto 1 del AVISO LEGAL.<\/p><p>\u00bfQu\u00e9 medidas de seguridad implantamos para proteger sus datos?<br \/>Odontolog\u00eda per la Salut S.L\u00a0tratar\u00e1 los datos del Usuario en todo momento de forma absolutamente<br \/>confidencial y guardando el preceptivo deber de secreto respecto de los mismos, de conformidad con lo<br \/>previsto en la normativa de aplicaci\u00f3n, adoptando al efecto las medidas de \u00edndole t\u00e9cnica y organizativas<br \/>necesarias que garanticen la seguridad de sus datos y eviten su alteraci\u00f3n, p\u00e9rdida, tratamiento o acceso<br \/>no autorizado, habida cuenta del estado de la tecnolog\u00eda, la naturaleza de los datos almacenados y los<br \/>riesgos a que est\u00e1n expuestos.<\/p><p><style type=\"text\/css\">\np.p1 {margin: 0.0px 0.0px 0.0px 0.0px; font: 12.0px 'Helvetica Neue'}<br \/><\/style><\/p>\t\t\t\t\t<\/div>\n\t\t\t\t\t\t<\/div>\n\t\t\t\t<\/div>\n\t\t\t\t\t\t<\/div>\n\t\t\t\t\t<\/div>\n\t\t<\/div>\n\t\t\t\t\t\t\t\t<\/div>\n\t\t\t\t\t<\/div>\n\t\t<\/section>\n\t\t\t\t\t\t\t\t\t<\/div>\n\t\t\t<\/div>\n\t\t\t\t\t<\/div>\n\t\t","protected":false},"excerpt":{"rendered":"<p>AVISO LEGAL 1. DATOS IDENTIFICATIVOS: En cumplimiento con el deber de informaci\u00f3n recogido en art\u00edculo 10 de la Ley 34\/2002, de 11 de julio, de Servicios de la Sociedad de la Informaci\u00f3n y del Comercio Electr\u00f3nico (LSSICE), Odontolog\u00eda per la Salut S.L, le informa de lo siguiente: Denominaci\u00f3n social: Odontolog\u00eda per la Salut S.L CIF: &#8230; <a title=\"Aviso legal y pol\u00edtica de privacidad\" class=\"read-more\" href=\"https:\/\/sadentista.com\/es\/politica-privacidad\/\">Leer m\u00e1s<\/a><\/p>\n","protected":false},"author":1,"featured_media":0,"parent":0,"menu_order":0,"comment_status":"closed","ping_status":"open","template":"","meta":{"_mi_skip_tracking":false},"yoast_head":"<!-- This site is optimized with the Yoast SEO plugin v15.9.1 - https:\/\/yoast.com\/wordpress\/plugins\/seo\/ -->\n<title>Aviso legal y pol\u00edtica de privacidad - Sa Dentista Mercadal<\/title>\n<link rel=\"canonical\" href=\"https:\/\/sadentista.com\/es\/politica-privacidad\/\" \/>\n<meta property=\"og:locale\" content=\"es_ES\" \/>\n<meta property=\"og:type\" content=\"article\" \/>\n<meta property=\"og:title\" content=\"Aviso legal y pol\u00edtica de privacidad - Sa Dentista Mercadal\" \/>\n<meta property=\"og:description\" content=\"AVISO LEGAL 1. DATOS IDENTIFICATIVOS: En cumplimiento con el deber de informaci\u00f3n recogido en art\u00edculo 10 de la Ley 34\/2002, de 11 de julio, de Servicios de la Sociedad de la Informaci\u00f3n y del Comercio Electr\u00f3nico (LSSICE), Odontolog\u00eda per la Salut S.L, le informa de lo siguiente: Denominaci\u00f3n social: Odontolog\u00eda per la Salut S.L CIF: ... Leer m\u00e1s\" \/>\n<meta property=\"og:url\" content=\"https:\/\/sadentista.com\/es\/politica-privacidad\/\" \/>\n<meta property=\"og:site_name\" content=\"Sa Dentista Mercadal\" \/>\n<meta property=\"article:modified_time\" content=\"2021-02-22T15:55:59+00:00\" \/>\n<meta name=\"twitter:card\" content=\"summary_large_image\" \/>\n<meta name=\"twitter:label1\" content=\"Tiempo de lectura\">\n\t<meta name=\"twitter:data1\" content=\"8 minutos\">\n<script type=\"application\/ld+json\" class=\"yoast-schema-graph\">{\"@context\":\"https:\/\/schema.org\",\"@graph\":[{\"@type\":\"WebSite\",\"@id\":\"https:\/\/sadentista.com\/ca\/#website\",\"url\":\"https:\/\/sadentista.com\/ca\/\",\"name\":\"Sa Dentista Mercadal\",\"description\":\"Odontologia per la salut\",\"potentialAction\":[{\"@type\":\"SearchAction\",\"target\":\"https:\/\/sadentista.com\/ca\/?s={search_term_string}\",\"query-input\":\"required name=search_term_string\"}],\"inLanguage\":\"es\"},{\"@type\":\"WebPage\",\"@id\":\"https:\/\/sadentista.com\/es\/politica-privacidad\/#webpage\",\"url\":\"https:\/\/sadentista.com\/es\/politica-privacidad\/\",\"name\":\"Aviso legal y pol\\u00edtica de privacidad - Sa Dentista Mercadal\",\"isPartOf\":{\"@id\":\"https:\/\/sadentista.com\/ca\/#website\"},\"datePublished\":\"2019-09-13T11:45:30+00:00\",\"dateModified\":\"2021-02-22T15:55:59+00:00\",\"breadcrumb\":{\"@id\":\"https:\/\/sadentista.com\/es\/politica-privacidad\/#breadcrumb\"},\"inLanguage\":\"es\",\"potentialAction\":[{\"@type\":\"ReadAction\",\"target\":[\"https:\/\/sadentista.com\/es\/politica-privacidad\/\"]}]},{\"@type\":\"BreadcrumbList\",\"@id\":\"https:\/\/sadentista.com\/es\/politica-privacidad\/#breadcrumb\",\"itemListElement\":[{\"@type\":\"ListItem\",\"position\":1,\"item\":{\"@type\":\"WebPage\",\"@id\":\"https:\/\/sadentista.com\/es\/\",\"url\":\"https:\/\/sadentista.com\/es\/\",\"name\":\"Portada\"}},{\"@type\":\"ListItem\",\"position\":2,\"item\":{\"@type\":\"WebPage\",\"@id\":\"https:\/\/sadentista.com\/es\/politica-privacidad\/\",\"url\":\"https:\/\/sadentista.com\/es\/politica-privacidad\/\",\"name\":\"Aviso legal y pol\\u00edtica de privacidad\"}}]}]}<\/script>\n<!-- \/ Yoast SEO plugin. -->","_links":{"self":[{"href":"https:\/\/sadentista.com\/es\/wp-json\/wp\/v2\/pages\/3"}],"collection":[{"href":"https:\/\/sadentista.com\/es\/wp-json\/wp\/v2\/pages"}],"about":[{"href":"https:\/\/sadentista.com\/es\/wp-json\/wp\/v2\/types\/page"}],"author":[{"embeddable":true,"href":"https:\/\/sadentista.com\/es\/wp-json\/wp\/v2\/users\/1"}],"replies":[{"embeddable":true,"href":"https:\/\/sadentista.com\/es\/wp-json\/wp\/v2\/comments?post=3"}],"version-history":[{"count":11,"href":"https:\/\/sadentista.com\/es\/wp-json\/wp\/v2\/pages\/3\/revisions"}],"predecessor-version":[{"id":1757,"href":"https:\/\/sadentista.com\/es\/wp-json\/wp\/v2\/pages\/3\/revisions\/1757"}],"wp:attachment":[{"href":"https:\/\/sadentista.com\/es\/wp-json\/wp\/v2\/media?parent=3"}],"curies":[{"name":"wp","href":"https:\/\/api.w.org\/{rel}","templated":true}]}}