{"id":218,"date":"2019-09-19T11:16:53","date_gmt":"2019-09-19T11:16:53","guid":{"rendered":"https:\/\/sadentista.com\/?page_id=218"},"modified":"2020-08-18T08:58:59","modified_gmt":"2020-08-18T08:58:59","slug":"filosofia","status":"publish","type":"page","link":"https:\/\/sadentista.com\/es\/filosofia\/","title":{"rendered":"Filosof\u00eda"},"content":{"rendered":"\t\t<div data-elementor-type=\"wp-page\" data-elementor-id=\"218\" class=\"elementor elementor-218\">\n\t\t\t\t\t\t<div class=\"elementor-inner\">\n\t\t\t\t<div class=\"elementor-section-wrap\">\n\t\t\t\t\t\t\t\t\t<section data-particle_enable=\"false\" data-particle-mobile-disabled=\"false\" class=\"elementor-section elementor-top-section elementor-element elementor-element-2197f956 elementor-section-boxed elementor-section-height-default elementor-section-height-default\" data-id=\"2197f956\" data-element_type=\"section\" data-settings=\"{&quot;background_background&quot;:&quot;classic&quot;}\">\n\t\t\t\t\t\t\t<div class=\"elementor-background-overlay\"><\/div>\n\t\t\t\t\t\t\t<div class=\"elementor-container elementor-column-gap-default\">\n\t\t\t\t\t\t\t<div class=\"elementor-row\">\n\t\t\t\t\t<div class=\"elementor-column elementor-col-100 elementor-top-column elementor-element elementor-element-49509ea2 animated-slow\" data-id=\"49509ea2\" data-element_type=\"column\" data-settings=\"{&quot;animation&quot;:&quot;none&quot;}\">\n\t\t\t<div class=\"elementor-column-wrap elementor-element-populated\">\n\t\t\t\t\t\t\t<div class=\"elementor-widget-wrap\">\n\t\t\t\t\t\t<div class=\"elementor-element elementor-element-35f274b7 elementor-widget elementor-widget-heading\" data-id=\"35f274b7\" data-element_type=\"widget\" data-widget_type=\"heading.default\">\n\t\t\t\t<div class=\"elementor-widget-container\">\n\t\t\t<h2 class=\"elementor-heading-title elementor-size-default\">FILOSOF\u00cdA<\/h2>\t\t<\/div>\n\t\t\t\t<\/div>\n\t\t\t\t\t\t<\/div>\n\t\t\t\t\t<\/div>\n\t\t<\/div>\n\t\t\t\t\t\t\t\t<\/div>\n\t\t\t\t\t<\/div>\n\t\t<\/section>\n\t\t\t\t<section data-particle_enable=\"false\" data-particle-mobile-disabled=\"false\" class=\"elementor-section elementor-top-section elementor-element elementor-element-8cd18ca elementor-reverse-tablet elementor-reverse-mobile elementor-section-boxed elementor-section-height-default elementor-section-height-default\" data-id=\"8cd18ca\" data-element_type=\"section\">\n\t\t\t\t\t\t<div class=\"elementor-container elementor-column-gap-default\">\n\t\t\t\t\t\t\t<div class=\"elementor-row\">\n\t\t\t\t\t<div class=\"elementor-column elementor-col-50 elementor-top-column elementor-element elementor-element-6c038a1 elementor-invisible\" data-id=\"6c038a1\" data-element_type=\"column\" data-settings=\"{&quot;animation&quot;:&quot;fadeInLeft&quot;}\">\n\t\t\t<div class=\"elementor-column-wrap elementor-element-populated\">\n\t\t\t\t\t\t\t<div class=\"elementor-widget-wrap\">\n\t\t\t\t\t\t<div class=\"elementor-element elementor-element-77a95b0 elementor-widget elementor-widget-text-editor\" data-id=\"77a95b0\" data-element_type=\"widget\" data-widget_type=\"text-editor.default\">\n\t\t\t\t<div class=\"elementor-widget-container\">\n\t\t\t\t\t\t\t\t<div class=\"elementor-text-editor elementor-clearfix\">\n\t\t\t\t<h2>Nuestra <b>filosof\u00eda<\/b> est\u00e1 basada en valores fundamentales, consideramos a la <b>persona<\/b> en su <b>totalidad<\/b> f\u00edsica, emocional y mental, siendo la boca la destinataria de nuestra especializaci\u00f3n.<\/h2>\t\t\t\t\t<\/div>\n\t\t\t\t\t\t<\/div>\n\t\t\t\t<\/div>\n\t\t\t\t\t\t<\/div>\n\t\t\t\t\t<\/div>\n\t\t<\/div>\n\t\t\t\t<div class=\"elementor-column elementor-col-50 elementor-top-column elementor-element elementor-element-f2b2eaf elementor-invisible\" data-id=\"f2b2eaf\" data-element_type=\"column\" data-settings=\"{&quot;animation&quot;:&quot;fadeInRight&quot;}\">\n\t\t\t<div class=\"elementor-column-wrap elementor-element-populated\">\n\t\t\t\t\t\t\t<div class=\"elementor-widget-wrap\">\n\t\t\t\t\t\t<div class=\"elementor-element elementor-element-79957ad elementor-widget elementor-widget-image\" data-id=\"79957ad\" data-element_type=\"widget\" data-widget_type=\"image.default\">\n\t\t\t\t<div class=\"elementor-widget-container\">\n\t\t\t\t\t\t\t\t<div class=\"elementor-image\">\n\t\t\t\t\t\t\t\t\t\t\t\t<img decoding=\"async\" width=\"800\" height=\"540\" src=\"https:\/\/sadentista.com\/wp-content\/uploads\/2019\/12\/Pensador-Sa-Dentista-Mercadal.jpg\" class=\"attachment-full size-full wp-image-483\" alt=\"Pensador Sa Dentista Mercadal\" loading=\"lazy\" srcset=\"https:\/\/sadentista.com\/wp-content\/uploads\/2019\/12\/Pensador-Sa-Dentista-Mercadal.jpg 800w, https:\/\/sadentista.com\/wp-content\/uploads\/2019\/12\/Pensador-Sa-Dentista-Mercadal-300x203.jpg 300w, https:\/\/sadentista.com\/wp-content\/uploads\/2019\/12\/Pensador-Sa-Dentista-Mercadal-768x518.jpg 768w\" sizes=\"(max-width: 800px) 100vw, 800px\" \/>\t\t\t\t\t\t\t\t\t\t\t\t\t\t<\/div>\n\t\t\t\t\t\t<\/div>\n\t\t\t\t<\/div>\n\t\t\t\t\t\t<\/div>\n\t\t\t\t\t<\/div>\n\t\t<\/div>\n\t\t\t\t\t\t\t\t<\/div>\n\t\t\t\t\t<\/div>\n\t\t<\/section>\n\t\t\t\t<section data-particle_enable=\"false\" data-particle-mobile-disabled=\"false\" class=\"elementor-section elementor-top-section elementor-element elementor-element-e963294 elementor-section-boxed elementor-section-height-default elementor-section-height-default\" data-id=\"e963294\" data-element_type=\"section\">\n\t\t\t\t\t\t<div class=\"elementor-container elementor-column-gap-default\">\n\t\t\t\t\t\t\t<div class=\"elementor-row\">\n\t\t\t\t\t<div class=\"elementor-column elementor-col-50 elementor-top-column elementor-element elementor-element-ecfb6ec elementor-invisible\" data-id=\"ecfb6ec\" data-element_type=\"column\" data-settings=\"{&quot;animation&quot;:&quot;fadeInLeft&quot;}\">\n\t\t\t<div class=\"elementor-column-wrap elementor-element-populated\">\n\t\t\t\t\t\t\t<div class=\"elementor-widget-wrap\">\n\t\t\t\t\t\t<div class=\"elementor-element elementor-element-2756b58 elementor-widget elementor-widget-image\" data-id=\"2756b58\" data-element_type=\"widget\" data-widget_type=\"image.default\">\n\t\t\t\t<div class=\"elementor-widget-container\">\n\t\t\t\t\t\t\t\t<div class=\"elementor-image\">\n\t\t\t\t\t\t\t\t\t\t\t\t<img decoding=\"async\" width=\"700\" height=\"916\" src=\"https:\/\/sadentista.com\/wp-content\/uploads\/2019\/12\/Sonrisa-Mercadal.jpg\" class=\"attachment-large size-large wp-image-484\" alt=\"Sonrisa Mercadal\" loading=\"lazy\" srcset=\"https:\/\/sadentista.com\/wp-content\/uploads\/2019\/12\/Sonrisa-Mercadal.jpg 700w, https:\/\/sadentista.com\/wp-content\/uploads\/2019\/12\/Sonrisa-Mercadal-229x300.jpg 229w\" sizes=\"(max-width: 700px) 100vw, 700px\" \/>\t\t\t\t\t\t\t\t\t\t\t\t\t\t<\/div>\n\t\t\t\t\t\t<\/div>\n\t\t\t\t<\/div>\n\t\t\t\t\t\t<\/div>\n\t\t\t\t\t<\/div>\n\t\t<\/div>\n\t\t\t\t<div class=\"elementor-column elementor-col-50 elementor-top-column elementor-element elementor-element-a476f97 elementor-invisible\" data-id=\"a476f97\" data-element_type=\"column\" data-settings=\"{&quot;animation&quot;:&quot;fadeInRight&quot;}\">\n\t\t\t<div class=\"elementor-column-wrap elementor-element-populated\">\n\t\t\t\t\t\t\t<div class=\"elementor-widget-wrap\">\n\t\t\t\t\t\t<div class=\"elementor-element elementor-element-e90a1c6 elementor-widget elementor-widget-heading\" data-id=\"e90a1c6\" data-element_type=\"widget\" data-widget_type=\"heading.default\">\n\t\t\t\t<div class=\"elementor-widget-container\">\n\t\t\t<h2 class=\"elementor-heading-title elementor-size-default\">Prevenci\u00f3n<\/h2>\t\t<\/div>\n\t\t\t\t<\/div>\n\t\t\t\t<div class=\"elementor-element elementor-element-0c4842d elementor-widget elementor-widget-text-editor\" data-id=\"0c4842d\" data-element_type=\"widget\" data-widget_type=\"text-editor.default\">\n\t\t\t\t<div class=\"elementor-widget-container\">\n\t\t\t\t\t\t\t\t<div class=\"elementor-text-editor elementor-clearfix\">\n\t\t\t\t<p>Por la <b>boca<\/b> nos alimentamos, respiramos, nos comunicamos, expresamos nuestros sentimientos, besamos y amamos, re\u00edmos y lloramos. Por eso nos gusta cuidarla, por eso amamos nuestra <b>profesi\u00f3n<\/b>.<\/p><p>Sabemos la indefensi\u00f3n que causa el hecho de sentarse en el sill\u00f3n dental.\u00a0<\/p><p>Como pacientes, al entregarnos a la persona que va a cuidar nuestra boca, perdemos el habla y el control, no podemos comunicarnos, nos sentimos indefensos, estirados y con la boca abierta y con un tubo aspirador colgando que nos impide cualquier movimiento\u2026.. sabemos de ese miedo ancestral, por eso somos muy <b>cuidadosos<\/b> atendiendo a la persona utilizando todos los medios necesarios para que se sienta <b>c\u00f3moda<\/b> y feliz, esto a su vez nos va a permitir poder trabajar tranquilos y tambi\u00e9n sentirnos c\u00f3modos y felices nosotros mismos.<\/p><p>\u00a0<\/p>\t\t\t\t\t<\/div>\n\t\t\t\t\t\t<\/div>\n\t\t\t\t<\/div>\n\t\t\t\t\t\t<\/div>\n\t\t\t\t\t<\/div>\n\t\t<\/div>\n\t\t\t\t\t\t\t\t<\/div>\n\t\t\t\t\t<\/div>\n\t\t<\/section>\n\t\t\t\t<section data-particle_enable=\"false\" data-particle-mobile-disabled=\"false\" class=\"elementor-section elementor-top-section elementor-element elementor-element-3be2537 elementor-reverse-tablet elementor-reverse-mobile elementor-section-boxed elementor-section-height-default elementor-section-height-default\" data-id=\"3be2537\" data-element_type=\"section\">\n\t\t\t\t\t\t<div class=\"elementor-container elementor-column-gap-default\">\n\t\t\t\t\t\t\t<div class=\"elementor-row\">\n\t\t\t\t\t<div class=\"elementor-column elementor-col-50 elementor-top-column elementor-element elementor-element-47f9a1a elementor-invisible\" data-id=\"47f9a1a\" data-element_type=\"column\" data-settings=\"{&quot;animation&quot;:&quot;fadeInLeft&quot;}\">\n\t\t\t<div class=\"elementor-column-wrap elementor-element-populated\">\n\t\t\t\t\t\t\t<div class=\"elementor-widget-wrap\">\n\t\t\t\t\t\t<div class=\"elementor-element elementor-element-4b76dea elementor-widget elementor-widget-heading\" data-id=\"4b76dea\" data-element_type=\"widget\" data-widget_type=\"heading.default\">\n\t\t\t\t<div class=\"elementor-widget-container\">\n\t\t\t<h2 class=\"elementor-heading-title elementor-size-default\">Conservaci\u00f3n<\/h2>\t\t<\/div>\n\t\t\t\t<\/div>\n\t\t\t\t<div class=\"elementor-element elementor-element-6731419 elementor-widget elementor-widget-text-editor\" data-id=\"6731419\" data-element_type=\"widget\" data-widget_type=\"text-editor.default\">\n\t\t\t\t<div class=\"elementor-widget-container\">\n\t\t\t\t\t\t\t\t<div class=\"elementor-text-editor elementor-clearfix\">\n\t\t\t\t<p>A trav\u00e9s de nuestra boca <b>empieza la vida<\/b>, el primer grito, el primer llanto, la primera respiraci\u00f3n, es importante cuidar la boca, a trav\u00e9s de ella vamos a relacionarnos durante toda nuestra vida, es por eso que damos tanta importancia a la <b>prevenci\u00f3n<\/b>.<\/p><p>Nos gusta nuestro trabajo, pero preferimos trabajar en lo menos traum\u00e1tico. Preferimos trabajar en la prevenci\u00f3n, es m\u00e1s f\u00e1cil cuidar los dientes para que duren toda la vida.\u00a0<\/p><p>Por tanto la conclusi\u00f3n es que lo que m\u00e1s interesa en nuestra cl\u00ednica para el cuidado de nuestros pacientes es la <b>prevenci\u00f3n<\/b>. Si aprendemos a cuidarnos nuestros dientes no se estropear\u00e1n, ahorraremos el trabajo de reparaci\u00f3n de los mismos. Hay que tener tambi\u00e9n en cuenta que un diente restaurado ya nunca ser\u00e1 un diente sano, porque los materiales usados para \u201ctapar agujero\u201d no son perfectos.<\/p>\t\t\t\t\t<\/div>\n\t\t\t\t\t\t<\/div>\n\t\t\t\t<\/div>\n\t\t\t\t\t\t<\/div>\n\t\t\t\t\t<\/div>\n\t\t<\/div>\n\t\t\t\t<div class=\"elementor-column elementor-col-50 elementor-top-column elementor-element elementor-element-c786871 elementor-invisible\" data-id=\"c786871\" data-element_type=\"column\" data-settings=\"{&quot;animation&quot;:&quot;fadeInRight&quot;}\">\n\t\t\t<div class=\"elementor-column-wrap elementor-element-populated\">\n\t\t\t\t\t\t\t<div class=\"elementor-widget-wrap\">\n\t\t\t\t\t\t<div class=\"elementor-element elementor-element-6e35681 elementor-widget elementor-widget-image\" data-id=\"6e35681\" data-element_type=\"widget\" data-widget_type=\"image.default\">\n\t\t\t\t<div class=\"elementor-widget-container\">\n\t\t\t\t\t\t\t\t<div class=\"elementor-image\">\n\t\t\t\t\t\t\t\t\t\t\t\t<img decoding=\"async\" width=\"510\" height=\"426\" src=\"https:\/\/sadentista.com\/wp-content\/uploads\/2019\/09\/prvencion21.jpg\" class=\"attachment-large size-large wp-image-260\" alt=\"\" loading=\"lazy\" srcset=\"https:\/\/sadentista.com\/wp-content\/uploads\/2019\/09\/prvencion21.jpg 510w, https:\/\/sadentista.com\/wp-content\/uploads\/2019\/09\/prvencion21-300x251.jpg 300w\" sizes=\"(max-width: 510px) 100vw, 510px\" \/>\t\t\t\t\t\t\t\t\t\t\t\t\t\t<\/div>\n\t\t\t\t\t\t<\/div>\n\t\t\t\t<\/div>\n\t\t\t\t\t\t<\/div>\n\t\t\t\t\t<\/div>\n\t\t<\/div>\n\t\t\t\t\t\t\t\t<\/div>\n\t\t\t\t\t<\/div>\n\t\t<\/section>\n\t\t\t\t<section data-particle_enable=\"false\" data-particle-mobile-disabled=\"false\" class=\"elementor-section elementor-top-section elementor-element elementor-element-dfb9497 elementor-section-boxed elementor-section-height-default elementor-section-height-default\" data-id=\"dfb9497\" data-element_type=\"section\">\n\t\t\t\t\t\t<div class=\"elementor-container elementor-column-gap-default\">\n\t\t\t\t\t\t\t<div class=\"elementor-row\">\n\t\t\t\t\t<div class=\"elementor-column elementor-col-50 elementor-top-column elementor-element elementor-element-e7a774e elementor-invisible\" data-id=\"e7a774e\" data-element_type=\"column\" data-settings=\"{&quot;animation&quot;:&quot;fadeInLeft&quot;}\">\n\t\t\t<div class=\"elementor-column-wrap elementor-element-populated\">\n\t\t\t\t\t\t\t<div class=\"elementor-widget-wrap\">\n\t\t\t\t\t\t<div class=\"elementor-element elementor-element-aaa5bb1 elementor-widget elementor-widget-image\" data-id=\"aaa5bb1\" data-element_type=\"widget\" data-widget_type=\"image.default\">\n\t\t\t\t<div class=\"elementor-widget-container\">\n\t\t\t\t\t\t\t\t<div class=\"elementor-image\">\n\t\t\t\t\t\t\t\t\t\t\t\t<img decoding=\"async\" width=\"800\" height=\"572\" src=\"https:\/\/sadentista.com\/wp-content\/uploads\/2019\/12\/Tecnologia-Sa-Dentista-Mercadal.jpg\" class=\"attachment-large size-large wp-image-486\" alt=\"Tecnologia Sa Dentista Mercadal\" loading=\"lazy\" srcset=\"https:\/\/sadentista.com\/wp-content\/uploads\/2019\/12\/Tecnologia-Sa-Dentista-Mercadal.jpg 800w, https:\/\/sadentista.com\/wp-content\/uploads\/2019\/12\/Tecnologia-Sa-Dentista-Mercadal-300x215.jpg 300w, https:\/\/sadentista.com\/wp-content\/uploads\/2019\/12\/Tecnologia-Sa-Dentista-Mercadal-768x549.jpg 768w\" sizes=\"(max-width: 800px) 100vw, 800px\" \/>\t\t\t\t\t\t\t\t\t\t\t\t\t\t<\/div>\n\t\t\t\t\t\t<\/div>\n\t\t\t\t<\/div>\n\t\t\t\t\t\t<\/div>\n\t\t\t\t\t<\/div>\n\t\t<\/div>\n\t\t\t\t<div class=\"elementor-column elementor-col-50 elementor-top-column elementor-element elementor-element-a4e8a72 elementor-invisible\" data-id=\"a4e8a72\" data-element_type=\"column\" data-settings=\"{&quot;animation&quot;:&quot;fadeInRight&quot;}\">\n\t\t\t<div class=\"elementor-column-wrap elementor-element-populated\">\n\t\t\t\t\t\t\t<div class=\"elementor-widget-wrap\">\n\t\t\t\t\t\t<div class=\"elementor-element elementor-element-87f1d2c elementor-widget elementor-widget-heading\" data-id=\"87f1d2c\" data-element_type=\"widget\" data-widget_type=\"heading.default\">\n\t\t\t\t<div class=\"elementor-widget-container\">\n\t\t\t<h2 class=\"elementor-heading-title elementor-size-default\">\u00daltima tecnolog\u00eda<\/h2>\t\t<\/div>\n\t\t\t\t<\/div>\n\t\t\t\t<div class=\"elementor-element elementor-element-5d03b0c elementor-widget elementor-widget-text-editor\" data-id=\"5d03b0c\" data-element_type=\"widget\" data-widget_type=\"text-editor.default\">\n\t\t\t\t<div class=\"elementor-widget-container\">\n\t\t\t\t\t\t\t\t<div class=\"elementor-text-editor elementor-clearfix\">\n\t\t\t\t<p>Por m\u00e1s que estemos avanzando en materiales y en t\u00e9cnicas nunca ser\u00e1 lo mismo un <b>diente sano<\/b> y propio que un diente empastado o postizo, a la naturaleza podemos copiarla pero nunca igualarla.<\/p><p>Pero no se acaba todo aqu\u00ed, si por lo que sea nos fallan los dientes los podemos reparar, usamos las t\u00e9cnicas m\u00e1s avanzadas para reemplazar las p\u00e9rdidas dentales por piezas artificiales buscando siempre la soluci\u00f3n m\u00e1s adecuada a las personas y a sus circunstancias, estamos preparados para hacer la vida m\u00e1s f\u00e1cil con una <b>boca sana<\/b> y una sonrisa feliz.<\/p>\t\t\t\t\t<\/div>\n\t\t\t\t\t\t<\/div>\n\t\t\t\t<\/div>\n\t\t\t\t\t\t<\/div>\n\t\t\t\t\t<\/div>\n\t\t<\/div>\n\t\t\t\t\t\t\t\t<\/div>\n\t\t\t\t\t<\/div>\n\t\t<\/section>\n\t\t\t\t\t\t\t\t\t<\/div>\n\t\t\t<\/div>\n\t\t\t\t\t<\/div>\n\t\t","protected":false},"excerpt":{"rendered":"<p>FILOSOF\u00cdA Nuestra filosof\u00eda est\u00e1 basada en valores fundamentales, consideramos a la persona en su totalidad f\u00edsica, emocional y mental, siendo la boca la destinataria de nuestra especializaci\u00f3n. Prevenci\u00f3n Por la boca nos alimentamos, respiramos, nos comunicamos, expresamos nuestros sentimientos, besamos y amamos, re\u00edmos y lloramos. Por eso nos gusta cuidarla, por eso amamos nuestra profesi\u00f3n. &#8230; <a title=\"Filosof\u00eda\" class=\"read-more\" href=\"https:\/\/sadentista.com\/es\/filosofia\/\">Leer m\u00e1s<\/a><\/p>\n","protected":false},"author":1,"featured_media":0,"parent":0,"menu_order":0,"comment_status":"closed","ping_status":"closed","template":"elementor_header_footer","meta":{"_mi_skip_tracking":false},"yoast_head":"<!-- This site is optimized with the Yoast SEO plugin v15.9.1 - https:\/\/yoast.com\/wordpress\/plugins\/seo\/ -->\n<title>Filosof\u00eda | Odontolog\u00eda preventiva| Sa Dentista Menorca<\/title>\n<meta name=\"description\" content=\"Nuestra filosof\u00eda es tu bienestar y en relaci\u00f3n a nosotros la prevenci\u00f3n de tus dientes. Nuestro equipo hace un gran enf\u00e1sis en la prevenci\u00f3n dental.\" \/>\n<link rel=\"canonical\" href=\"https:\/\/sadentista.com\/es\/filosofia\/\" \/>\n<meta property=\"og:locale\" content=\"es_ES\" \/>\n<meta property=\"og:type\" content=\"article\" \/>\n<meta property=\"og:title\" content=\"Filosof\u00eda | Odontolog\u00eda preventiva| Sa Dentista Menorca\" \/>\n<meta property=\"og:description\" content=\"Nuestra filosof\u00eda es tu bienestar y en relaci\u00f3n a nosotros la prevenci\u00f3n de tus dientes. Nuestro equipo hace un gran enf\u00e1sis en la prevenci\u00f3n dental.\" \/>\n<meta property=\"og:url\" content=\"https:\/\/sadentista.com\/es\/filosofia\/\" \/>\n<meta property=\"og:site_name\" content=\"Sa Dentista Mercadal\" \/>\n<meta property=\"article:modified_time\" content=\"2020-08-18T08:58:59+00:00\" \/>\n<meta property=\"og:image\" content=\"https:\/\/sadentista.com\/wp-content\/uploads\/2019\/12\/Pensador-Sa-Dentista-Mercadal.jpg\" \/>\n<meta name=\"twitter:card\" content=\"summary_large_image\" \/>\n<meta name=\"twitter:label1\" content=\"Tiempo de lectura\">\n\t<meta name=\"twitter:data1\" content=\"2 minutos\">\n<script type=\"application\/ld+json\" class=\"yoast-schema-graph\">{\"@context\":\"https:\/\/schema.org\",\"@graph\":[{\"@type\":\"WebSite\",\"@id\":\"https:\/\/sadentista.com\/ca\/#website\",\"url\":\"https:\/\/sadentista.com\/ca\/\",\"name\":\"Sa Dentista Mercadal\",\"description\":\"Odontologia per la salut\",\"potentialAction\":[{\"@type\":\"SearchAction\",\"target\":\"https:\/\/sadentista.com\/ca\/?s={search_term_string}\",\"query-input\":\"required name=search_term_string\"}],\"inLanguage\":\"es\"},{\"@type\":\"ImageObject\",\"@id\":\"https:\/\/sadentista.com\/es\/filosofia\/#primaryimage\",\"inLanguage\":\"es\",\"url\":\"https:\/\/sadentista.com\/wp-content\/uploads\/2019\/12\/Pensador-Sa-Dentista-Mercadal.jpg\",\"width\":800,\"height\":540,\"caption\":\"Pensador Sa Dentista Mercadal\"},{\"@type\":\"WebPage\",\"@id\":\"https:\/\/sadentista.com\/es\/filosofia\/#webpage\",\"url\":\"https:\/\/sadentista.com\/es\/filosofia\/\",\"name\":\"Filosof\\u00eda | Odontolog\\u00eda preventiva| Sa Dentista Menorca\",\"isPartOf\":{\"@id\":\"https:\/\/sadentista.com\/ca\/#website\"},\"primaryImageOfPage\":{\"@id\":\"https:\/\/sadentista.com\/es\/filosofia\/#primaryimage\"},\"datePublished\":\"2019-09-19T11:16:53+00:00\",\"dateModified\":\"2020-08-18T08:58:59+00:00\",\"description\":\"Nuestra filosof\\u00eda es tu bienestar y en relaci\\u00f3n a nosotros la prevenci\\u00f3n de tus dientes. Nuestro equipo hace un gran enf\\u00e1sis en la prevenci\\u00f3n dental.\",\"breadcrumb\":{\"@id\":\"https:\/\/sadentista.com\/es\/filosofia\/#breadcrumb\"},\"inLanguage\":\"es\",\"potentialAction\":[{\"@type\":\"ReadAction\",\"target\":[\"https:\/\/sadentista.com\/es\/filosofia\/\"]}]},{\"@type\":\"BreadcrumbList\",\"@id\":\"https:\/\/sadentista.com\/es\/filosofia\/#breadcrumb\",\"itemListElement\":[{\"@type\":\"ListItem\",\"position\":1,\"item\":{\"@type\":\"WebPage\",\"@id\":\"https:\/\/sadentista.com\/es\/\",\"url\":\"https:\/\/sadentista.com\/es\/\",\"name\":\"Portada\"}},{\"@type\":\"ListItem\",\"position\":2,\"item\":{\"@type\":\"WebPage\",\"@id\":\"https:\/\/sadentista.com\/es\/filosofia\/\",\"url\":\"https:\/\/sadentista.com\/es\/filosofia\/\",\"name\":\"Filosof\\u00eda\"}}]}]}<\/script>\n<!-- \/ Yoast SEO plugin. -->","_links":{"self":[{"href":"https:\/\/sadentista.com\/es\/wp-json\/wp\/v2\/pages\/218"}],"collection":[{"href":"https:\/\/sadentista.com\/es\/wp-json\/wp\/v2\/pages"}],"about":[{"href":"https:\/\/sadentista.com\/es\/wp-json\/wp\/v2\/types\/page"}],"author":[{"embeddable":true,"href":"https:\/\/sadentista.com\/es\/wp-json\/wp\/v2\/users\/1"}],"replies":[{"embeddable":true,"href":"https:\/\/sadentista.com\/es\/wp-json\/wp\/v2\/comments?post=218"}],"version-history":[{"count":32,"href":"https:\/\/sadentista.com\/es\/wp-json\/wp\/v2\/pages\/218\/revisions"}],"predecessor-version":[{"id":1413,"href":"https:\/\/sadentista.com\/es\/wp-json\/wp\/v2\/pages\/218\/revisions\/1413"}],"wp:attachment":[{"href":"https:\/\/sadentista.com\/es\/wp-json\/wp\/v2\/media?parent=218"}],"curies":[{"name":"wp","href":"https:\/\/api.w.org\/{rel}","templated":true}]}}