{"id":968,"date":"2019-11-12T11:06:55","date_gmt":"2019-11-12T11:06:55","guid":{"rendered":"https:\/\/sadentista.com\/?page_id=968"},"modified":"2020-10-04T14:17:15","modified_gmt":"2020-10-04T14:17:15","slug":"estetica-dental-menorca","status":"publish","type":"page","link":"https:\/\/sadentista.com\/en\/estetica-dental-menorca\/","title":{"rendered":"Est\u00e9tica"},"content":{"rendered":"\t\t<div data-elementor-type=\"wp-page\" data-elementor-id=\"968\" class=\"elementor elementor-968 elementor-426\">\n\t\t\t\t\t\t<div class=\"elementor-inner\">\n\t\t\t\t<div class=\"elementor-section-wrap\">\n\t\t\t\t\t\t\t\t\t<section data-particle_enable=\"false\" data-particle-mobile-disabled=\"false\" class=\"elementor-section elementor-top-section elementor-element elementor-element-59ad4f7a elementor-section-boxed elementor-section-height-default elementor-section-height-default\" data-id=\"59ad4f7a\" data-element_type=\"section\" data-settings=\"{&quot;background_background&quot;:&quot;classic&quot;}\">\n\t\t\t\t\t\t\t<div class=\"elementor-background-overlay\"><\/div>\n\t\t\t\t\t\t\t<div class=\"elementor-container elementor-column-gap-default\">\n\t\t\t\t\t\t\t<div class=\"elementor-row\">\n\t\t\t\t\t<div class=\"elementor-column elementor-col-50 elementor-top-column elementor-element elementor-element-29da49a2 elementor-invisible\" data-id=\"29da49a2\" data-element_type=\"column\" data-settings=\"{&quot;animation&quot;:&quot;fadeIn&quot;}\">\n\t\t\t<div class=\"elementor-column-wrap elementor-element-populated\">\n\t\t\t\t\t\t\t<div class=\"elementor-widget-wrap\">\n\t\t\t\t\t\t<div class=\"elementor-element elementor-element-5abc459f elementor-widget elementor-widget-image\" data-id=\"5abc459f\" data-element_type=\"widget\" data-widget_type=\"image.default\">\n\t\t\t\t<div class=\"elementor-widget-container\">\n\t\t\t\t\t\t\t\t<div class=\"elementor-image\">\n\t\t\t\t\t\t\t\t\t\t\t\t<img decoding=\"async\" width=\"90\" height=\"129\" src=\"https:\/\/sadentista.com\/wp-content\/uploads\/2019\/11\/estetica.png\" class=\"attachment-large size-large wp-image-429\" alt=\"\" loading=\"lazy\" \/>\t\t\t\t\t\t\t\t\t\t\t\t\t\t<\/div>\n\t\t\t\t\t\t<\/div>\n\t\t\t\t<\/div>\n\t\t\t\t\t\t<\/div>\n\t\t\t\t\t<\/div>\n\t\t<\/div>\n\t\t\t\t<div class=\"elementor-column elementor-col-50 elementor-top-column elementor-element elementor-element-42bba847 elementor-invisible\" data-id=\"42bba847\" data-element_type=\"column\" data-settings=\"{&quot;animation&quot;:&quot;fadeIn&quot;}\">\n\t\t\t<div class=\"elementor-column-wrap elementor-element-populated\">\n\t\t\t\t\t\t\t<div class=\"elementor-widget-wrap\">\n\t\t\t\t\t\t<div class=\"elementor-element elementor-element-7090e676 elementor-widget elementor-widget-heading\" data-id=\"7090e676\" data-element_type=\"widget\" data-widget_type=\"heading.default\">\n\t\t\t\t<div class=\"elementor-widget-container\">\n\t\t\t<h2 class=\"elementor-heading-title elementor-size-default\">AESTHETICS<\/h2>\t\t<\/div>\n\t\t\t\t<\/div>\n\t\t\t\t<div class=\"elementor-element elementor-element-caae343 elementor-widget elementor-widget-text-editor\" data-id=\"caae343\" data-element_type=\"widget\" data-widget_type=\"text-editor.default\">\n\t\t\t\t<div class=\"elementor-widget-container\">\n\t\t\t\t\t\t\t\t<div class=\"elementor-text-editor elementor-clearfix\">\n\t\t\t\t<p>\u201cWe seek the harmony of your smile, improving aesthetics\u201d<\/p>\t\t\t\t\t<\/div>\n\t\t\t\t\t\t<\/div>\n\t\t\t\t<\/div>\n\t\t\t\t\t\t<\/div>\n\t\t\t\t\t<\/div>\n\t\t<\/div>\n\t\t\t\t\t\t\t\t<\/div>\n\t\t\t\t\t<\/div>\n\t\t<\/section>\n\t\t\t\t<section data-particle_enable=\"false\" data-particle-mobile-disabled=\"false\" class=\"elementor-section elementor-top-section elementor-element elementor-element-58dd8265 elementor-reverse-tablet elementor-reverse-mobile elementor-section-boxed elementor-section-height-default elementor-section-height-default\" data-id=\"58dd8265\" data-element_type=\"section\">\n\t\t\t\t\t\t<div class=\"elementor-container elementor-column-gap-default\">\n\t\t\t\t\t\t\t<div class=\"elementor-row\">\n\t\t\t\t\t<div class=\"elementor-column elementor-col-50 elementor-top-column elementor-element elementor-element-59278650 elementor-invisible\" data-id=\"59278650\" data-element_type=\"column\" data-settings=\"{&quot;animation&quot;:&quot;fadeInLeft&quot;}\">\n\t\t\t<div class=\"elementor-column-wrap elementor-element-populated\">\n\t\t\t\t\t\t\t<div class=\"elementor-widget-wrap\">\n\t\t\t\t\t\t<div class=\"elementor-element elementor-element-36cb4424 elementor-widget elementor-widget-heading\" data-id=\"36cb4424\" data-element_type=\"widget\" data-widget_type=\"heading.default\">\n\t\t\t\t<div class=\"elementor-widget-container\">\n\t\t\t<h2 class=\"elementor-heading-title elementor-size-default\">Dental Aesthetics\n<\/h2>\t\t<\/div>\n\t\t\t\t<\/div>\n\t\t\t\t<div class=\"elementor-element elementor-element-4d54406d elementor-widget elementor-widget-text-editor\" data-id=\"4d54406d\" data-element_type=\"widget\" data-widget_type=\"text-editor.default\">\n\t\t\t\t<div class=\"elementor-widget-container\">\n\t\t\t\t\t\t\t\t<div class=\"elementor-text-editor elementor-clearfix\">\n\t\t\t\t<p>We improve the teeth to achieve greater facial aesthetic harmony.<\/p><p>We can improve the colour, the shape, reduce or increase the size of the tooth, with state-of-the-art materials that allow us to maximise facial aesthetics.<\/p>\t\t\t\t\t<\/div>\n\t\t\t\t\t\t<\/div>\n\t\t\t\t<\/div>\n\t\t\t\t<div class=\"elementor-element elementor-element-571657ed elementor-widget elementor-widget-eael-adv-accordion\" data-id=\"571657ed\" data-element_type=\"widget\" data-widget_type=\"eael-adv-accordion.default\">\n\t\t\t\t<div class=\"elementor-widget-container\">\n\t\t\t        <div class=\"eael-adv-accordion\" id=\"eael-adv-accordion-571657ed\" data-accordion-id=\"571657ed\" data-accordion-type=\"toggle\" data-toogle-speed=\"300\">\n    <div class=\"eael-accordion-list\">\n                <div id=\"more-information\" class=\"elementor-tab-title eael-accordion-header\" tabindex=\"1461\" data-tab=\"1\" role=\"tab\" aria-controls=\"elementor-tab-content-1461\"><span class=\"eael-accordion-tab-title\">More information<\/span><i aria-hidden=\"true\" class=\"fa-toggle fas fa-angle-right\"><\/i><\/div><div id=\"elementor-tab-content-1461\" class=\"eael-accordion-content clearfix\" data-tab=\"1\" role=\"tabpanel\" aria-labelledby=\"more-information\"><p><p>The following factors should be taken into account:<\/p><p>\u00a0<\/p><p>The health and hygiene of the mouth, the size, shape, colour and position of the teeth, the absence of teeth, the relationship of gums to teeth, the relationship of lips to the teeth, etc<\/p><p>\u00a0<\/p><p>Only a multidisciplinary dentistry is able to interact to achieve a balanced smile.<\/p><p>\u00a0<\/p><\/p><\/div>\n                <\/div><\/div>\t\t<\/div>\n\t\t\t\t<\/div>\n\t\t\t\t\t\t<\/div>\n\t\t\t\t\t<\/div>\n\t\t<\/div>\n\t\t\t\t<div class=\"elementor-column elementor-col-50 elementor-top-column elementor-element elementor-element-7f724b8f elementor-invisible\" data-id=\"7f724b8f\" data-element_type=\"column\" data-settings=\"{&quot;animation&quot;:&quot;fadeInRight&quot;}\">\n\t\t\t<div class=\"elementor-column-wrap elementor-element-populated\">\n\t\t\t\t\t\t\t<div class=\"elementor-widget-wrap\">\n\t\t\t\t\t\t<div class=\"elementor-element elementor-element-79df49ed elementor-widget elementor-widget-image\" data-id=\"79df49ed\" data-element_type=\"widget\" data-widget_type=\"image.default\">\n\t\t\t\t<div class=\"elementor-widget-container\">\n\t\t\t\t\t\t\t\t<div class=\"elementor-image\">\n\t\t\t\t\t\t\t\t\t\t\t\t<img decoding=\"async\" width=\"641\" height=\"425\" src=\"https:\/\/sadentista.com\/wp-content\/uploads\/2019\/12\/Estetica-dental-Menorca.jpg\" class=\"attachment-full size-full wp-image-510\" alt=\"Estetica dental Menorca\" loading=\"lazy\" srcset=\"https:\/\/sadentista.com\/wp-content\/uploads\/2019\/12\/Estetica-dental-Menorca.jpg 641w, https:\/\/sadentista.com\/wp-content\/uploads\/2019\/12\/Estetica-dental-Menorca-300x199.jpg 300w\" sizes=\"(max-width: 641px) 100vw, 641px\" \/>\t\t\t\t\t\t\t\t\t\t\t\t\t\t<\/div>\n\t\t\t\t\t\t<\/div>\n\t\t\t\t<\/div>\n\t\t\t\t\t\t<\/div>\n\t\t\t\t\t<\/div>\n\t\t<\/div>\n\t\t\t\t\t\t\t\t<\/div>\n\t\t\t\t\t<\/div>\n\t\t<\/section>\n\t\t\t\t<section data-particle_enable=\"false\" data-particle-mobile-disabled=\"false\" class=\"elementor-section elementor-top-section elementor-element elementor-element-2071d0 elementor-section-boxed elementor-section-height-default elementor-section-height-default\" data-id=\"2071d0\" data-element_type=\"section\">\n\t\t\t\t\t\t<div class=\"elementor-container elementor-column-gap-default\">\n\t\t\t\t\t\t\t<div class=\"elementor-row\">\n\t\t\t\t\t<div class=\"elementor-column elementor-col-50 elementor-top-column elementor-element elementor-element-29a20e94 elementor-invisible\" data-id=\"29a20e94\" data-element_type=\"column\" data-settings=\"{&quot;animation&quot;:&quot;fadeInLeft&quot;}\">\n\t\t\t<div class=\"elementor-column-wrap elementor-element-populated\">\n\t\t\t\t\t\t\t<div class=\"elementor-widget-wrap\">\n\t\t\t\t\t\t<div class=\"elementor-element elementor-element-5b372280 elementor-widget elementor-widget-image\" data-id=\"5b372280\" data-element_type=\"widget\" data-widget_type=\"image.default\">\n\t\t\t\t<div class=\"elementor-widget-container\">\n\t\t\t\t\t\t\t\t<div class=\"elementor-image\">\n\t\t\t\t\t\t\t\t\t\t\t\t<img decoding=\"async\" width=\"640\" height=\"425\" src=\"https:\/\/sadentista.com\/wp-content\/uploads\/2019\/12\/Cambios-Amalgama-Menorca.jpg\" class=\"attachment-full size-full wp-image-514\" alt=\"Cambios Amalgama Menorca\" loading=\"lazy\" srcset=\"https:\/\/sadentista.com\/wp-content\/uploads\/2019\/12\/Cambios-Amalgama-Menorca.jpg 640w, https:\/\/sadentista.com\/wp-content\/uploads\/2019\/12\/Cambios-Amalgama-Menorca-300x199.jpg 300w\" sizes=\"(max-width: 640px) 100vw, 640px\" \/>\t\t\t\t\t\t\t\t\t\t\t\t\t\t<\/div>\n\t\t\t\t\t\t<\/div>\n\t\t\t\t<\/div>\n\t\t\t\t\t\t<\/div>\n\t\t\t\t\t<\/div>\n\t\t<\/div>\n\t\t\t\t<div class=\"elementor-column elementor-col-50 elementor-top-column elementor-element elementor-element-21bc29c2 elementor-invisible\" data-id=\"21bc29c2\" data-element_type=\"column\" data-settings=\"{&quot;animation&quot;:&quot;fadeInRight&quot;}\">\n\t\t\t<div class=\"elementor-column-wrap elementor-element-populated\">\n\t\t\t\t\t\t\t<div class=\"elementor-widget-wrap\">\n\t\t\t\t\t\t<div class=\"elementor-element elementor-element-48555a6f elementor-widget elementor-widget-heading\" data-id=\"48555a6f\" data-element_type=\"widget\" data-widget_type=\"heading.default\">\n\t\t\t\t<div class=\"elementor-widget-container\">\n\t\t\t<h2 class=\"elementor-heading-title elementor-size-default\">Composite or porcelain veneers<\/h2>\t\t<\/div>\n\t\t\t\t<\/div>\n\t\t\t\t<div class=\"elementor-element elementor-element-40a2ebad elementor-widget elementor-widget-text-editor\" data-id=\"40a2ebad\" data-element_type=\"widget\" data-widget_type=\"text-editor.default\">\n\t\t\t\t<div class=\"elementor-widget-container\">\n\t\t\t\t\t\t\t\t<div class=\"elementor-text-editor elementor-clearfix\">\n\t\t\t\t<p>We want to know which one suits you best.<\/p><p>With them we can lengthen the teeth, change their shape or colour. Depending on the case we will use composite or porcelain.<\/p><p>Composite veneers are usually used for minor aesthetic details, porcelain veneers are usually used in major reconstructions.<\/p><p>.<\/p>\t\t\t\t\t<\/div>\n\t\t\t\t\t\t<\/div>\n\t\t\t\t<\/div>\n\t\t\t\t\t\t<\/div>\n\t\t\t\t\t<\/div>\n\t\t<\/div>\n\t\t\t\t\t\t\t\t<\/div>\n\t\t\t\t\t<\/div>\n\t\t<\/section>\n\t\t\t\t<section data-particle_enable=\"false\" data-particle-mobile-disabled=\"false\" class=\"elementor-section elementor-top-section elementor-element elementor-element-666d0a58 elementor-reverse-tablet elementor-reverse-mobile elementor-section-boxed elementor-section-height-default elementor-section-height-default\" data-id=\"666d0a58\" data-element_type=\"section\">\n\t\t\t\t\t\t<div class=\"elementor-container elementor-column-gap-default\">\n\t\t\t\t\t\t\t<div class=\"elementor-row\">\n\t\t\t\t\t<div class=\"elementor-column elementor-col-50 elementor-top-column elementor-element elementor-element-21807eca elementor-invisible\" data-id=\"21807eca\" data-element_type=\"column\" data-settings=\"{&quot;animation&quot;:&quot;fadeInLeft&quot;}\">\n\t\t\t<div class=\"elementor-column-wrap elementor-element-populated\">\n\t\t\t\t\t\t\t<div class=\"elementor-widget-wrap\">\n\t\t\t\t\t\t<div class=\"elementor-element elementor-element-2665cf2c elementor-widget elementor-widget-heading\" data-id=\"2665cf2c\" data-element_type=\"widget\" data-widget_type=\"heading.default\">\n\t\t\t\t<div class=\"elementor-widget-container\">\n\t\t\t<h2 class=\"elementor-heading-title elementor-size-default\">Orthodontics<\/h2>\t\t<\/div>\n\t\t\t\t<\/div>\n\t\t\t\t<div class=\"elementor-element elementor-element-6e3c37f7 elementor-widget elementor-widget-text-editor\" data-id=\"6e3c37f7\" data-element_type=\"widget\" data-widget_type=\"text-editor.default\">\n\t\t\t\t<div class=\"elementor-widget-container\">\n\t\t\t\t\t\t\t\t<div class=\"elementor-text-editor elementor-clearfix\">\n\t\t\t\t<p>We guide the teeth to a position in which they can perform their function correctly and aesthetically.<\/p><p>Each tooth must take its place, not only in the upper and lower row but also in the relationship between them: upper and lower jaw, if the teeth are not in their place they can cause interferences which affect the whole structure:<\/p>\t\t\t\t\t<\/div>\n\t\t\t\t\t\t<\/div>\n\t\t\t\t<\/div>\n\t\t\t\t<div class=\"elementor-element elementor-element-5490309d elementor-widget elementor-widget-eael-adv-accordion\" data-id=\"5490309d\" data-element_type=\"widget\" data-widget_type=\"eael-adv-accordion.default\">\n\t\t\t\t<div class=\"elementor-widget-container\">\n\t\t\t        <div class=\"eael-adv-accordion\" id=\"eael-adv-accordion-5490309d\" data-accordion-id=\"5490309d\" data-accordion-type=\"toggle\" data-toogle-speed=\"300\">\n    <div class=\"eael-accordion-list\">\n                <div id=\"more-information\" class=\"elementor-tab-title eael-accordion-header\" tabindex=\"1411\" data-tab=\"1\" role=\"tab\" aria-controls=\"elementor-tab-content-1411\"><span class=\"eael-accordion-tab-title\">More information<\/span><i aria-hidden=\"true\" class=\"fa-toggle fas fa-angle-right\"><\/i><\/div><div id=\"elementor-tab-content-1411\" class=\"eael-accordion-content clearfix\" data-tab=\"1\" role=\"tabpanel\" aria-labelledby=\"more-information\"><p><p>A deviated jaw is compensated by moving the spine to stabilize the body position, this can cause headaches and back pain because everything is related.<\/p><p>Orthodontics is the science that studies the correct placement of teeth and is based on three fundamental pillars: diagnosis, treatment and the collaboration of the patient and the family.<\/p><p>The objectives are: to achieve aligned teeth and arches that are harmonious and proportionate to the aesthetic pattern of the face, well related to each other due to having a correct function and hygiene and that the final result of the treatment lasts over time.<\/p><p>There are different types of appliances and techniques for moving teeth:<\/p><p>Removable appliances. RNO and flat and fixed appliances (metallic or aesthetic brackets made of different materials). Invisalign (invisible orthodontics based on splints).<\/p><\/p><\/div>\n                <\/div><\/div>\t\t<\/div>\n\t\t\t\t<\/div>\n\t\t\t\t\t\t<\/div>\n\t\t\t\t\t<\/div>\n\t\t<\/div>\n\t\t\t\t<div class=\"elementor-column elementor-col-50 elementor-top-column elementor-element elementor-element-54bce68d elementor-invisible\" data-id=\"54bce68d\" data-element_type=\"column\" data-settings=\"{&quot;animation&quot;:&quot;fadeInRight&quot;}\">\n\t\t\t<div class=\"elementor-column-wrap elementor-element-populated\">\n\t\t\t\t\t\t\t<div class=\"elementor-widget-wrap\">\n\t\t\t\t\t\t<div class=\"elementor-element elementor-element-267a0e41 elementor-widget elementor-widget-image\" data-id=\"267a0e41\" data-element_type=\"widget\" data-widget_type=\"image.default\">\n\t\t\t\t<div class=\"elementor-widget-container\">\n\t\t\t\t\t\t\t\t<div class=\"elementor-image\">\n\t\t\t\t\t\t\t\t\t\t\t\t<img decoding=\"async\" width=\"640\" height=\"425\" src=\"https:\/\/sadentista.com\/wp-content\/uploads\/2019\/12\/brackets.jpg\" class=\"attachment-full size-full wp-image-711\" alt=\"brackets\" loading=\"lazy\" srcset=\"https:\/\/sadentista.com\/wp-content\/uploads\/2019\/12\/brackets.jpg 640w, https:\/\/sadentista.com\/wp-content\/uploads\/2019\/12\/brackets-300x199.jpg 300w\" sizes=\"(max-width: 640px) 100vw, 640px\" \/>\t\t\t\t\t\t\t\t\t\t\t\t\t\t<\/div>\n\t\t\t\t\t\t<\/div>\n\t\t\t\t<\/div>\n\t\t\t\t\t\t<\/div>\n\t\t\t\t\t<\/div>\n\t\t<\/div>\n\t\t\t\t\t\t\t\t<\/div>\n\t\t\t\t\t<\/div>\n\t\t<\/section>\n\t\t\t\t<section data-particle_enable=\"false\" data-particle-mobile-disabled=\"false\" class=\"elementor-section elementor-top-section elementor-element elementor-element-738b67ff elementor-section-boxed elementor-section-height-default elementor-section-height-default\" data-id=\"738b67ff\" data-element_type=\"section\">\n\t\t\t\t\t\t<div class=\"elementor-container elementor-column-gap-default\">\n\t\t\t\t\t\t\t<div class=\"elementor-row\">\n\t\t\t\t\t<div class=\"elementor-column elementor-col-50 elementor-top-column elementor-element elementor-element-1973ce90 elementor-invisible\" data-id=\"1973ce90\" data-element_type=\"column\" data-settings=\"{&quot;animation&quot;:&quot;fadeInLeft&quot;}\">\n\t\t\t<div class=\"elementor-column-wrap elementor-element-populated\">\n\t\t\t\t\t\t\t<div class=\"elementor-widget-wrap\">\n\t\t\t\t\t\t<div class=\"elementor-element elementor-element-1bddcab3 elementor-widget elementor-widget-image\" data-id=\"1bddcab3\" data-element_type=\"widget\" data-widget_type=\"image.default\">\n\t\t\t\t<div class=\"elementor-widget-container\">\n\t\t\t\t\t\t\t\t<div class=\"elementor-image\">\n\t\t\t\t\t\t\t\t\t\t\t\t<img decoding=\"async\" width=\"640\" height=\"425\" src=\"https:\/\/sadentista.com\/wp-content\/uploads\/2019\/12\/Primera-visita-dentista.jpg\" class=\"attachment-full size-full wp-image-508\" alt=\"Primera visita dentista\" loading=\"lazy\" srcset=\"https:\/\/sadentista.com\/wp-content\/uploads\/2019\/12\/Primera-visita-dentista.jpg 640w, https:\/\/sadentista.com\/wp-content\/uploads\/2019\/12\/Primera-visita-dentista-300x199.jpg 300w\" sizes=\"(max-width: 640px) 100vw, 640px\" \/>\t\t\t\t\t\t\t\t\t\t\t\t\t\t<\/div>\n\t\t\t\t\t\t<\/div>\n\t\t\t\t<\/div>\n\t\t\t\t\t\t<\/div>\n\t\t\t\t\t<\/div>\n\t\t<\/div>\n\t\t\t\t<div class=\"elementor-column elementor-col-50 elementor-top-column elementor-element elementor-element-cbfc4e6 elementor-invisible\" data-id=\"cbfc4e6\" data-element_type=\"column\" data-settings=\"{&quot;animation&quot;:&quot;fadeInRight&quot;}\">\n\t\t\t<div class=\"elementor-column-wrap elementor-element-populated\">\n\t\t\t\t\t\t\t<div class=\"elementor-widget-wrap\">\n\t\t\t\t\t\t<div class=\"elementor-element elementor-element-15edd3cb elementor-widget elementor-widget-heading\" data-id=\"15edd3cb\" data-element_type=\"widget\" data-widget_type=\"heading.default\">\n\t\t\t\t<div class=\"elementor-widget-container\">\n\t\t\t<h2 class=\"elementor-heading-title elementor-size-default\">Dental whitening<\/h2>\t\t<\/div>\n\t\t\t\t<\/div>\n\t\t\t\t<div class=\"elementor-element elementor-element-dba788c elementor-widget elementor-widget-text-editor\" data-id=\"dba788c\" data-element_type=\"widget\" data-widget_type=\"text-editor.default\">\n\t\t\t\t<div class=\"elementor-widget-container\">\n\t\t\t\t\t\t\t\t<div class=\"elementor-text-editor elementor-clearfix\">\n\t\t\t\t<p>It is a procedure that allows to lighten the color of the teeth or to recover the natural color that may have been lost over the years.<\/p><p>A good diagnosis is essential to obtain the desired results.<\/p>\t\t\t\t\t<\/div>\n\t\t\t\t\t\t<\/div>\n\t\t\t\t<\/div>\n\t\t\t\t<div class=\"elementor-element elementor-element-18de0366 elementor-widget elementor-widget-eael-adv-accordion\" data-id=\"18de0366\" data-element_type=\"widget\" data-widget_type=\"eael-adv-accordion.default\">\n\t\t\t\t<div class=\"elementor-widget-container\">\n\t\t\t        <div class=\"eael-adv-accordion\" id=\"eael-adv-accordion-18de0366\" data-accordion-id=\"18de0366\" data-accordion-type=\"toggle\" data-toogle-speed=\"300\">\n    <div class=\"eael-accordion-list\">\n                <div id=\"more-information\" class=\"elementor-tab-title eael-accordion-header\" tabindex=\"4171\" data-tab=\"1\" role=\"tab\" aria-controls=\"elementor-tab-content-4171\"><span class=\"eael-accordion-tab-title\">More information<\/span><i aria-hidden=\"true\" class=\"fa-toggle fas fa-angle-right\"><\/i><\/div><div id=\"elementor-tab-content-4171\" class=\"eael-accordion-content clearfix\" data-tab=\"1\" role=\"tabpanel\" aria-labelledby=\"more-information\"><p><p>Before performing a whitening, it is advisable to perform oral hygiene as there may be plaque, calculus (\"tartar\") or extrinsic stains, due to diet, which camouflage the real color of the teeth. It is important to detect what factors have contributed to darkening the teeth and modify them so that the results of the treatment last longer. After the visit with the dentist, the patient can choose to have the treatment done at home or in the clinic. We use appropriate chemicals and also laser beam technique. Once the treatment is finished, you should return to the clinic for a control visit in which the improvement is evaluated.<\/p><\/p><\/div>\n                <\/div><\/div>\t\t<\/div>\n\t\t\t\t<\/div>\n\t\t\t\t\t\t<\/div>\n\t\t\t\t\t<\/div>\n\t\t<\/div>\n\t\t\t\t\t\t\t\t<\/div>\n\t\t\t\t\t<\/div>\n\t\t<\/section>\n\t\t\t\t\t\t\t\t\t<\/div>\n\t\t\t<\/div>\n\t\t\t\t\t<\/div>\n\t\t","protected":false},"excerpt":{"rendered":"<p>AESTHETICS \u201cWe seek the harmony of your smile, improving aesthetics\u201d Dental Aesthetics We improve the teeth to achieve greater facial aesthetic harmony. We can improve the colour, the shape, reduce or increase the size of the tooth, with state-of-the-art materials that allow us to maximise facial aesthetics. More information The following factors should be taken &#8230; <a title=\"Est\u00e9tica\" class=\"read-more\" href=\"https:\/\/sadentista.com\/en\/estetica-dental-menorca\/\">Leer m\u00e1s<\/a><\/p>\n","protected":false},"author":1,"featured_media":0,"parent":0,"menu_order":0,"comment_status":"closed","ping_status":"closed","template":"elementor_header_footer","meta":{"_mi_skip_tracking":false},"yoast_head":"<!-- This site is optimized with the Yoast SEO plugin v15.9.1 - https:\/\/yoast.com\/wordpress\/plugins\/seo\/ -->\n<title>Sa Dentista Mercadal | Est\u00e9tica dental y prevenci\u00f3n Menorca<\/title>\n<meta name=\"description\" content=\"Consigue una sonrisa perfecta y disfruta de ello. Contacta para informarte. Contamos con la \u00faltima t\u00e9conolog\u00eda en todo tipo de recursos est\u00e9ticos para ti.\" \/>\n<link rel=\"canonical\" href=\"https:\/\/sadentista.com\/en\/estetica-dental-menorca\/\" \/>\n<meta property=\"og:locale\" content=\"en_US\" \/>\n<meta property=\"og:type\" content=\"article\" \/>\n<meta property=\"og:title\" content=\"Sa Dentista Mercadal | Est\u00e9tica dental y prevenci\u00f3n Menorca\" \/>\n<meta property=\"og:description\" content=\"Consigue una sonrisa perfecta y disfruta de ello. Contacta para informarte. Contamos con la \u00faltima t\u00e9conolog\u00eda en todo tipo de recursos est\u00e9ticos para ti.\" \/>\n<meta property=\"og:url\" content=\"https:\/\/sadentista.com\/en\/estetica-dental-menorca\/\" \/>\n<meta property=\"og:site_name\" content=\"Sa Dentista Mercadal\" \/>\n<meta property=\"article:modified_time\" content=\"2020-10-04T14:17:15+00:00\" \/>\n<meta property=\"og:image\" content=\"https:\/\/sadentista.com\/wp-content\/uploads\/2019\/11\/estetica.png\" \/>\n<meta name=\"twitter:card\" content=\"summary_large_image\" \/>\n<meta name=\"twitter:label1\" content=\"Est. reading time\">\n\t<meta name=\"twitter:data1\" content=\"2 minutes\">\n<script type=\"application\/ld+json\" class=\"yoast-schema-graph\">{\"@context\":\"https:\/\/schema.org\",\"@graph\":[{\"@type\":\"WebSite\",\"@id\":\"https:\/\/sadentista.com\/ca\/#website\",\"url\":\"https:\/\/sadentista.com\/ca\/\",\"name\":\"Sa Dentista Mercadal\",\"description\":\"Odontologia per la salut\",\"potentialAction\":[{\"@type\":\"SearchAction\",\"target\":\"https:\/\/sadentista.com\/ca\/?s={search_term_string}\",\"query-input\":\"required name=search_term_string\"}],\"inLanguage\":\"en-US\"},{\"@type\":\"ImageObject\",\"@id\":\"https:\/\/sadentista.com\/en\/estetica-dental-menorca\/#primaryimage\",\"inLanguage\":\"en-US\",\"url\":\"https:\/\/sadentista.com\/wp-content\/uploads\/2019\/11\/estetica.png\",\"width\":90,\"height\":129},{\"@type\":\"WebPage\",\"@id\":\"https:\/\/sadentista.com\/en\/estetica-dental-menorca\/#webpage\",\"url\":\"https:\/\/sadentista.com\/en\/estetica-dental-menorca\/\",\"name\":\"Sa Dentista Mercadal | Est\\u00e9tica dental y prevenci\\u00f3n Menorca\",\"isPartOf\":{\"@id\":\"https:\/\/sadentista.com\/ca\/#website\"},\"primaryImageOfPage\":{\"@id\":\"https:\/\/sadentista.com\/en\/estetica-dental-menorca\/#primaryimage\"},\"datePublished\":\"2019-11-12T11:06:55+00:00\",\"dateModified\":\"2020-10-04T14:17:15+00:00\",\"description\":\"Consigue una sonrisa perfecta y disfruta de ello. Contacta para informarte. Contamos con la \\u00faltima t\\u00e9conolog\\u00eda en todo tipo de recursos est\\u00e9ticos para ti.\",\"breadcrumb\":{\"@id\":\"https:\/\/sadentista.com\/en\/estetica-dental-menorca\/#breadcrumb\"},\"inLanguage\":\"en-US\",\"potentialAction\":[{\"@type\":\"ReadAction\",\"target\":[\"https:\/\/sadentista.com\/en\/estetica-dental-menorca\/\"]}]},{\"@type\":\"BreadcrumbList\",\"@id\":\"https:\/\/sadentista.com\/en\/estetica-dental-menorca\/#breadcrumb\",\"itemListElement\":[{\"@type\":\"ListItem\",\"position\":1,\"item\":{\"@type\":\"WebPage\",\"@id\":\"https:\/\/sadentista.com\/es\/\",\"url\":\"https:\/\/sadentista.com\/es\/\",\"name\":\"Portada\"}},{\"@type\":\"ListItem\",\"position\":2,\"item\":{\"@type\":\"WebPage\",\"@id\":\"https:\/\/sadentista.com\/en\/estetica-dental-menorca\/\",\"url\":\"https:\/\/sadentista.com\/en\/estetica-dental-menorca\/\",\"name\":\"Est\\u00e9tica\"}}]}]}<\/script>\n<!-- \/ Yoast SEO plugin. -->","_links":{"self":[{"href":"https:\/\/sadentista.com\/en\/wp-json\/wp\/v2\/pages\/968"}],"collection":[{"href":"https:\/\/sadentista.com\/en\/wp-json\/wp\/v2\/pages"}],"about":[{"href":"https:\/\/sadentista.com\/en\/wp-json\/wp\/v2\/types\/page"}],"author":[{"embeddable":true,"href":"https:\/\/sadentista.com\/en\/wp-json\/wp\/v2\/users\/1"}],"replies":[{"embeddable":true,"href":"https:\/\/sadentista.com\/en\/wp-json\/wp\/v2\/comments?post=968"}],"version-history":[{"count":16,"href":"https:\/\/sadentista.com\/en\/wp-json\/wp\/v2\/pages\/968\/revisions"}],"predecessor-version":[{"id":1596,"href":"https:\/\/sadentista.com\/en\/wp-json\/wp\/v2\/pages\/968\/revisions\/1596"}],"wp:attachment":[{"href":"https:\/\/sadentista.com\/en\/wp-json\/wp\/v2\/media?parent=968"}],"curies":[{"name":"wp","href":"https:\/\/api.w.org\/{rel}","templated":true}]}}