{"id":1013,"date":"2020-07-17T07:57:36","date_gmt":"2020-07-17T07:57:36","guid":{"rendered":"https:\/\/sadentista.com\/?page_id=1013"},"modified":"2020-11-06T12:13:57","modified_gmt":"2020-11-06T12:13:57","slug":"filosofia-2","status":"publish","type":"page","link":"https:\/\/sadentista.com\/en\/filosofia-2\/","title":{"rendered":"Ing Filosof\u00eda"},"content":{"rendered":"\t\t<div data-elementor-type=\"wp-page\" data-elementor-id=\"1013\" class=\"elementor elementor-1013 elementor-218\">\n\t\t\t\t\t\t<div class=\"elementor-inner\">\n\t\t\t\t<div class=\"elementor-section-wrap\">\n\t\t\t\t\t\t\t\t\t<section data-particle_enable=\"false\" data-particle-mobile-disabled=\"false\" class=\"elementor-section elementor-top-section elementor-element elementor-element-2197f956 elementor-section-boxed elementor-section-height-default elementor-section-height-default\" data-id=\"2197f956\" data-element_type=\"section\" data-settings=\"{&quot;background_background&quot;:&quot;classic&quot;}\">\n\t\t\t\t\t\t\t<div class=\"elementor-background-overlay\"><\/div>\n\t\t\t\t\t\t\t<div class=\"elementor-container elementor-column-gap-default\">\n\t\t\t\t\t\t\t<div class=\"elementor-row\">\n\t\t\t\t\t<div class=\"elementor-column elementor-col-100 elementor-top-column elementor-element elementor-element-49509ea2\" data-id=\"49509ea2\" data-element_type=\"column\">\n\t\t\t<div class=\"elementor-column-wrap elementor-element-populated\">\n\t\t\t\t\t\t\t<div class=\"elementor-widget-wrap\">\n\t\t\t\t\t\t<div class=\"elementor-element elementor-element-35f274b7 elementor-widget elementor-widget-heading\" data-id=\"35f274b7\" data-element_type=\"widget\" data-widget_type=\"heading.default\">\n\t\t\t\t<div class=\"elementor-widget-container\">\n\t\t\t<h2 class=\"elementor-heading-title elementor-size-default\">FILOSOFIA<\/h2>\t\t<\/div>\n\t\t\t\t<\/div>\n\t\t\t\t\t\t<\/div>\n\t\t\t\t\t<\/div>\n\t\t<\/div>\n\t\t\t\t\t\t\t\t<\/div>\n\t\t\t\t\t<\/div>\n\t\t<\/section>\n\t\t\t\t<section data-particle_enable=\"false\" data-particle-mobile-disabled=\"false\" class=\"elementor-section elementor-top-section elementor-element elementor-element-29f528b0 elementor-reverse-tablet elementor-reverse-mobile elementor-section-boxed elementor-section-height-default elementor-section-height-default\" data-id=\"29f528b0\" data-element_type=\"section\">\n\t\t\t\t\t\t<div class=\"elementor-container elementor-column-gap-default\">\n\t\t\t\t\t\t\t<div class=\"elementor-row\">\n\t\t\t\t\t<div class=\"elementor-column elementor-col-50 elementor-top-column elementor-element elementor-element-4c02d30c elementor-invisible\" data-id=\"4c02d30c\" data-element_type=\"column\" data-settings=\"{&quot;animation&quot;:&quot;fadeInLeft&quot;}\">\n\t\t\t<div class=\"elementor-column-wrap elementor-element-populated\">\n\t\t\t\t\t\t\t<div class=\"elementor-widget-wrap\">\n\t\t\t\t\t\t<div class=\"elementor-element elementor-element-2949b422 elementor-widget elementor-widget-text-editor\" data-id=\"2949b422\" data-element_type=\"widget\" data-widget_type=\"text-editor.default\">\n\t\t\t\t<div class=\"elementor-widget-container\">\n\t\t\t\t\t\t\t\t<div class=\"elementor-text-editor elementor-clearfix\">\n\t\t\t\t<h2>Nuestra <b>filosof\u00eda<\/b> est\u00e1 basada en valores fundamentales, consideramos a la <b>persona<\/b> en su <b>totalidad<\/b> f\u00edsica, emocional y mental, siendo la boca la destinataria de nuestra especializaci\u00f3n.<\/h2>\t\t\t\t\t<\/div>\n\t\t\t\t\t\t<\/div>\n\t\t\t\t<\/div>\n\t\t\t\t\t\t<\/div>\n\t\t\t\t\t<\/div>\n\t\t<\/div>\n\t\t\t\t<div class=\"elementor-column elementor-col-50 elementor-top-column elementor-element elementor-element-6a6b5a39 elementor-invisible\" data-id=\"6a6b5a39\" data-element_type=\"column\" data-settings=\"{&quot;animation&quot;:&quot;fadeInRight&quot;}\">\n\t\t\t<div class=\"elementor-column-wrap elementor-element-populated\">\n\t\t\t\t\t\t\t<div class=\"elementor-widget-wrap\">\n\t\t\t\t\t\t<div class=\"elementor-element elementor-element-31f23c71 elementor-widget elementor-widget-image\" data-id=\"31f23c71\" data-element_type=\"widget\" data-widget_type=\"image.default\">\n\t\t\t\t<div class=\"elementor-widget-container\">\n\t\t\t\t\t\t\t\t<div class=\"elementor-image\">\n\t\t\t\t\t\t\t\t\t\t\t\t<img decoding=\"async\" width=\"800\" height=\"540\" src=\"https:\/\/sadentista.com\/wp-content\/uploads\/2019\/12\/Pensador-Sa-Dentista-Mercadal.jpg\" class=\"attachment-full size-full wp-image-483\" alt=\"Pensador Sa Dentista Mercadal\" loading=\"lazy\" srcset=\"https:\/\/sadentista.com\/wp-content\/uploads\/2019\/12\/Pensador-Sa-Dentista-Mercadal.jpg 800w, https:\/\/sadentista.com\/wp-content\/uploads\/2019\/12\/Pensador-Sa-Dentista-Mercadal-300x203.jpg 300w, https:\/\/sadentista.com\/wp-content\/uploads\/2019\/12\/Pensador-Sa-Dentista-Mercadal-768x518.jpg 768w\" sizes=\"(max-width: 800px) 100vw, 800px\" \/>\t\t\t\t\t\t\t\t\t\t\t\t\t\t<\/div>\n\t\t\t\t\t\t<\/div>\n\t\t\t\t<\/div>\n\t\t\t\t\t\t<\/div>\n\t\t\t\t\t<\/div>\n\t\t<\/div>\n\t\t\t\t\t\t\t\t<\/div>\n\t\t\t\t\t<\/div>\n\t\t<\/section>\n\t\t\t\t<section data-particle_enable=\"false\" data-particle-mobile-disabled=\"false\" class=\"elementor-section elementor-top-section elementor-element elementor-element-37a8a882 elementor-section-boxed elementor-section-height-default elementor-section-height-default\" data-id=\"37a8a882\" data-element_type=\"section\">\n\t\t\t\t\t\t<div class=\"elementor-container elementor-column-gap-default\">\n\t\t\t\t\t\t\t<div class=\"elementor-row\">\n\t\t\t\t\t<div class=\"elementor-column elementor-col-50 elementor-top-column elementor-element elementor-element-15d27ecb elementor-invisible\" data-id=\"15d27ecb\" data-element_type=\"column\" data-settings=\"{&quot;animation&quot;:&quot;fadeInLeft&quot;}\">\n\t\t\t<div class=\"elementor-column-wrap elementor-element-populated\">\n\t\t\t\t\t\t\t<div class=\"elementor-widget-wrap\">\n\t\t\t\t\t\t<div class=\"elementor-element elementor-element-6e4316af elementor-widget elementor-widget-image\" data-id=\"6e4316af\" data-element_type=\"widget\" data-widget_type=\"image.default\">\n\t\t\t\t<div class=\"elementor-widget-container\">\n\t\t\t\t\t\t\t\t<div class=\"elementor-image\">\n\t\t\t\t\t\t\t\t\t\t\t\t<img decoding=\"async\" width=\"700\" height=\"916\" src=\"https:\/\/sadentista.com\/wp-content\/uploads\/2019\/12\/Sonrisa-Mercadal.jpg\" class=\"attachment-large size-large wp-image-484\" alt=\"Sonrisa Mercadal\" loading=\"lazy\" srcset=\"https:\/\/sadentista.com\/wp-content\/uploads\/2019\/12\/Sonrisa-Mercadal.jpg 700w, https:\/\/sadentista.com\/wp-content\/uploads\/2019\/12\/Sonrisa-Mercadal-229x300.jpg 229w\" sizes=\"(max-width: 700px) 100vw, 700px\" \/>\t\t\t\t\t\t\t\t\t\t\t\t\t\t<\/div>\n\t\t\t\t\t\t<\/div>\n\t\t\t\t<\/div>\n\t\t\t\t\t\t<\/div>\n\t\t\t\t\t<\/div>\n\t\t<\/div>\n\t\t\t\t<div class=\"elementor-column elementor-col-50 elementor-top-column elementor-element elementor-element-619c1e52 elementor-invisible\" data-id=\"619c1e52\" data-element_type=\"column\" data-settings=\"{&quot;animation&quot;:&quot;fadeInRight&quot;}\">\n\t\t\t<div class=\"elementor-column-wrap elementor-element-populated\">\n\t\t\t\t\t\t\t<div class=\"elementor-widget-wrap\">\n\t\t\t\t\t\t<div class=\"elementor-element elementor-element-7aaceb87 elementor-widget elementor-widget-heading\" data-id=\"7aaceb87\" data-element_type=\"widget\" data-widget_type=\"heading.default\">\n\t\t\t\t<div class=\"elementor-widget-container\">\n\t\t\t<h2 class=\"elementor-heading-title elementor-size-default\">Prevenci\u00f3n<\/h2>\t\t<\/div>\n\t\t\t\t<\/div>\n\t\t\t\t<div class=\"elementor-element elementor-element-6b1fc1f elementor-widget elementor-widget-text-editor\" data-id=\"6b1fc1f\" data-element_type=\"widget\" data-widget_type=\"text-editor.default\">\n\t\t\t\t<div class=\"elementor-widget-container\">\n\t\t\t\t\t\t\t\t<div class=\"elementor-text-editor elementor-clearfix\">\n\t\t\t\t<p>Por la <b>boca<\/b> nos alimentamos, respiramos, nos comunicamos, expresamos nuestros sentimientos, besamos y amamos, re\u00edmos y lloramos. Por eso nos gusta cuidarla, por eso amamos nuestra <b>profesi\u00f3n<\/b>.<\/p><p>Sabemos la indefensi\u00f3n que causa el hecho de sentarse en el sill\u00f3n dental.\u00a0<\/p><p>Como pacientes, al entregarnos a la persona que va a cuidar nuestra boca, perdemos el habla y el control, no podemos comunicarnos, nos sentimos indefensos, estirados y con la boca abierta y con un tubo aspirador colgando que nos impide cualquier movimiento\u2026.. sabemos de ese miedo ancestral, por eso somos muy <b>cuidadosos<\/b> atendiendo a la persona utilizando todos los medios necesarios para que se sienta <b>c\u00f3moda<\/b> y feliz, esto a su vez nos va a permitir poder trabajar tranquilos y tambi\u00e9n sentirnos c\u00f3modos y felices nosotros mismos.<\/p><p>\u00a0<\/p>\t\t\t\t\t<\/div>\n\t\t\t\t\t\t<\/div>\n\t\t\t\t<\/div>\n\t\t\t\t\t\t<\/div>\n\t\t\t\t\t<\/div>\n\t\t<\/div>\n\t\t\t\t\t\t\t\t<\/div>\n\t\t\t\t\t<\/div>\n\t\t<\/section>\n\t\t\t\t<section data-particle_enable=\"false\" data-particle-mobile-disabled=\"false\" class=\"elementor-section elementor-top-section elementor-element elementor-element-a2f21ab elementor-reverse-tablet elementor-reverse-mobile elementor-section-boxed elementor-section-height-default elementor-section-height-default\" data-id=\"a2f21ab\" data-element_type=\"section\">\n\t\t\t\t\t\t<div class=\"elementor-container elementor-column-gap-default\">\n\t\t\t\t\t\t\t<div class=\"elementor-row\">\n\t\t\t\t\t<div class=\"elementor-column elementor-col-50 elementor-top-column elementor-element elementor-element-1f07c507 elementor-invisible\" data-id=\"1f07c507\" data-element_type=\"column\" data-settings=\"{&quot;animation&quot;:&quot;fadeInLeft&quot;}\">\n\t\t\t<div class=\"elementor-column-wrap elementor-element-populated\">\n\t\t\t\t\t\t\t<div class=\"elementor-widget-wrap\">\n\t\t\t\t\t\t<div class=\"elementor-element elementor-element-5851fc6f elementor-widget elementor-widget-heading\" data-id=\"5851fc6f\" data-element_type=\"widget\" data-widget_type=\"heading.default\">\n\t\t\t\t<div class=\"elementor-widget-container\">\n\t\t\t<h2 class=\"elementor-heading-title elementor-size-default\">Conservaci\u00f3n<\/h2>\t\t<\/div>\n\t\t\t\t<\/div>\n\t\t\t\t<div class=\"elementor-element elementor-element-1b536e81 elementor-widget elementor-widget-text-editor\" data-id=\"1b536e81\" data-element_type=\"widget\" data-widget_type=\"text-editor.default\">\n\t\t\t\t<div class=\"elementor-widget-container\">\n\t\t\t\t\t\t\t\t<div class=\"elementor-text-editor elementor-clearfix\">\n\t\t\t\t<p>A trav\u00e9s de nuestra boca <b>empieza la vida<\/b>, el primer grito, el primer llanto, la primera respiraci\u00f3n, es importante cuidar la boca, a trav\u00e9s de ella vamos a relacionarnos durante toda nuestra vida, es por eso que damos tanta importancia a la <b>prevenci\u00f3n<\/b>.<\/p><p>Nos gusta nuestro trabajo, pero preferimos trabajar en lo menos traum\u00e1tico. Preferimos trabajar en la prevenci\u00f3n, es m\u00e1s f\u00e1cil cuidar los dientes para que duren toda la vida.\u00a0<\/p><p>Por tanto la conclusi\u00f3n es que lo que m\u00e1s interesa en nuestra cl\u00ednica para el cuidado de nuestros pacientes es la <b>prevenci\u00f3n<\/b>. Si aprendemos a cuidarnos nuestros dientes no se estropear\u00e1n, ahorraremos el trabajo de reparaci\u00f3n de los mismos. Hay que tener tambi\u00e9n en cuenta que un diente restaurado ya nunca ser\u00e1 un diente sano, porque los materiales usados para \u201ctapar agujero\u201d no son perfectos.<\/p>\t\t\t\t\t<\/div>\n\t\t\t\t\t\t<\/div>\n\t\t\t\t<\/div>\n\t\t\t\t\t\t<\/div>\n\t\t\t\t\t<\/div>\n\t\t<\/div>\n\t\t\t\t<div class=\"elementor-column elementor-col-50 elementor-top-column elementor-element elementor-element-34ee8d61 elementor-invisible\" data-id=\"34ee8d61\" data-element_type=\"column\" data-settings=\"{&quot;animation&quot;:&quot;fadeInRight&quot;}\">\n\t\t\t<div class=\"elementor-column-wrap elementor-element-populated\">\n\t\t\t\t\t\t\t<div class=\"elementor-widget-wrap\">\n\t\t\t\t\t\t<div class=\"elementor-element elementor-element-2ab147df elementor-widget elementor-widget-image\" data-id=\"2ab147df\" data-element_type=\"widget\" data-widget_type=\"image.default\">\n\t\t\t\t<div class=\"elementor-widget-container\">\n\t\t\t\t\t\t\t\t<div class=\"elementor-image\">\n\t\t\t\t\t\t\t\t\t\t\t\t<img decoding=\"async\" width=\"510\" height=\"426\" src=\"https:\/\/sadentista.com\/wp-content\/uploads\/2019\/09\/prvencion21.jpg\" class=\"attachment-large size-large wp-image-260\" alt=\"\" loading=\"lazy\" srcset=\"https:\/\/sadentista.com\/wp-content\/uploads\/2019\/09\/prvencion21.jpg 510w, https:\/\/sadentista.com\/wp-content\/uploads\/2019\/09\/prvencion21-300x251.jpg 300w\" sizes=\"(max-width: 510px) 100vw, 510px\" \/>\t\t\t\t\t\t\t\t\t\t\t\t\t\t<\/div>\n\t\t\t\t\t\t<\/div>\n\t\t\t\t<\/div>\n\t\t\t\t\t\t<\/div>\n\t\t\t\t\t<\/div>\n\t\t<\/div>\n\t\t\t\t\t\t\t\t<\/div>\n\t\t\t\t\t<\/div>\n\t\t<\/section>\n\t\t\t\t<section data-particle_enable=\"false\" data-particle-mobile-disabled=\"false\" class=\"elementor-section elementor-top-section elementor-element elementor-element-44ae3ea8 elementor-section-boxed elementor-section-height-default elementor-section-height-default\" data-id=\"44ae3ea8\" data-element_type=\"section\">\n\t\t\t\t\t\t<div class=\"elementor-container elementor-column-gap-default\">\n\t\t\t\t\t\t\t<div class=\"elementor-row\">\n\t\t\t\t\t<div class=\"elementor-column elementor-col-50 elementor-top-column elementor-element elementor-element-50ed82fa elementor-invisible\" data-id=\"50ed82fa\" data-element_type=\"column\" data-settings=\"{&quot;animation&quot;:&quot;fadeInLeft&quot;}\">\n\t\t\t<div class=\"elementor-column-wrap elementor-element-populated\">\n\t\t\t\t\t\t\t<div class=\"elementor-widget-wrap\">\n\t\t\t\t\t\t<div class=\"elementor-element elementor-element-674e5835 elementor-widget elementor-widget-image\" data-id=\"674e5835\" data-element_type=\"widget\" data-widget_type=\"image.default\">\n\t\t\t\t<div class=\"elementor-widget-container\">\n\t\t\t\t\t\t\t\t<div class=\"elementor-image\">\n\t\t\t\t\t\t\t\t\t\t\t\t<img decoding=\"async\" width=\"800\" height=\"572\" src=\"https:\/\/sadentista.com\/wp-content\/uploads\/2019\/12\/Tecnologia-Sa-Dentista-Mercadal.jpg\" class=\"attachment-large size-large wp-image-486\" alt=\"Tecnologia Sa Dentista Mercadal\" loading=\"lazy\" srcset=\"https:\/\/sadentista.com\/wp-content\/uploads\/2019\/12\/Tecnologia-Sa-Dentista-Mercadal.jpg 800w, https:\/\/sadentista.com\/wp-content\/uploads\/2019\/12\/Tecnologia-Sa-Dentista-Mercadal-300x215.jpg 300w, https:\/\/sadentista.com\/wp-content\/uploads\/2019\/12\/Tecnologia-Sa-Dentista-Mercadal-768x549.jpg 768w\" sizes=\"(max-width: 800px) 100vw, 800px\" \/>\t\t\t\t\t\t\t\t\t\t\t\t\t\t<\/div>\n\t\t\t\t\t\t<\/div>\n\t\t\t\t<\/div>\n\t\t\t\t\t\t<\/div>\n\t\t\t\t\t<\/div>\n\t\t<\/div>\n\t\t\t\t<div class=\"elementor-column elementor-col-50 elementor-top-column elementor-element elementor-element-25993483 elementor-invisible\" data-id=\"25993483\" data-element_type=\"column\" data-settings=\"{&quot;animation&quot;:&quot;fadeInRight&quot;}\">\n\t\t\t<div class=\"elementor-column-wrap elementor-element-populated\">\n\t\t\t\t\t\t\t<div class=\"elementor-widget-wrap\">\n\t\t\t\t\t\t<div class=\"elementor-element elementor-element-3ddc7838 elementor-widget elementor-widget-heading\" data-id=\"3ddc7838\" data-element_type=\"widget\" data-widget_type=\"heading.default\">\n\t\t\t\t<div class=\"elementor-widget-container\">\n\t\t\t<h2 class=\"elementor-heading-title elementor-size-default\">\u00daltima tecnolog\u00eda<\/h2>\t\t<\/div>\n\t\t\t\t<\/div>\n\t\t\t\t<div class=\"elementor-element elementor-element-2a443cec elementor-widget elementor-widget-text-editor\" data-id=\"2a443cec\" data-element_type=\"widget\" data-widget_type=\"text-editor.default\">\n\t\t\t\t<div class=\"elementor-widget-container\">\n\t\t\t\t\t\t\t\t<div class=\"elementor-text-editor elementor-clearfix\">\n\t\t\t\t<p>Por m\u00e1s que estemos avanzando en materiales y en t\u00e9cnicas nunca ser\u00e1 lo mismo un <b>diente sano<\/b> y propio que un diente empastado o postizo, a la naturaleza podemos copiarla pero nunca igualarla.<\/p><p>Pero no se acaba todo aqu\u00ed, si por lo que sea nos fallan los dientes los podemos reparar, usamos las t\u00e9cnicas m\u00e1s avanzadas para reemplazar las p\u00e9rdidas dentales por piezas artificiales buscando siempre la soluci\u00f3n m\u00e1s adecuada a las personas y a sus circunstancias, estamos preparados para hacer la vida m\u00e1s f\u00e1cil con una <b>boca sana<\/b> y una sonrisa feliz.<\/p>\t\t\t\t\t<\/div>\n\t\t\t\t\t\t<\/div>\n\t\t\t\t<\/div>\n\t\t\t\t\t\t<\/div>\n\t\t\t\t\t<\/div>\n\t\t<\/div>\n\t\t\t\t\t\t\t\t<\/div>\n\t\t\t\t\t<\/div>\n\t\t<\/section>\n\t\t\t\t\t\t\t\t\t<\/div>\n\t\t\t<\/div>\n\t\t\t\t\t<\/div>\n\t\t","protected":false},"excerpt":{"rendered":"<p>FILOSOFIA Nuestra filosof\u00eda est\u00e1 basada en valores fundamentales, consideramos a la persona en su totalidad f\u00edsica, emocional y mental, siendo la boca la destinataria de nuestra especializaci\u00f3n. Prevenci\u00f3n Por la boca nos alimentamos, respiramos, nos comunicamos, expresamos nuestros sentimientos, besamos y amamos, re\u00edmos y lloramos. Por eso nos gusta cuidarla, por eso amamos nuestra profesi\u00f3n. &#8230; <a title=\"Ing Filosof\u00eda\" class=\"read-more\" href=\"https:\/\/sadentista.com\/en\/filosofia-2\/\">Leer m\u00e1s<\/a><\/p>\n","protected":false},"author":1,"featured_media":0,"parent":0,"menu_order":0,"comment_status":"closed","ping_status":"closed","template":"elementor_header_footer","meta":{"_mi_skip_tracking":false},"yoast_head":"<!-- This site is optimized with the Yoast SEO plugin v15.9.1 - https:\/\/yoast.com\/wordpress\/plugins\/seo\/ -->\n<title>Ing Filosof\u00eda - Sa Dentista Mercadal<\/title>\n<link rel=\"canonical\" href=\"https:\/\/sadentista.com\/en\/filosofia-2\/\" \/>\n<meta property=\"og:locale\" content=\"en_US\" \/>\n<meta property=\"og:type\" content=\"article\" \/>\n<meta property=\"og:title\" content=\"Ing Filosof\u00eda - Sa Dentista Mercadal\" \/>\n<meta property=\"og:description\" content=\"FILOSOFIA Nuestra filosof\u00eda est\u00e1 basada en valores fundamentales, consideramos a la persona en su totalidad f\u00edsica, emocional y mental, siendo la boca la destinataria de nuestra especializaci\u00f3n. Prevenci\u00f3n Por la boca nos alimentamos, respiramos, nos comunicamos, expresamos nuestros sentimientos, besamos y amamos, re\u00edmos y lloramos. Por eso nos gusta cuidarla, por eso amamos nuestra profesi\u00f3n. ... Leer m\u00e1s\" \/>\n<meta property=\"og:url\" content=\"https:\/\/sadentista.com\/en\/filosofia-2\/\" \/>\n<meta property=\"og:site_name\" content=\"Sa Dentista Mercadal\" \/>\n<meta property=\"article:modified_time\" content=\"2020-11-06T12:13:57+00:00\" \/>\n<meta property=\"og:image\" content=\"https:\/\/sadentista.com\/wp-content\/uploads\/2019\/12\/Pensador-Sa-Dentista-Mercadal.jpg\" \/>\n<meta name=\"twitter:card\" content=\"summary_large_image\" \/>\n<meta name=\"twitter:label1\" content=\"Est. reading time\">\n\t<meta name=\"twitter:data1\" content=\"2 minutes\">\n<script type=\"application\/ld+json\" class=\"yoast-schema-graph\">{\"@context\":\"https:\/\/schema.org\",\"@graph\":[{\"@type\":\"WebSite\",\"@id\":\"https:\/\/sadentista.com\/ca\/#website\",\"url\":\"https:\/\/sadentista.com\/ca\/\",\"name\":\"Sa Dentista Mercadal\",\"description\":\"Odontologia per la salut\",\"potentialAction\":[{\"@type\":\"SearchAction\",\"target\":\"https:\/\/sadentista.com\/ca\/?s={search_term_string}\",\"query-input\":\"required name=search_term_string\"}],\"inLanguage\":\"en-US\"},{\"@type\":\"ImageObject\",\"@id\":\"https:\/\/sadentista.com\/en\/filosofia-2\/#primaryimage\",\"inLanguage\":\"en-US\",\"url\":\"https:\/\/sadentista.com\/wp-content\/uploads\/2019\/12\/Pensador-Sa-Dentista-Mercadal.jpg\",\"width\":800,\"height\":540,\"caption\":\"Pensador Sa Dentista Mercadal\"},{\"@type\":\"WebPage\",\"@id\":\"https:\/\/sadentista.com\/en\/filosofia-2\/#webpage\",\"url\":\"https:\/\/sadentista.com\/en\/filosofia-2\/\",\"name\":\"Ing Filosof\\u00eda - Sa Dentista Mercadal\",\"isPartOf\":{\"@id\":\"https:\/\/sadentista.com\/ca\/#website\"},\"primaryImageOfPage\":{\"@id\":\"https:\/\/sadentista.com\/en\/filosofia-2\/#primaryimage\"},\"datePublished\":\"2020-07-17T07:57:36+00:00\",\"dateModified\":\"2020-11-06T12:13:57+00:00\",\"breadcrumb\":{\"@id\":\"https:\/\/sadentista.com\/en\/filosofia-2\/#breadcrumb\"},\"inLanguage\":\"en-US\",\"potentialAction\":[{\"@type\":\"ReadAction\",\"target\":[\"https:\/\/sadentista.com\/en\/filosofia-2\/\"]}]},{\"@type\":\"BreadcrumbList\",\"@id\":\"https:\/\/sadentista.com\/en\/filosofia-2\/#breadcrumb\",\"itemListElement\":[{\"@type\":\"ListItem\",\"position\":1,\"item\":{\"@type\":\"WebPage\",\"@id\":\"https:\/\/sadentista.com\/es\/\",\"url\":\"https:\/\/sadentista.com\/es\/\",\"name\":\"Portada\"}},{\"@type\":\"ListItem\",\"position\":2,\"item\":{\"@type\":\"WebPage\",\"@id\":\"https:\/\/sadentista.com\/en\/filosofia-2\/\",\"url\":\"https:\/\/sadentista.com\/en\/filosofia-2\/\",\"name\":\"Ing Filosof\\u00eda\"}}]}]}<\/script>\n<!-- \/ Yoast SEO plugin. -->","_links":{"self":[{"href":"https:\/\/sadentista.com\/en\/wp-json\/wp\/v2\/pages\/1013"}],"collection":[{"href":"https:\/\/sadentista.com\/en\/wp-json\/wp\/v2\/pages"}],"about":[{"href":"https:\/\/sadentista.com\/en\/wp-json\/wp\/v2\/types\/page"}],"author":[{"embeddable":true,"href":"https:\/\/sadentista.com\/en\/wp-json\/wp\/v2\/users\/1"}],"replies":[{"embeddable":true,"href":"https:\/\/sadentista.com\/en\/wp-json\/wp\/v2\/comments?post=1013"}],"version-history":[{"count":8,"href":"https:\/\/sadentista.com\/en\/wp-json\/wp\/v2\/pages\/1013\/revisions"}],"predecessor-version":[{"id":1756,"href":"https:\/\/sadentista.com\/en\/wp-json\/wp\/v2\/pages\/1013\/revisions\/1756"}],"wp:attachment":[{"href":"https:\/\/sadentista.com\/en\/wp-json\/wp\/v2\/media?parent=1013"}],"curies":[{"name":"wp","href":"https:\/\/api.w.org\/{rel}","templated":true}]}}