{"id":991,"date":"2020-07-17T07:53:38","date_gmt":"2020-07-17T07:53:38","guid":{"rendered":"https:\/\/sadentista.com\/?page_id=991"},"modified":"2021-03-04T15:40:39","modified_gmt":"2021-03-04T15:40:39","slug":"filosofia","status":"publish","type":"page","link":"https:\/\/sadentista.com\/ca\/filosofia\/","title":{"rendered":"Cat Filosof\u00eda"},"content":{"rendered":"\t\t<div data-elementor-type=\"wp-page\" data-elementor-id=\"991\" class=\"elementor elementor-991 elementor-918\">\n\t\t\t\t\t\t<div class=\"elementor-inner\">\n\t\t\t\t<div class=\"elementor-section-wrap\">\n\t\t\t\t\t\t\t\t\t<section data-particle_enable=\"false\" data-particle-mobile-disabled=\"false\" class=\"elementor-section elementor-top-section elementor-element elementor-element-2197f956 elementor-section-boxed elementor-section-height-default elementor-section-height-default\" data-id=\"2197f956\" data-element_type=\"section\" data-settings=\"{&quot;background_background&quot;:&quot;classic&quot;}\">\n\t\t\t\t\t\t\t<div class=\"elementor-background-overlay\"><\/div>\n\t\t\t\t\t\t\t<div class=\"elementor-container elementor-column-gap-default\">\n\t\t\t\t\t\t\t<div class=\"elementor-row\">\n\t\t\t\t\t<div class=\"elementor-column elementor-col-100 elementor-top-column elementor-element elementor-element-49509ea2\" data-id=\"49509ea2\" data-element_type=\"column\">\n\t\t\t<div class=\"elementor-column-wrap elementor-element-populated\">\n\t\t\t\t\t\t\t<div class=\"elementor-widget-wrap\">\n\t\t\t\t\t\t<div class=\"elementor-element elementor-element-35f274b7 elementor-widget elementor-widget-heading\" data-id=\"35f274b7\" data-element_type=\"widget\" data-widget_type=\"heading.default\">\n\t\t\t\t<div class=\"elementor-widget-container\">\n\t\t\t<h2 class=\"elementor-heading-title elementor-size-default\">FILOSOFIA<\/h2>\t\t<\/div>\n\t\t\t\t<\/div>\n\t\t\t\t\t\t<\/div>\n\t\t\t\t\t<\/div>\n\t\t<\/div>\n\t\t\t\t\t\t\t\t<\/div>\n\t\t\t\t\t<\/div>\n\t\t<\/section>\n\t\t\t\t<section data-particle_enable=\"false\" data-particle-mobile-disabled=\"false\" class=\"elementor-section elementor-top-section elementor-element elementor-element-8cd18ca elementor-reverse-tablet elementor-reverse-mobile elementor-section-boxed elementor-section-height-default elementor-section-height-default\" data-id=\"8cd18ca\" data-element_type=\"section\">\n\t\t\t\t\t\t<div class=\"elementor-container elementor-column-gap-default\">\n\t\t\t\t\t\t\t<div class=\"elementor-row\">\n\t\t\t\t\t<div class=\"elementor-column elementor-col-50 elementor-top-column elementor-element elementor-element-6c038a1 elementor-invisible\" data-id=\"6c038a1\" data-element_type=\"column\" data-settings=\"{&quot;animation&quot;:&quot;fadeInLeft&quot;}\">\n\t\t\t<div class=\"elementor-column-wrap elementor-element-populated\">\n\t\t\t\t\t\t\t<div class=\"elementor-widget-wrap\">\n\t\t\t\t\t\t<div class=\"elementor-element elementor-element-77a95b0 elementor-widget elementor-widget-text-editor\" data-id=\"77a95b0\" data-element_type=\"widget\" data-widget_type=\"text-editor.default\">\n\t\t\t\t<div class=\"elementor-widget-container\">\n\t\t\t\t\t\t\t\t<div class=\"elementor-text-editor elementor-clearfix\">\n\t\t\t\t<h2>La nostra filosofia est\u00e0 basada en valors fonamentals, considerem a la persona \u00edntegrament f\u00edsica, emocional i mental, sent la boca la destinat\u00e0ria de la nostra especialitzaci\u00f3.<\/h2>\t\t\t\t\t<\/div>\n\t\t\t\t\t\t<\/div>\n\t\t\t\t<\/div>\n\t\t\t\t\t\t<\/div>\n\t\t\t\t\t<\/div>\n\t\t<\/div>\n\t\t\t\t<div class=\"elementor-column elementor-col-50 elementor-top-column elementor-element elementor-element-f2b2eaf elementor-invisible\" data-id=\"f2b2eaf\" data-element_type=\"column\" data-settings=\"{&quot;animation&quot;:&quot;fadeInRight&quot;}\">\n\t\t\t<div class=\"elementor-column-wrap elementor-element-populated\">\n\t\t\t\t\t\t\t<div class=\"elementor-widget-wrap\">\n\t\t\t\t\t\t<div class=\"elementor-element elementor-element-79957ad elementor-widget elementor-widget-image\" data-id=\"79957ad\" data-element_type=\"widget\" data-widget_type=\"image.default\">\n\t\t\t\t<div class=\"elementor-widget-container\">\n\t\t\t\t\t\t\t\t<div class=\"elementor-image\">\n\t\t\t\t\t\t\t\t\t\t\t\t<img decoding=\"async\" width=\"800\" height=\"540\" src=\"https:\/\/sadentista.com\/wp-content\/uploads\/2019\/12\/Pensador-Sa-Dentista-Mercadal.jpg\" class=\"attachment-full size-full wp-image-483\" alt=\"Pensador Sa Dentista Mercadal\" loading=\"lazy\" srcset=\"https:\/\/sadentista.com\/wp-content\/uploads\/2019\/12\/Pensador-Sa-Dentista-Mercadal.jpg 800w, https:\/\/sadentista.com\/wp-content\/uploads\/2019\/12\/Pensador-Sa-Dentista-Mercadal-300x203.jpg 300w, https:\/\/sadentista.com\/wp-content\/uploads\/2019\/12\/Pensador-Sa-Dentista-Mercadal-768x518.jpg 768w\" sizes=\"(max-width: 800px) 100vw, 800px\" \/>\t\t\t\t\t\t\t\t\t\t\t\t\t\t<\/div>\n\t\t\t\t\t\t<\/div>\n\t\t\t\t<\/div>\n\t\t\t\t\t\t<\/div>\n\t\t\t\t\t<\/div>\n\t\t<\/div>\n\t\t\t\t\t\t\t\t<\/div>\n\t\t\t\t\t<\/div>\n\t\t<\/section>\n\t\t\t\t<section data-particle_enable=\"false\" data-particle-mobile-disabled=\"false\" class=\"elementor-section elementor-top-section elementor-element elementor-element-e963294 elementor-section-boxed elementor-section-height-default elementor-section-height-default\" data-id=\"e963294\" data-element_type=\"section\">\n\t\t\t\t\t\t<div class=\"elementor-container elementor-column-gap-default\">\n\t\t\t\t\t\t\t<div class=\"elementor-row\">\n\t\t\t\t\t<div class=\"elementor-column elementor-col-50 elementor-top-column elementor-element elementor-element-ecfb6ec elementor-invisible\" data-id=\"ecfb6ec\" data-element_type=\"column\" data-settings=\"{&quot;animation&quot;:&quot;fadeInLeft&quot;}\">\n\t\t\t<div class=\"elementor-column-wrap elementor-element-populated\">\n\t\t\t\t\t\t\t<div class=\"elementor-widget-wrap\">\n\t\t\t\t\t\t<div class=\"elementor-element elementor-element-2756b58 elementor-widget elementor-widget-image\" data-id=\"2756b58\" data-element_type=\"widget\" data-widget_type=\"image.default\">\n\t\t\t\t<div class=\"elementor-widget-container\">\n\t\t\t\t\t\t\t\t<div class=\"elementor-image\">\n\t\t\t\t\t\t\t\t\t\t\t\t<img decoding=\"async\" width=\"700\" height=\"916\" src=\"https:\/\/sadentista.com\/wp-content\/uploads\/2019\/12\/Sonrisa-Mercadal.jpg\" class=\"attachment-large size-large wp-image-484\" alt=\"Sonrisa Mercadal\" loading=\"lazy\" srcset=\"https:\/\/sadentista.com\/wp-content\/uploads\/2019\/12\/Sonrisa-Mercadal.jpg 700w, https:\/\/sadentista.com\/wp-content\/uploads\/2019\/12\/Sonrisa-Mercadal-229x300.jpg 229w\" sizes=\"(max-width: 700px) 100vw, 700px\" \/>\t\t\t\t\t\t\t\t\t\t\t\t\t\t<\/div>\n\t\t\t\t\t\t<\/div>\n\t\t\t\t<\/div>\n\t\t\t\t\t\t<\/div>\n\t\t\t\t\t<\/div>\n\t\t<\/div>\n\t\t\t\t<div class=\"elementor-column elementor-col-50 elementor-top-column elementor-element elementor-element-a476f97 elementor-invisible\" data-id=\"a476f97\" data-element_type=\"column\" data-settings=\"{&quot;animation&quot;:&quot;fadeInRight&quot;}\">\n\t\t\t<div class=\"elementor-column-wrap elementor-element-populated\">\n\t\t\t\t\t\t\t<div class=\"elementor-widget-wrap\">\n\t\t\t\t\t\t<div class=\"elementor-element elementor-element-e90a1c6 elementor-widget elementor-widget-heading\" data-id=\"e90a1c6\" data-element_type=\"widget\" data-widget_type=\"heading.default\">\n\t\t\t\t<div class=\"elementor-widget-container\">\n\t\t\t<h2 class=\"elementor-heading-title elementor-size-default\">Prevenci\u00f3<\/h2>\t\t<\/div>\n\t\t\t\t<\/div>\n\t\t\t\t<div class=\"elementor-element elementor-element-0c4842d elementor-widget elementor-widget-text-editor\" data-id=\"0c4842d\" data-element_type=\"widget\" data-widget_type=\"text-editor.default\">\n\t\t\t\t<div class=\"elementor-widget-container\">\n\t\t\t\t\t\t\t\t<div class=\"elementor-text-editor elementor-clearfix\">\n\t\t\t\t<p>Per la boca ens alimentem, respirem, ens comuniquem, expressem els nostres sentiments, besem i estimem, riem i plorem. Per aix\u00f2 ens agrada cuidar-la, per aix\u00f2 estimem la nostra professi\u00f3.<br \/><br \/>Sabem la indefensi\u00f3 que causa el fet d&#8217;asseure&#8217;s a la butaca dental.\u00a0<br \/><br \/>Com a pacients, en lliurar-nos a la persona que cuidar\u00e0 la nostra boca, perdem la parla i el control, no podem comunicar-nos, ens sentim indefensos, estirats i amb la boca oberta i amb un tub aspirador penjant que ens impedeix qualsevol moviment\u2026.. sabem d&#8217;aquesta por ancestral, per aix\u00f2 som molt acurats atenent la persona utilitzant tots els mitjans necessaris perqu\u00e8 se senti c\u00f2moda i feli\u00e7, aix\u00f2 al seu torn ens permetr\u00e0 poder treballar tranquils i tamb\u00e9 sentir-nos c\u00f2modes i feli\u00e7os nosaltres mateixos.<\/p>\t\t\t\t\t<\/div>\n\t\t\t\t\t\t<\/div>\n\t\t\t\t<\/div>\n\t\t\t\t\t\t<\/div>\n\t\t\t\t\t<\/div>\n\t\t<\/div>\n\t\t\t\t\t\t\t\t<\/div>\n\t\t\t\t\t<\/div>\n\t\t<\/section>\n\t\t\t\t<section data-particle_enable=\"false\" data-particle-mobile-disabled=\"false\" class=\"elementor-section elementor-top-section elementor-element elementor-element-3be2537 elementor-reverse-tablet elementor-reverse-mobile elementor-section-boxed elementor-section-height-default elementor-section-height-default\" data-id=\"3be2537\" data-element_type=\"section\">\n\t\t\t\t\t\t<div class=\"elementor-container elementor-column-gap-default\">\n\t\t\t\t\t\t\t<div class=\"elementor-row\">\n\t\t\t\t\t<div class=\"elementor-column elementor-col-50 elementor-top-column elementor-element elementor-element-47f9a1a elementor-invisible\" data-id=\"47f9a1a\" data-element_type=\"column\" data-settings=\"{&quot;animation&quot;:&quot;fadeInLeft&quot;}\">\n\t\t\t<div class=\"elementor-column-wrap elementor-element-populated\">\n\t\t\t\t\t\t\t<div class=\"elementor-widget-wrap\">\n\t\t\t\t\t\t<div class=\"elementor-element elementor-element-4b76dea elementor-widget elementor-widget-heading\" data-id=\"4b76dea\" data-element_type=\"widget\" data-widget_type=\"heading.default\">\n\t\t\t\t<div class=\"elementor-widget-container\">\n\t\t\t<h2 class=\"elementor-heading-title elementor-size-default\">Conservaci\u00f3<\/h2>\t\t<\/div>\n\t\t\t\t<\/div>\n\t\t\t\t<div class=\"elementor-element elementor-element-6731419 elementor-widget elementor-widget-text-editor\" data-id=\"6731419\" data-element_type=\"widget\" data-widget_type=\"text-editor.default\">\n\t\t\t\t<div class=\"elementor-widget-container\">\n\t\t\t\t\t\t\t\t<div class=\"elementor-text-editor elementor-clearfix\">\n\t\t\t\t<p>A trav\u00e9s de la nostra boca comen\u00e7a la vida, el primer crit, el primer plor, la primera respiraci\u00f3, \u00e9s important cuidar la boca, a trav\u00e9s d&#8217;ella ens relacionarem durant tota la nostra vida, \u00e9s per aix\u00f2 que donem tanta import\u00e0ncia a la prevenci\u00f3.<\/p><p>Ens agrada el nostre treball, per\u00f2 preferim treballar en el menys traum\u00e0tic. Preferim treballar en la prevenci\u00f3, \u00e9s m\u00e9s f\u00e0cil cuidar les dents perqu\u00e8 durin tota la vida.\u00a0<\/p><p>Per tant la conclusi\u00f3 \u00e9s que el que m\u00e9s interessa en la nostra cl\u00ednica per a la cura dels nostres pacients \u00e9s la prevenci\u00f3. Si aprenem a cuidar-nos, les nostres dents no s&#8217;espatllaran, estalviarem el treball de reparaci\u00f3 d&#8217;aquests. Cal tenir tamb\u00e9 en compte que una dent restaurada ja mai ser\u00e0 una dent sana, perqu\u00e8 els materials usats per a \u201ctapar forat\u201d no s\u00f3n perfectes.<\/p>\t\t\t\t\t<\/div>\n\t\t\t\t\t\t<\/div>\n\t\t\t\t<\/div>\n\t\t\t\t\t\t<\/div>\n\t\t\t\t\t<\/div>\n\t\t<\/div>\n\t\t\t\t<div class=\"elementor-column elementor-col-50 elementor-top-column elementor-element elementor-element-c786871 elementor-invisible\" data-id=\"c786871\" data-element_type=\"column\" data-settings=\"{&quot;animation&quot;:&quot;fadeInRight&quot;}\">\n\t\t\t<div class=\"elementor-column-wrap elementor-element-populated\">\n\t\t\t\t\t\t\t<div class=\"elementor-widget-wrap\">\n\t\t\t\t\t\t<div class=\"elementor-element elementor-element-6e35681 elementor-widget elementor-widget-image\" data-id=\"6e35681\" data-element_type=\"widget\" data-widget_type=\"image.default\">\n\t\t\t\t<div class=\"elementor-widget-container\">\n\t\t\t\t\t\t\t\t<div class=\"elementor-image\">\n\t\t\t\t\t\t\t\t\t\t\t\t<img decoding=\"async\" width=\"510\" height=\"426\" src=\"https:\/\/sadentista.com\/wp-content\/uploads\/2019\/09\/prvencion21.jpg\" class=\"attachment-large size-large wp-image-260\" alt=\"\" loading=\"lazy\" srcset=\"https:\/\/sadentista.com\/wp-content\/uploads\/2019\/09\/prvencion21.jpg 510w, https:\/\/sadentista.com\/wp-content\/uploads\/2019\/09\/prvencion21-300x251.jpg 300w\" sizes=\"(max-width: 510px) 100vw, 510px\" \/>\t\t\t\t\t\t\t\t\t\t\t\t\t\t<\/div>\n\t\t\t\t\t\t<\/div>\n\t\t\t\t<\/div>\n\t\t\t\t\t\t<\/div>\n\t\t\t\t\t<\/div>\n\t\t<\/div>\n\t\t\t\t\t\t\t\t<\/div>\n\t\t\t\t\t<\/div>\n\t\t<\/section>\n\t\t\t\t<section data-particle_enable=\"false\" data-particle-mobile-disabled=\"false\" class=\"elementor-section elementor-top-section elementor-element elementor-element-dfb9497 elementor-section-boxed elementor-section-height-default elementor-section-height-default\" data-id=\"dfb9497\" data-element_type=\"section\">\n\t\t\t\t\t\t<div class=\"elementor-container elementor-column-gap-default\">\n\t\t\t\t\t\t\t<div class=\"elementor-row\">\n\t\t\t\t\t<div class=\"elementor-column elementor-col-50 elementor-top-column elementor-element elementor-element-e7a774e elementor-invisible\" data-id=\"e7a774e\" data-element_type=\"column\" data-settings=\"{&quot;animation&quot;:&quot;fadeInLeft&quot;}\">\n\t\t\t<div class=\"elementor-column-wrap elementor-element-populated\">\n\t\t\t\t\t\t\t<div class=\"elementor-widget-wrap\">\n\t\t\t\t\t\t<div class=\"elementor-element elementor-element-aaa5bb1 elementor-widget elementor-widget-image\" data-id=\"aaa5bb1\" data-element_type=\"widget\" data-widget_type=\"image.default\">\n\t\t\t\t<div class=\"elementor-widget-container\">\n\t\t\t\t\t\t\t\t<div class=\"elementor-image\">\n\t\t\t\t\t\t\t\t\t\t\t\t<img decoding=\"async\" width=\"800\" height=\"572\" src=\"https:\/\/sadentista.com\/wp-content\/uploads\/2019\/12\/Tecnologia-Sa-Dentista-Mercadal.jpg\" class=\"attachment-large size-large wp-image-486\" alt=\"Tecnologia Sa Dentista Mercadal\" loading=\"lazy\" srcset=\"https:\/\/sadentista.com\/wp-content\/uploads\/2019\/12\/Tecnologia-Sa-Dentista-Mercadal.jpg 800w, https:\/\/sadentista.com\/wp-content\/uploads\/2019\/12\/Tecnologia-Sa-Dentista-Mercadal-300x215.jpg 300w, https:\/\/sadentista.com\/wp-content\/uploads\/2019\/12\/Tecnologia-Sa-Dentista-Mercadal-768x549.jpg 768w\" sizes=\"(max-width: 800px) 100vw, 800px\" \/>\t\t\t\t\t\t\t\t\t\t\t\t\t\t<\/div>\n\t\t\t\t\t\t<\/div>\n\t\t\t\t<\/div>\n\t\t\t\t\t\t<\/div>\n\t\t\t\t\t<\/div>\n\t\t<\/div>\n\t\t\t\t<div class=\"elementor-column elementor-col-50 elementor-top-column elementor-element elementor-element-a4e8a72 elementor-invisible\" data-id=\"a4e8a72\" data-element_type=\"column\" data-settings=\"{&quot;animation&quot;:&quot;fadeInRight&quot;}\">\n\t\t\t<div class=\"elementor-column-wrap elementor-element-populated\">\n\t\t\t\t\t\t\t<div class=\"elementor-widget-wrap\">\n\t\t\t\t\t\t<div class=\"elementor-element elementor-element-87f1d2c elementor-widget elementor-widget-heading\" data-id=\"87f1d2c\" data-element_type=\"widget\" data-widget_type=\"heading.default\">\n\t\t\t\t<div class=\"elementor-widget-container\">\n\t\t\t<h2 class=\"elementor-heading-title elementor-size-default\">\u00daltima tecnologia<\/h2>\t\t<\/div>\n\t\t\t\t<\/div>\n\t\t\t\t<div class=\"elementor-element elementor-element-5d03b0c elementor-widget elementor-widget-text-editor\" data-id=\"5d03b0c\" data-element_type=\"widget\" data-widget_type=\"text-editor.default\">\n\t\t\t\t<div class=\"elementor-widget-container\">\n\t\t\t\t\t\t\t\t<div class=\"elementor-text-editor elementor-clearfix\">\n\t\t\t\t<p>Per m\u00e9s que estiguem avan\u00e7ant en materials i en t\u00e8cniques, mai ser\u00e0 el mateix una dent sana i pr\u00f2pia que una dent empastada o postissa; a la naturalesa podem copiar-la per\u00f2 mai igualar-la.<\/p><p>Per\u00f2 no s&#8217;acaba tot aqu\u00ed, si per alguna ra\u00f3 ens fallen les dents, les podem reparar. Emprem les t\u00e8cniques m\u00e9s avan\u00e7ades per a reempla\u00e7ar les p\u00e8rdues dentals per peces artificials buscant sempre la soluci\u00f3 m\u00e9s adequada a les persones i a les seves circumst\u00e0ncies, estem preparats per a fer la vida m\u00e9s f\u00e0cil amb una boca sana i un somriure feli\u00e7.<\/p>\t\t\t\t\t<\/div>\n\t\t\t\t\t\t<\/div>\n\t\t\t\t<\/div>\n\t\t\t\t\t\t<\/div>\n\t\t\t\t\t<\/div>\n\t\t<\/div>\n\t\t\t\t\t\t\t\t<\/div>\n\t\t\t\t\t<\/div>\n\t\t<\/section>\n\t\t\t\t\t\t\t\t\t<\/div>\n\t\t\t<\/div>\n\t\t\t\t\t<\/div>\n\t\t","protected":false},"excerpt":{"rendered":"<p>FILOSOFIA La nostra filosofia est\u00e0 basada en valors fonamentals, considerem a la persona \u00edntegrament f\u00edsica, emocional i mental, sent la boca la destinat\u00e0ria de la nostra especialitzaci\u00f3. Prevenci\u00f3 Per la boca ens alimentem, respirem, ens comuniquem, expressem els nostres sentiments, besem i estimem, riem i plorem. Per aix\u00f2 ens agrada cuidar-la, per aix\u00f2 estimem la &#8230; <a title=\"Cat Filosof\u00eda\" class=\"read-more\" href=\"https:\/\/sadentista.com\/ca\/filosofia\/\">Leer m\u00e1s<\/a><\/p>\n","protected":false},"author":1,"featured_media":0,"parent":0,"menu_order":0,"comment_status":"closed","ping_status":"closed","template":"elementor_header_footer","meta":{"_mi_skip_tracking":false},"yoast_head":"<!-- This site is optimized with the Yoast SEO plugin v15.9.1 - https:\/\/yoast.com\/wordpress\/plugins\/seo\/ -->\n<title>Cat Filosof\u00eda - Sa Dentista Mercadal<\/title>\n<link rel=\"canonical\" href=\"https:\/\/sadentista.com\/ca\/filosofia\/\" \/>\n<meta property=\"og:locale\" content=\"ca_ES\" \/>\n<meta property=\"og:type\" content=\"article\" \/>\n<meta property=\"og:title\" content=\"Cat Filosof\u00eda - Sa Dentista Mercadal\" \/>\n<meta property=\"og:description\" content=\"FILOSOFIA La nostra filosofia est\u00e0 basada en valors fonamentals, considerem a la persona \u00edntegrament f\u00edsica, emocional i mental, sent la boca la destinat\u00e0ria de la nostra especialitzaci\u00f3. Prevenci\u00f3 Per la boca ens alimentem, respirem, ens comuniquem, expressem els nostres sentiments, besem i estimem, riem i plorem. Per aix\u00f2 ens agrada cuidar-la, per aix\u00f2 estimem la ... Leer m\u00e1s\" \/>\n<meta property=\"og:url\" content=\"https:\/\/sadentista.com\/ca\/filosofia\/\" \/>\n<meta property=\"og:site_name\" content=\"Sa Dentista Mercadal\" \/>\n<meta property=\"article:modified_time\" content=\"2021-03-04T15:40:39+00:00\" \/>\n<meta property=\"og:image\" content=\"https:\/\/sadentista.com\/wp-content\/uploads\/2019\/12\/Pensador-Sa-Dentista-Mercadal.jpg\" \/>\n<meta name=\"twitter:card\" content=\"summary_large_image\" \/>\n<meta name=\"twitter:label1\" content=\"Temps estimat de lectura\">\n\t<meta name=\"twitter:data1\" content=\"3 minuts\">\n<script type=\"application\/ld+json\" class=\"yoast-schema-graph\">{\"@context\":\"https:\/\/schema.org\",\"@graph\":[{\"@type\":\"WebSite\",\"@id\":\"https:\/\/sadentista.com\/ca\/#website\",\"url\":\"https:\/\/sadentista.com\/ca\/\",\"name\":\"Sa Dentista Mercadal\",\"description\":\"Odontologia per la salut\",\"potentialAction\":[{\"@type\":\"SearchAction\",\"target\":\"https:\/\/sadentista.com\/ca\/?s={search_term_string}\",\"query-input\":\"required name=search_term_string\"}],\"inLanguage\":\"ca\"},{\"@type\":\"ImageObject\",\"@id\":\"https:\/\/sadentista.com\/ca\/filosofia\/#primaryimage\",\"inLanguage\":\"ca\",\"url\":\"https:\/\/sadentista.com\/wp-content\/uploads\/2019\/12\/Pensador-Sa-Dentista-Mercadal.jpg\",\"width\":800,\"height\":540,\"caption\":\"Pensador Sa Dentista Mercadal\"},{\"@type\":\"WebPage\",\"@id\":\"https:\/\/sadentista.com\/ca\/filosofia\/#webpage\",\"url\":\"https:\/\/sadentista.com\/ca\/filosofia\/\",\"name\":\"Cat Filosof\\u00eda - Sa Dentista Mercadal\",\"isPartOf\":{\"@id\":\"https:\/\/sadentista.com\/ca\/#website\"},\"primaryImageOfPage\":{\"@id\":\"https:\/\/sadentista.com\/ca\/filosofia\/#primaryimage\"},\"datePublished\":\"2020-07-17T07:53:38+00:00\",\"dateModified\":\"2021-03-04T15:40:39+00:00\",\"breadcrumb\":{\"@id\":\"https:\/\/sadentista.com\/ca\/filosofia\/#breadcrumb\"},\"inLanguage\":\"ca\",\"potentialAction\":[{\"@type\":\"ReadAction\",\"target\":[\"https:\/\/sadentista.com\/ca\/filosofia\/\"]}]},{\"@type\":\"BreadcrumbList\",\"@id\":\"https:\/\/sadentista.com\/ca\/filosofia\/#breadcrumb\",\"itemListElement\":[{\"@type\":\"ListItem\",\"position\":1,\"item\":{\"@type\":\"WebPage\",\"@id\":\"https:\/\/sadentista.com\/ca\/\",\"url\":\"https:\/\/sadentista.com\/ca\/\",\"name\":\"Portada\"}},{\"@type\":\"ListItem\",\"position\":2,\"item\":{\"@type\":\"WebPage\",\"@id\":\"https:\/\/sadentista.com\/ca\/filosofia\/\",\"url\":\"https:\/\/sadentista.com\/ca\/filosofia\/\",\"name\":\"Cat Filosof\\u00eda\"}}]}]}<\/script>\n<!-- \/ Yoast SEO plugin. -->","_links":{"self":[{"href":"https:\/\/sadentista.com\/ca\/wp-json\/wp\/v2\/pages\/991"}],"collection":[{"href":"https:\/\/sadentista.com\/ca\/wp-json\/wp\/v2\/pages"}],"about":[{"href":"https:\/\/sadentista.com\/ca\/wp-json\/wp\/v2\/types\/page"}],"author":[{"embeddable":true,"href":"https:\/\/sadentista.com\/ca\/wp-json\/wp\/v2\/users\/1"}],"replies":[{"embeddable":true,"href":"https:\/\/sadentista.com\/ca\/wp-json\/wp\/v2\/comments?post=991"}],"version-history":[{"count":21,"href":"https:\/\/sadentista.com\/ca\/wp-json\/wp\/v2\/pages\/991\/revisions"}],"predecessor-version":[{"id":2410,"href":"https:\/\/sadentista.com\/ca\/wp-json\/wp\/v2\/pages\/991\/revisions\/2410"}],"wp:attachment":[{"href":"https:\/\/sadentista.com\/ca\/wp-json\/wp\/v2\/media?parent=991"}],"curies":[{"name":"wp","href":"https:\/\/api.w.org\/{rel}","templated":true}]}}