{"id":960,"date":"2020-07-17T07:43:05","date_gmt":"2020-07-17T07:43:05","guid":{"rendered":"https:\/\/sadentista.com\/?page_id=960"},"modified":"2021-02-24T15:01:29","modified_gmt":"2021-02-24T15:01:29","slug":"estetica","status":"publish","type":"page","link":"https:\/\/sadentista.com\/ca\/estetica\/","title":{"rendered":"Cat Est\u00e9tica"},"content":{"rendered":"\t\t<div data-elementor-type=\"wp-page\" data-elementor-id=\"960\" class=\"elementor elementor-960 elementor-426\">\n\t\t\t\t\t\t<div class=\"elementor-inner\">\n\t\t\t\t<div class=\"elementor-section-wrap\">\n\t\t\t\t\t\t\t\t\t<section data-particle_enable=\"false\" data-particle-mobile-disabled=\"false\" class=\"elementor-section elementor-top-section elementor-element elementor-element-5ff7e95a elementor-section-boxed elementor-section-height-default elementor-section-height-default\" data-id=\"5ff7e95a\" data-element_type=\"section\" data-settings=\"{&quot;background_background&quot;:&quot;classic&quot;}\">\n\t\t\t\t\t\t\t<div class=\"elementor-background-overlay\"><\/div>\n\t\t\t\t\t\t\t<div class=\"elementor-container elementor-column-gap-default\">\n\t\t\t\t\t\t\t<div class=\"elementor-row\">\n\t\t\t\t\t<div class=\"elementor-column elementor-col-50 elementor-top-column elementor-element elementor-element-3dde161d\" data-id=\"3dde161d\" data-element_type=\"column\">\n\t\t\t<div class=\"elementor-column-wrap elementor-element-populated\">\n\t\t\t\t\t\t\t<div class=\"elementor-widget-wrap\">\n\t\t\t\t\t\t<div class=\"elementor-element elementor-element-b145ca elementor-widget elementor-widget-image\" data-id=\"b145ca\" data-element_type=\"widget\" data-widget_type=\"image.default\">\n\t\t\t\t<div class=\"elementor-widget-container\">\n\t\t\t\t\t\t\t\t<div class=\"elementor-image\">\n\t\t\t\t\t\t\t\t\t\t\t\t<img decoding=\"async\" width=\"90\" height=\"129\" src=\"https:\/\/sadentista.com\/wp-content\/uploads\/2019\/11\/estetica.png\" class=\"attachment-large size-large wp-image-429\" alt=\"\" loading=\"lazy\" \/>\t\t\t\t\t\t\t\t\t\t\t\t\t\t<\/div>\n\t\t\t\t\t\t<\/div>\n\t\t\t\t<\/div>\n\t\t\t\t\t\t<\/div>\n\t\t\t\t\t<\/div>\n\t\t<\/div>\n\t\t\t\t<div class=\"elementor-column elementor-col-50 elementor-top-column elementor-element elementor-element-433c85b0\" data-id=\"433c85b0\" data-element_type=\"column\">\n\t\t\t<div class=\"elementor-column-wrap elementor-element-populated\">\n\t\t\t\t\t\t\t<div class=\"elementor-widget-wrap\">\n\t\t\t\t\t\t<div class=\"elementor-element elementor-element-250d2aa1 elementor-widget elementor-widget-heading\" data-id=\"250d2aa1\" data-element_type=\"widget\" data-widget_type=\"heading.default\">\n\t\t\t\t<div class=\"elementor-widget-container\">\n\t\t\t<h2 class=\"elementor-heading-title elementor-size-default\">EST\u00c8TICA<\/h2>\t\t<\/div>\n\t\t\t\t<\/div>\n\t\t\t\t<div class=\"elementor-element elementor-element-410c67af elementor-widget elementor-widget-text-editor\" data-id=\"410c67af\" data-element_type=\"widget\" data-widget_type=\"text-editor.default\">\n\t\t\t\t<div class=\"elementor-widget-container\">\n\t\t\t\t\t\t\t\t<div class=\"elementor-text-editor elementor-clearfix\">\n\t\t\t\t<p><span style=\"color: #333333; font-family: 'Open Sans', Helvetica, Arial, sans-serif; font-size: 16px; background-color: #f5f5f5;\">\u201cBusquem l&#8217;harmonia del teu somriure, millorant l&#8217;est\u00e8tica\u201d<\/span><\/p>\t\t\t\t\t<\/div>\n\t\t\t\t\t\t<\/div>\n\t\t\t\t<\/div>\n\t\t\t\t\t\t<\/div>\n\t\t\t\t\t<\/div>\n\t\t<\/div>\n\t\t\t\t\t\t\t\t<\/div>\n\t\t\t\t\t<\/div>\n\t\t<\/section>\n\t\t\t\t<section data-particle_enable=\"false\" data-particle-mobile-disabled=\"false\" class=\"elementor-section elementor-top-section elementor-element elementor-element-7d06826 elementor-reverse-tablet elementor-reverse-mobile elementor-section-boxed elementor-section-height-default elementor-section-height-default\" data-id=\"7d06826\" data-element_type=\"section\">\n\t\t\t\t\t\t<div class=\"elementor-container elementor-column-gap-default\">\n\t\t\t\t\t\t\t<div class=\"elementor-row\">\n\t\t\t\t\t<div class=\"elementor-column elementor-col-50 elementor-top-column elementor-element elementor-element-c526e80 elementor-invisible\" data-id=\"c526e80\" data-element_type=\"column\" data-settings=\"{&quot;animation&quot;:&quot;fadeInLeft&quot;}\">\n\t\t\t<div class=\"elementor-column-wrap elementor-element-populated\">\n\t\t\t\t\t\t\t<div class=\"elementor-widget-wrap\">\n\t\t\t\t\t\t<div class=\"elementor-element elementor-element-67b3e1b elementor-widget elementor-widget-heading\" data-id=\"67b3e1b\" data-element_type=\"widget\" data-widget_type=\"heading.default\">\n\t\t\t\t<div class=\"elementor-widget-container\">\n\t\t\t<h2 class=\"elementor-heading-title elementor-size-default\">Est\u00e8tica dental\n<\/h2>\t\t<\/div>\n\t\t\t\t<\/div>\n\t\t\t\t<div class=\"elementor-element elementor-element-e1c69e8 elementor-widget elementor-widget-text-editor\" data-id=\"e1c69e8\" data-element_type=\"widget\" data-widget_type=\"text-editor.default\">\n\t\t\t\t<div class=\"elementor-widget-container\">\n\t\t\t\t\t\t\t\t<div class=\"elementor-text-editor elementor-clearfix\">\n\t\t\t\t<p>Millorem les peces dentals per a aconseguir una major harmonia est\u00e8tica facial.<br \/><br \/>Podem millorar el color, la forma, disminuir o augmentar la grand\u00e0ria de la dent, amb materials d&#8217;\u00faltima generaci\u00f3 que ens permeten maximitzar l&#8217;est\u00e8tica facial.<\/p>\t\t\t\t\t<\/div>\n\t\t\t\t\t\t<\/div>\n\t\t\t\t<\/div>\n\t\t\t\t<div class=\"elementor-element elementor-element-b5142a1 elementor-widget elementor-widget-eael-adv-accordion\" data-id=\"b5142a1\" data-element_type=\"widget\" data-widget_type=\"eael-adv-accordion.default\">\n\t\t\t\t<div class=\"elementor-widget-container\">\n\t\t\t        <div class=\"eael-adv-accordion\" id=\"eael-adv-accordion-b5142a1\" data-accordion-id=\"b5142a1\" data-accordion-type=\"toggle\" data-toogle-speed=\"300\">\n    <div class=\"eael-accordion-list\">\n                <div id=\"ms-informaci\" class=\"elementor-tab-title eael-accordion-header\" tabindex=\"1891\" data-tab=\"1\" role=\"tab\" aria-controls=\"elementor-tab-content-1891\"><span class=\"eael-accordion-tab-title\">M\u00e9s informaci\u00f3<\/span><i aria-hidden=\"true\" class=\"fa-toggle fas fa-angle-right\"><\/i><\/div><div id=\"elementor-tab-content-1891\" class=\"eael-accordion-content clearfix\" data-tab=\"1\" role=\"tabpanel\" aria-labelledby=\"ms-informaci\"><p><p>Per a aix\u00f2 s'han de tenir en compte els seg\u00fcents factors:<br \/><br \/>La salut i la higiene de la boca, la grand\u00e0ria, la forma, el color i la posici\u00f3 de les dents, l'abs\u00e8ncia de peces, la relaci\u00f3 de la geniva amb les dents, la relaci\u00f3 del llavi amb les dents,\u00a0etc.<br \/><br \/>Nom\u00e9s una odontologia multidisciplin\u00e0ria \u00e9s capa\u00e7 d'interactuar per a aconseguir un somriure equilibrat.<\/p><\/p><\/div>\n                <\/div><\/div>\t\t<\/div>\n\t\t\t\t<\/div>\n\t\t\t\t\t\t<\/div>\n\t\t\t\t\t<\/div>\n\t\t<\/div>\n\t\t\t\t<div class=\"elementor-column elementor-col-50 elementor-top-column elementor-element elementor-element-d23bf0a elementor-invisible\" data-id=\"d23bf0a\" data-element_type=\"column\" data-settings=\"{&quot;animation&quot;:&quot;fadeInRight&quot;}\">\n\t\t\t<div class=\"elementor-column-wrap elementor-element-populated\">\n\t\t\t\t\t\t\t<div class=\"elementor-widget-wrap\">\n\t\t\t\t\t\t<div class=\"elementor-element elementor-element-35d63a0 elementor-widget elementor-widget-image\" data-id=\"35d63a0\" data-element_type=\"widget\" data-widget_type=\"image.default\">\n\t\t\t\t<div class=\"elementor-widget-container\">\n\t\t\t\t\t\t\t\t<div class=\"elementor-image\">\n\t\t\t\t\t\t\t\t\t\t\t\t<img decoding=\"async\" width=\"641\" height=\"425\" src=\"https:\/\/sadentista.com\/wp-content\/uploads\/2019\/12\/Estetica-dental-Menorca.jpg\" class=\"attachment-full size-full wp-image-510\" alt=\"Estetica dental Menorca\" loading=\"lazy\" srcset=\"https:\/\/sadentista.com\/wp-content\/uploads\/2019\/12\/Estetica-dental-Menorca.jpg 641w, https:\/\/sadentista.com\/wp-content\/uploads\/2019\/12\/Estetica-dental-Menorca-300x199.jpg 300w\" sizes=\"(max-width: 641px) 100vw, 641px\" \/>\t\t\t\t\t\t\t\t\t\t\t\t\t\t<\/div>\n\t\t\t\t\t\t<\/div>\n\t\t\t\t<\/div>\n\t\t\t\t\t\t<\/div>\n\t\t\t\t\t<\/div>\n\t\t<\/div>\n\t\t\t\t\t\t\t\t<\/div>\n\t\t\t\t\t<\/div>\n\t\t<\/section>\n\t\t\t\t<section data-particle_enable=\"false\" data-particle-mobile-disabled=\"false\" class=\"elementor-section elementor-top-section elementor-element elementor-element-8879045 elementor-section-boxed elementor-section-height-default elementor-section-height-default\" data-id=\"8879045\" data-element_type=\"section\">\n\t\t\t\t\t\t<div class=\"elementor-container elementor-column-gap-default\">\n\t\t\t\t\t\t\t<div class=\"elementor-row\">\n\t\t\t\t\t<div class=\"elementor-column elementor-col-50 elementor-top-column elementor-element elementor-element-95ca81b elementor-invisible\" data-id=\"95ca81b\" data-element_type=\"column\" data-settings=\"{&quot;animation&quot;:&quot;fadeInLeft&quot;}\">\n\t\t\t<div class=\"elementor-column-wrap elementor-element-populated\">\n\t\t\t\t\t\t\t<div class=\"elementor-widget-wrap\">\n\t\t\t\t\t\t<div class=\"elementor-element elementor-element-cfa1e7a elementor-widget elementor-widget-image\" data-id=\"cfa1e7a\" data-element_type=\"widget\" data-widget_type=\"image.default\">\n\t\t\t\t<div class=\"elementor-widget-container\">\n\t\t\t\t\t\t\t\t<div class=\"elementor-image\">\n\t\t\t\t\t\t\t\t\t\t\t\t<img decoding=\"async\" width=\"640\" height=\"425\" src=\"https:\/\/sadentista.com\/wp-content\/uploads\/2019\/12\/Cambios-Amalgama-Menorca.jpg\" class=\"attachment-full size-full wp-image-514\" alt=\"Cambios Amalgama Menorca\" loading=\"lazy\" srcset=\"https:\/\/sadentista.com\/wp-content\/uploads\/2019\/12\/Cambios-Amalgama-Menorca.jpg 640w, https:\/\/sadentista.com\/wp-content\/uploads\/2019\/12\/Cambios-Amalgama-Menorca-300x199.jpg 300w\" sizes=\"(max-width: 640px) 100vw, 640px\" \/>\t\t\t\t\t\t\t\t\t\t\t\t\t\t<\/div>\n\t\t\t\t\t\t<\/div>\n\t\t\t\t<\/div>\n\t\t\t\t\t\t<\/div>\n\t\t\t\t\t<\/div>\n\t\t<\/div>\n\t\t\t\t<div class=\"elementor-column elementor-col-50 elementor-top-column elementor-element elementor-element-d09bbb1 elementor-invisible\" data-id=\"d09bbb1\" data-element_type=\"column\" data-settings=\"{&quot;animation&quot;:&quot;fadeInRight&quot;}\">\n\t\t\t<div class=\"elementor-column-wrap elementor-element-populated\">\n\t\t\t\t\t\t\t<div class=\"elementor-widget-wrap\">\n\t\t\t\t\t\t<div class=\"elementor-element elementor-element-63b57ef elementor-widget elementor-widget-heading\" data-id=\"63b57ef\" data-element_type=\"widget\" data-widget_type=\"heading.default\">\n\t\t\t\t<div class=\"elementor-widget-container\">\n\t\t\t<h2 class=\"elementor-heading-title elementor-size-default\">Carilles de composite o porcellana<\/h2>\t\t<\/div>\n\t\t\t\t<\/div>\n\t\t\t\t<div class=\"elementor-element elementor-element-f0c3368 elementor-widget elementor-widget-text-editor\" data-id=\"f0c3368\" data-element_type=\"widget\" data-widget_type=\"text-editor.default\">\n\t\t\t\t<div class=\"elementor-widget-container\">\n\t\t\t\t\t\t\t\t<div class=\"elementor-text-editor elementor-clearfix\">\n\t\t\t\t<p>Volem saber quina opci\u00f3 s&#8217;adapta millor a tu.\u00a0<\/p><p>Amb elles podem allargar les dents, canviar-los la forma o el color. Depenent del cas utilitzarem les de\u00a0composite\u00a0o les de porcellana.\u00a0<\/p><p>Les carilles de composite solen utilitzar-se per a detalls est\u00e8tics lleus, les de porcellana habitualment s\u00f3n utilitzades en reconstruccions majors.<\/p>\t\t\t\t\t<\/div>\n\t\t\t\t\t\t<\/div>\n\t\t\t\t<\/div>\n\t\t\t\t\t\t<\/div>\n\t\t\t\t\t<\/div>\n\t\t<\/div>\n\t\t\t\t\t\t\t\t<\/div>\n\t\t\t\t\t<\/div>\n\t\t<\/section>\n\t\t\t\t<section data-particle_enable=\"false\" data-particle-mobile-disabled=\"false\" class=\"elementor-section elementor-top-section elementor-element elementor-element-ae292dd elementor-reverse-tablet elementor-reverse-mobile elementor-section-boxed elementor-section-height-default elementor-section-height-default\" data-id=\"ae292dd\" data-element_type=\"section\">\n\t\t\t\t\t\t<div class=\"elementor-container elementor-column-gap-default\">\n\t\t\t\t\t\t\t<div class=\"elementor-row\">\n\t\t\t\t\t<div class=\"elementor-column elementor-col-50 elementor-top-column elementor-element elementor-element-180ca94 elementor-invisible\" data-id=\"180ca94\" data-element_type=\"column\" data-settings=\"{&quot;animation&quot;:&quot;fadeInLeft&quot;}\">\n\t\t\t<div class=\"elementor-column-wrap elementor-element-populated\">\n\t\t\t\t\t\t\t<div class=\"elementor-widget-wrap\">\n\t\t\t\t\t\t<div class=\"elementor-element elementor-element-3edee71 elementor-widget elementor-widget-heading\" data-id=\"3edee71\" data-element_type=\"widget\" data-widget_type=\"heading.default\">\n\t\t\t\t<div class=\"elementor-widget-container\">\n\t\t\t<h2 class=\"elementor-heading-title elementor-size-default\">Ortod\u00f2ncia<\/h2>\t\t<\/div>\n\t\t\t\t<\/div>\n\t\t\t\t<div class=\"elementor-element elementor-element-2e71641 elementor-widget elementor-widget-text-editor\" data-id=\"2e71641\" data-element_type=\"widget\" data-widget_type=\"text-editor.default\">\n\t\t\t\t<div class=\"elementor-widget-container\">\n\t\t\t\t\t\t\t\t<div class=\"elementor-text-editor elementor-clearfix\">\n\t\t\t\t<p>Guiem les dents a una posici\u00f3 en la qual puguin desenvolupar correcta i est\u00e8ticament la seva funci\u00f3.<\/p><p>Cada dent ha d&#8217;ocupar el seu lloc, no sols en la filera superior i en la inferior sin\u00f3 tamb\u00e9 en la relaci\u00f3 entre elles: maxil\u00b7lar superior i mand\u00edbula, si les dents no estan el seu lloc poden causar interfer\u00e8ncies qu\u00e8 afecten a tota l&#8217;estructura de la persona.<\/p>\t\t\t\t\t<\/div>\n\t\t\t\t\t\t<\/div>\n\t\t\t\t<\/div>\n\t\t\t\t<div class=\"elementor-element elementor-element-ba7f715 elementor-widget elementor-widget-eael-adv-accordion\" data-id=\"ba7f715\" data-element_type=\"widget\" data-widget_type=\"eael-adv-accordion.default\">\n\t\t\t\t<div class=\"elementor-widget-container\">\n\t\t\t        <div class=\"eael-adv-accordion\" id=\"eael-adv-accordion-ba7f715\" data-accordion-id=\"ba7f715\" data-accordion-type=\"toggle\" data-toogle-speed=\"300\">\n    <div class=\"eael-accordion-list\">\n                <div id=\"ms-informaci\" class=\"elementor-tab-title eael-accordion-header\" tabindex=\"1951\" data-tab=\"1\" role=\"tab\" aria-controls=\"elementor-tab-content-1951\"><span class=\"eael-accordion-tab-title\">M\u00e9s informaci\u00f3<\/span><i aria-hidden=\"true\" class=\"fa-toggle fas fa-angle-right\"><\/i><\/div><div id=\"elementor-tab-content-1951\" class=\"eael-accordion-content clearfix\" data-tab=\"1\" role=\"tabpanel\" aria-labelledby=\"ms-informaci\"><p><p>Una mand\u00edbula desviada es compensa movent la columna per a estabilitzar la posici\u00f3 del cos, aix\u00f2 pot originar maldecaps i d'esquena perqu\u00e8 tot aix\u00f2 est\u00e0 relacionat.<\/p><p>L'ortod\u00f2ncia \u00e9s la ci\u00e8ncia que estudia la col\u00b7locaci\u00f3 correcta de les dents i es basa en tres pilars fonamentals: el diagn\u00f2stic, el tractament i la col\u00b7laboraci\u00f3 del pacient i la fam\u00edlia.<br \/>Els objectius s\u00f3n: aconseguir unes dents alineades i unes arcades harm\u00f2niques i proporcionades amb el patr\u00f3 est\u00e8tic de la cara, ben relacionades entre si per tenir una funci\u00f3 i higiene correctes i que el resultat final del tractament duri en el temps.<\/p><p>Existeixen diferents tipus d'aparells i t\u00e8cniques per a moure les dents:<\/p><p>Aparells removibles, RNO (Rehabilitaci\u00f3 Neuro Oclusal) i aparells de Planas, aparells fixes (brackets met\u00e0l\u00b7lics o est\u00e8tics de diferents materials), o invisalign (ortod\u00f2ncia invisible a base de f\u00e8rules).<\/p><\/p><\/div>\n                <\/div><\/div>\t\t<\/div>\n\t\t\t\t<\/div>\n\t\t\t\t\t\t<\/div>\n\t\t\t\t\t<\/div>\n\t\t<\/div>\n\t\t\t\t<div class=\"elementor-column elementor-col-50 elementor-top-column elementor-element elementor-element-0e4ea93 elementor-invisible\" data-id=\"0e4ea93\" data-element_type=\"column\" data-settings=\"{&quot;animation&quot;:&quot;fadeInRight&quot;}\">\n\t\t\t<div class=\"elementor-column-wrap elementor-element-populated\">\n\t\t\t\t\t\t\t<div class=\"elementor-widget-wrap\">\n\t\t\t\t\t\t<div class=\"elementor-element elementor-element-7c5e059 elementor-widget elementor-widget-image\" data-id=\"7c5e059\" data-element_type=\"widget\" data-widget_type=\"image.default\">\n\t\t\t\t<div class=\"elementor-widget-container\">\n\t\t\t\t\t\t\t\t<div class=\"elementor-image\">\n\t\t\t\t\t\t\t\t\t\t\t\t<img decoding=\"async\" width=\"640\" height=\"425\" src=\"https:\/\/sadentista.com\/wp-content\/uploads\/2019\/12\/brackets.jpg\" class=\"attachment-full size-full wp-image-711\" alt=\"brackets\" loading=\"lazy\" srcset=\"https:\/\/sadentista.com\/wp-content\/uploads\/2019\/12\/brackets.jpg 640w, https:\/\/sadentista.com\/wp-content\/uploads\/2019\/12\/brackets-300x199.jpg 300w\" sizes=\"(max-width: 640px) 100vw, 640px\" \/>\t\t\t\t\t\t\t\t\t\t\t\t\t\t<\/div>\n\t\t\t\t\t\t<\/div>\n\t\t\t\t<\/div>\n\t\t\t\t\t\t<\/div>\n\t\t\t\t\t<\/div>\n\t\t<\/div>\n\t\t\t\t\t\t\t\t<\/div>\n\t\t\t\t\t<\/div>\n\t\t<\/section>\n\t\t\t\t<section data-particle_enable=\"false\" data-particle-mobile-disabled=\"false\" class=\"elementor-section elementor-top-section elementor-element elementor-element-1f2a61d7 elementor-section-boxed elementor-section-height-default elementor-section-height-default\" data-id=\"1f2a61d7\" data-element_type=\"section\">\n\t\t\t\t\t\t<div class=\"elementor-container elementor-column-gap-default\">\n\t\t\t\t\t\t\t<div class=\"elementor-row\">\n\t\t\t\t\t<div class=\"elementor-column elementor-col-50 elementor-top-column elementor-element elementor-element-8c142e3 elementor-invisible\" data-id=\"8c142e3\" data-element_type=\"column\" data-settings=\"{&quot;animation&quot;:&quot;fadeInLeft&quot;}\">\n\t\t\t<div class=\"elementor-column-wrap elementor-element-populated\">\n\t\t\t\t\t\t\t<div class=\"elementor-widget-wrap\">\n\t\t\t\t\t\t<div class=\"elementor-element elementor-element-07ee462 elementor-widget elementor-widget-image\" data-id=\"07ee462\" data-element_type=\"widget\" data-widget_type=\"image.default\">\n\t\t\t\t<div class=\"elementor-widget-container\">\n\t\t\t\t\t\t\t\t<div class=\"elementor-image\">\n\t\t\t\t\t\t\t\t\t\t\t\t<img decoding=\"async\" width=\"640\" height=\"425\" src=\"https:\/\/sadentista.com\/wp-content\/uploads\/2019\/12\/Primera-visita-dentista.jpg\" class=\"attachment-full size-full wp-image-508\" alt=\"Primera visita dentista\" loading=\"lazy\" srcset=\"https:\/\/sadentista.com\/wp-content\/uploads\/2019\/12\/Primera-visita-dentista.jpg 640w, https:\/\/sadentista.com\/wp-content\/uploads\/2019\/12\/Primera-visita-dentista-300x199.jpg 300w\" sizes=\"(max-width: 640px) 100vw, 640px\" \/>\t\t\t\t\t\t\t\t\t\t\t\t\t\t<\/div>\n\t\t\t\t\t\t<\/div>\n\t\t\t\t<\/div>\n\t\t\t\t\t\t<\/div>\n\t\t\t\t\t<\/div>\n\t\t<\/div>\n\t\t\t\t<div class=\"elementor-column elementor-col-50 elementor-top-column elementor-element elementor-element-b90868b elementor-invisible\" data-id=\"b90868b\" data-element_type=\"column\" data-settings=\"{&quot;animation&quot;:&quot;fadeInRight&quot;}\">\n\t\t\t<div class=\"elementor-column-wrap elementor-element-populated\">\n\t\t\t\t\t\t\t<div class=\"elementor-widget-wrap\">\n\t\t\t\t\t\t<div class=\"elementor-element elementor-element-60bb79d elementor-widget elementor-widget-heading\" data-id=\"60bb79d\" data-element_type=\"widget\" data-widget_type=\"heading.default\">\n\t\t\t\t<div class=\"elementor-widget-container\">\n\t\t\t<h2 class=\"elementor-heading-title elementor-size-default\">Emblanquiment dental<\/h2>\t\t<\/div>\n\t\t\t\t<\/div>\n\t\t\t\t<div class=\"elementor-element elementor-element-6102c77 elementor-widget elementor-widget-text-editor\" data-id=\"6102c77\" data-element_type=\"widget\" data-widget_type=\"text-editor.default\">\n\t\t\t\t<div class=\"elementor-widget-container\">\n\t\t\t\t\t\t\t\t<div class=\"elementor-text-editor elementor-clearfix\">\n\t\t\t\t<p>\u00c9s un procediment que permet aclarir el color de les dents o recuperar el color natural que es pot haver perdut amb els anys.<br \/><br \/>Un bon diagn\u00f2stic \u00e9s fonamental per a obtenir els resultats desitjats.<\/p>\t\t\t\t\t<\/div>\n\t\t\t\t\t\t<\/div>\n\t\t\t\t<\/div>\n\t\t\t\t<div class=\"elementor-element elementor-element-18076a3 elementor-widget elementor-widget-eael-adv-accordion\" data-id=\"18076a3\" data-element_type=\"widget\" data-widget_type=\"eael-adv-accordion.default\">\n\t\t\t\t<div class=\"elementor-widget-container\">\n\t\t\t        <div class=\"eael-adv-accordion\" id=\"eael-adv-accordion-18076a3\" data-accordion-id=\"18076a3\" data-accordion-type=\"toggle\" data-toogle-speed=\"300\">\n    <div class=\"eael-accordion-list\">\n                <div id=\"ms-informaci\" class=\"elementor-tab-title eael-accordion-header\" tabindex=\"2511\" data-tab=\"1\" role=\"tab\" aria-controls=\"elementor-tab-content-2511\"><span class=\"eael-accordion-tab-title\">M\u00e9s informaci\u00f3<\/span><i aria-hidden=\"true\" class=\"fa-toggle fas fa-angle-right\"><\/i><\/div><div id=\"elementor-tab-content-2511\" class=\"eael-accordion-content clearfix\" data-tab=\"1\" role=\"tabpanel\" aria-labelledby=\"ms-informaci\"><p><p>Abans de realitzar un emblanquiment \u00e9s recomanable fer-se una higiene bucodental, ja que pot haver-hi placa, c\u00e0lcul o tincions extr\u00ednseques, degudes a la dieta, que camuflen el color real de les dents.<\/p><p>\u00c9s important detectar quins factors han contribu\u00eft a enfosquir les dents i modificar-los perqu\u00e8 els resultats del tractament perdurin m\u00e9s en el temps.<\/p><p>Despr\u00e9s de la visita amb l'odont\u00f2leg, el pacient pot triar entre fer-se el tractament a casa, o realitzar-ho a la cl\u00ednica. Usem productes qu\u00edmics adequats i tamb\u00e9 t\u00e8cnica amb raig l\u00e0ser.<\/p><p>Una vegada finalitzat el tractament s'haur\u00e0 de tornar a la cl\u00ednica per a una visita de control en la qual s'avalu\u00ef la millora.<\/p><\/p><\/div>\n                <\/div><\/div>\t\t<\/div>\n\t\t\t\t<\/div>\n\t\t\t\t\t\t<\/div>\n\t\t\t\t\t<\/div>\n\t\t<\/div>\n\t\t\t\t\t\t\t\t<\/div>\n\t\t\t\t\t<\/div>\n\t\t<\/section>\n\t\t\t\t\t\t\t\t\t<\/div>\n\t\t\t<\/div>\n\t\t\t\t\t<\/div>\n\t\t","protected":false},"excerpt":{"rendered":"<p>EST\u00c8TICA \u201cBusquem l&#8217;harmonia del teu somriure, millorant l&#8217;est\u00e8tica\u201d Est\u00e8tica dental Millorem les peces dentals per a aconseguir una major harmonia est\u00e8tica facial. Podem millorar el color, la forma, disminuir o augmentar la grand\u00e0ria de la dent, amb materials d&#8217;\u00faltima generaci\u00f3 que ens permeten maximitzar l&#8217;est\u00e8tica facial. M\u00e9s informaci\u00f3 Per a aix\u00f2 s&#8217;han de tenir en &#8230; <a title=\"Cat Est\u00e9tica\" class=\"read-more\" href=\"https:\/\/sadentista.com\/ca\/estetica\/\">Leer m\u00e1s<\/a><\/p>\n","protected":false},"author":1,"featured_media":0,"parent":0,"menu_order":0,"comment_status":"closed","ping_status":"closed","template":"elementor_header_footer","meta":{"_mi_skip_tracking":false},"yoast_head":"<!-- This site is optimized with the Yoast SEO plugin v15.9.1 - https:\/\/yoast.com\/wordpress\/plugins\/seo\/ -->\n<title>Cat Est\u00e9tica - Sa Dentista Mercadal<\/title>\n<link rel=\"canonical\" href=\"https:\/\/sadentista.com\/ca\/estetica\/\" \/>\n<meta property=\"og:locale\" content=\"ca_ES\" \/>\n<meta property=\"og:type\" content=\"article\" \/>\n<meta property=\"og:title\" content=\"Cat Est\u00e9tica - Sa Dentista Mercadal\" \/>\n<meta property=\"og:description\" content=\"EST\u00c8TICA \u201cBusquem l&#8217;harmonia del teu somriure, millorant l&#8217;est\u00e8tica\u201d Est\u00e8tica dental Millorem les peces dentals per a aconseguir una major harmonia est\u00e8tica facial. Podem millorar el color, la forma, disminuir o augmentar la grand\u00e0ria de la dent, amb materials d&#8217;\u00faltima generaci\u00f3 que ens permeten maximitzar l&#8217;est\u00e8tica facial. M\u00e9s informaci\u00f3 Per a aix\u00f2 s&#8217;han de tenir en ... Leer m\u00e1s\" \/>\n<meta property=\"og:url\" content=\"https:\/\/sadentista.com\/ca\/estetica\/\" \/>\n<meta property=\"og:site_name\" content=\"Sa Dentista Mercadal\" \/>\n<meta property=\"article:modified_time\" content=\"2021-02-24T15:01:29+00:00\" \/>\n<meta property=\"og:image\" content=\"https:\/\/sadentista.com\/wp-content\/uploads\/2019\/11\/estetica.png\" \/>\n<meta name=\"twitter:card\" content=\"summary_large_image\" \/>\n<meta name=\"twitter:label1\" content=\"Temps estimat de lectura\">\n\t<meta name=\"twitter:data1\" content=\"4 minuts\">\n<script type=\"application\/ld+json\" class=\"yoast-schema-graph\">{\"@context\":\"https:\/\/schema.org\",\"@graph\":[{\"@type\":\"WebSite\",\"@id\":\"https:\/\/sadentista.com\/ca\/#website\",\"url\":\"https:\/\/sadentista.com\/ca\/\",\"name\":\"Sa Dentista Mercadal\",\"description\":\"Odontologia per la salut\",\"potentialAction\":[{\"@type\":\"SearchAction\",\"target\":\"https:\/\/sadentista.com\/ca\/?s={search_term_string}\",\"query-input\":\"required name=search_term_string\"}],\"inLanguage\":\"ca\"},{\"@type\":\"ImageObject\",\"@id\":\"https:\/\/sadentista.com\/ca\/estetica\/#primaryimage\",\"inLanguage\":\"ca\",\"url\":\"https:\/\/sadentista.com\/wp-content\/uploads\/2019\/11\/estetica.png\",\"width\":90,\"height\":129},{\"@type\":\"WebPage\",\"@id\":\"https:\/\/sadentista.com\/ca\/estetica\/#webpage\",\"url\":\"https:\/\/sadentista.com\/ca\/estetica\/\",\"name\":\"Cat Est\\u00e9tica - Sa Dentista Mercadal\",\"isPartOf\":{\"@id\":\"https:\/\/sadentista.com\/ca\/#website\"},\"primaryImageOfPage\":{\"@id\":\"https:\/\/sadentista.com\/ca\/estetica\/#primaryimage\"},\"datePublished\":\"2020-07-17T07:43:05+00:00\",\"dateModified\":\"2021-02-24T15:01:29+00:00\",\"breadcrumb\":{\"@id\":\"https:\/\/sadentista.com\/ca\/estetica\/#breadcrumb\"},\"inLanguage\":\"ca\",\"potentialAction\":[{\"@type\":\"ReadAction\",\"target\":[\"https:\/\/sadentista.com\/ca\/estetica\/\"]}]},{\"@type\":\"BreadcrumbList\",\"@id\":\"https:\/\/sadentista.com\/ca\/estetica\/#breadcrumb\",\"itemListElement\":[{\"@type\":\"ListItem\",\"position\":1,\"item\":{\"@type\":\"WebPage\",\"@id\":\"https:\/\/sadentista.com\/ca\/\",\"url\":\"https:\/\/sadentista.com\/ca\/\",\"name\":\"Portada\"}},{\"@type\":\"ListItem\",\"position\":2,\"item\":{\"@type\":\"WebPage\",\"@id\":\"https:\/\/sadentista.com\/ca\/estetica\/\",\"url\":\"https:\/\/sadentista.com\/ca\/estetica\/\",\"name\":\"Cat Est\\u00e9tica\"}}]}]}<\/script>\n<!-- \/ Yoast SEO plugin. -->","_links":{"self":[{"href":"https:\/\/sadentista.com\/ca\/wp-json\/wp\/v2\/pages\/960"}],"collection":[{"href":"https:\/\/sadentista.com\/ca\/wp-json\/wp\/v2\/pages"}],"about":[{"href":"https:\/\/sadentista.com\/ca\/wp-json\/wp\/v2\/types\/page"}],"author":[{"embeddable":true,"href":"https:\/\/sadentista.com\/ca\/wp-json\/wp\/v2\/users\/1"}],"replies":[{"embeddable":true,"href":"https:\/\/sadentista.com\/ca\/wp-json\/wp\/v2\/comments?post=960"}],"version-history":[{"count":28,"href":"https:\/\/sadentista.com\/ca\/wp-json\/wp\/v2\/pages\/960\/revisions"}],"predecessor-version":[{"id":1919,"href":"https:\/\/sadentista.com\/ca\/wp-json\/wp\/v2\/pages\/960\/revisions\/1919"}],"wp:attachment":[{"href":"https:\/\/sadentista.com\/ca\/wp-json\/wp\/v2\/media?parent=960"}],"curies":[{"name":"wp","href":"https:\/\/api.w.org\/{rel}","templated":true}]}}