{"id":944,"date":"2020-07-17T07:36:45","date_gmt":"2020-07-17T07:36:45","guid":{"rendered":"https:\/\/sadentista.com\/?page_id=944"},"modified":"2021-02-24T14:44:38","modified_gmt":"2021-02-24T14:44:38","slug":"cirugia-oral","status":"publish","type":"page","link":"https:\/\/sadentista.com\/ca\/cirugia-oral\/","title":{"rendered":"Cat Cirug\u00eda Oral"},"content":{"rendered":"\t\t<div data-elementor-type=\"wp-page\" data-elementor-id=\"944\" class=\"elementor elementor-944 elementor-399\">\n\t\t\t\t\t\t<div class=\"elementor-inner\">\n\t\t\t\t<div class=\"elementor-section-wrap\">\n\t\t\t\t\t\t\t\t\t<section data-particle_enable=\"false\" data-particle-mobile-disabled=\"false\" class=\"elementor-section elementor-top-section elementor-element elementor-element-681e78b3 elementor-section-boxed elementor-section-height-default elementor-section-height-default\" data-id=\"681e78b3\" data-element_type=\"section\" data-settings=\"{&quot;background_background&quot;:&quot;classic&quot;}\">\n\t\t\t\t\t\t\t<div class=\"elementor-background-overlay\"><\/div>\n\t\t\t\t\t\t\t<div class=\"elementor-container elementor-column-gap-default\">\n\t\t\t\t\t\t\t<div class=\"elementor-row\">\n\t\t\t\t\t<div class=\"elementor-column elementor-col-50 elementor-top-column elementor-element elementor-element-26510814\" data-id=\"26510814\" data-element_type=\"column\">\n\t\t\t<div class=\"elementor-column-wrap elementor-element-populated\">\n\t\t\t\t\t\t\t<div class=\"elementor-widget-wrap\">\n\t\t\t\t\t\t<div class=\"elementor-element elementor-element-64f8a5ad elementor-widget elementor-widget-image\" data-id=\"64f8a5ad\" data-element_type=\"widget\" data-widget_type=\"image.default\">\n\t\t\t\t<div class=\"elementor-widget-container\">\n\t\t\t\t\t\t\t\t<div class=\"elementor-image\">\n\t\t\t\t\t\t\t\t\t\t\t\t<img decoding=\"async\" width=\"147\" height=\"212\" src=\"https:\/\/sadentista.com\/wp-content\/uploads\/2019\/11\/intervencion.png\" class=\"attachment-large size-large wp-image-402\" alt=\"\" loading=\"lazy\" \/>\t\t\t\t\t\t\t\t\t\t\t\t\t\t<\/div>\n\t\t\t\t\t\t<\/div>\n\t\t\t\t<\/div>\n\t\t\t\t\t\t<\/div>\n\t\t\t\t\t<\/div>\n\t\t<\/div>\n\t\t\t\t<div class=\"elementor-column elementor-col-50 elementor-top-column elementor-element elementor-element-4af69fdd\" data-id=\"4af69fdd\" data-element_type=\"column\">\n\t\t\t<div class=\"elementor-column-wrap elementor-element-populated\">\n\t\t\t\t\t\t\t<div class=\"elementor-widget-wrap\">\n\t\t\t\t\t\t<div class=\"elementor-element elementor-element-a90b2da elementor-widget elementor-widget-heading\" data-id=\"a90b2da\" data-element_type=\"widget\" data-widget_type=\"heading.default\">\n\t\t\t\t<div class=\"elementor-widget-container\">\n\t\t\t<h2 class=\"elementor-heading-title elementor-size-default\">INTERVENCI\u00d3, CIRURGIA ORAL<\/h2>\t\t<\/div>\n\t\t\t\t<\/div>\n\t\t\t\t<div class=\"elementor-element elementor-element-5bd4a323 elementor-widget elementor-widget-text-editor\" data-id=\"5bd4a323\" data-element_type=\"widget\" data-widget_type=\"text-editor.default\">\n\t\t\t\t<div class=\"elementor-widget-container\">\n\t\t\t\t\t\t\t\t<div class=\"elementor-text-editor elementor-clearfix\">\n\t\t\t\t<p>\u201cSi malgrat tot fracassa alguna pe\u00e7a, netegem la zona de qualsevol vestigi de patologia\u201d.<\/p>\t\t\t\t\t<\/div>\n\t\t\t\t\t\t<\/div>\n\t\t\t\t<\/div>\n\t\t\t\t\t\t<\/div>\n\t\t\t\t\t<\/div>\n\t\t<\/div>\n\t\t\t\t\t\t\t\t<\/div>\n\t\t\t\t\t<\/div>\n\t\t<\/section>\n\t\t\t\t<section data-particle_enable=\"false\" data-particle-mobile-disabled=\"false\" class=\"elementor-section elementor-top-section elementor-element elementor-element-60a1f1f3 elementor-reverse-tablet elementor-reverse-mobile elementor-section-boxed elementor-section-height-default elementor-section-height-default\" data-id=\"60a1f1f3\" data-element_type=\"section\">\n\t\t\t\t\t\t<div class=\"elementor-container elementor-column-gap-default\">\n\t\t\t\t\t\t\t<div class=\"elementor-row\">\n\t\t\t\t\t<div class=\"elementor-column elementor-col-50 elementor-top-column elementor-element elementor-element-2a11eec9 elementor-invisible\" data-id=\"2a11eec9\" data-element_type=\"column\" data-settings=\"{&quot;animation&quot;:&quot;fadeInLeft&quot;}\">\n\t\t\t<div class=\"elementor-column-wrap elementor-element-populated\">\n\t\t\t\t\t\t\t<div class=\"elementor-widget-wrap\">\n\t\t\t\t\t\t<div class=\"elementor-element elementor-element-26709673 elementor-widget elementor-widget-heading\" data-id=\"26709673\" data-element_type=\"widget\" data-widget_type=\"heading.default\">\n\t\t\t\t<div class=\"elementor-widget-container\">\n\t\t\t<h2 class=\"elementor-heading-title elementor-size-default\">Exod\u00f2ncies<\/h2>\t\t<\/div>\n\t\t\t\t<\/div>\n\t\t\t\t<div class=\"elementor-element elementor-element-62bc4b2 elementor-widget elementor-widget-text-editor\" data-id=\"62bc4b2\" data-element_type=\"widget\" data-widget_type=\"text-editor.default\">\n\t\t\t\t<div class=\"elementor-widget-container\">\n\t\t\t\t\t\t\t\t<div class=\"elementor-text-editor elementor-clearfix\">\n\t\t\t\t<p>\u00c9s l&#8217;acte de l&#8217;extracci\u00f3 d&#8217;una pe\u00e7a dental<\/p><p>Hi ha dos tipus principals d&#8217;exod\u00f2ncies:<\/p><p>Simple o quir\u00fargica. L&#8217;extracci\u00f3 dental simple s&#8217;utilitza per a llevar les dents que s\u00f3n f\u00e0cilment accessibles, mentre que l&#8217;extracci\u00f3 dental quir\u00fargica requereix una incisi\u00f3 en el teixit connectiu per a accedir a la dent que es llevar\u00e0, aix\u00f2 afecta tamb\u00e9 a les extraccions de les dents incloses o no erupcionats.<\/p>\t\t\t\t\t<\/div>\n\t\t\t\t\t\t<\/div>\n\t\t\t\t<\/div>\n\t\t\t\t\t\t<\/div>\n\t\t\t\t\t<\/div>\n\t\t<\/div>\n\t\t\t\t<div class=\"elementor-column elementor-col-50 elementor-top-column elementor-element elementor-element-57bbcad4 elementor-invisible\" data-id=\"57bbcad4\" data-element_type=\"column\" data-settings=\"{&quot;animation&quot;:&quot;fadeInRight&quot;}\">\n\t\t\t<div class=\"elementor-column-wrap elementor-element-populated\">\n\t\t\t\t\t\t\t<div class=\"elementor-widget-wrap\">\n\t\t\t\t\t\t<div class=\"elementor-element elementor-element-1429c122 elementor-widget elementor-widget-image\" data-id=\"1429c122\" data-element_type=\"widget\" data-widget_type=\"image.default\">\n\t\t\t\t<div class=\"elementor-widget-container\">\n\t\t\t\t\t\t\t\t<div class=\"elementor-image\">\n\t\t\t\t\t\t\t\t\t\t\t\t<img decoding=\"async\" width=\"640\" height=\"425\" src=\"https:\/\/sadentista.com\/wp-content\/uploads\/2019\/12\/Exodoncias-Menorca.jpg\" class=\"attachment-full size-full wp-image-520\" alt=\"Exodoncias Menorca\" loading=\"lazy\" srcset=\"https:\/\/sadentista.com\/wp-content\/uploads\/2019\/12\/Exodoncias-Menorca.jpg 640w, https:\/\/sadentista.com\/wp-content\/uploads\/2019\/12\/Exodoncias-Menorca-300x199.jpg 300w\" sizes=\"(max-width: 640px) 100vw, 640px\" \/>\t\t\t\t\t\t\t\t\t\t\t\t\t\t<\/div>\n\t\t\t\t\t\t<\/div>\n\t\t\t\t<\/div>\n\t\t\t\t\t\t<\/div>\n\t\t\t\t\t<\/div>\n\t\t<\/div>\n\t\t\t\t\t\t\t\t<\/div>\n\t\t\t\t\t<\/div>\n\t\t<\/section>\n\t\t\t\t<section data-particle_enable=\"false\" data-particle-mobile-disabled=\"false\" class=\"elementor-section elementor-top-section elementor-element elementor-element-2347d204 elementor-section-boxed elementor-section-height-default elementor-section-height-default\" data-id=\"2347d204\" data-element_type=\"section\">\n\t\t\t\t\t\t<div class=\"elementor-container elementor-column-gap-default\">\n\t\t\t\t\t\t\t<div class=\"elementor-row\">\n\t\t\t\t\t<div class=\"elementor-column elementor-col-50 elementor-top-column elementor-element elementor-element-643f98f4 elementor-invisible\" data-id=\"643f98f4\" data-element_type=\"column\" data-settings=\"{&quot;animation&quot;:&quot;fadeInLeft&quot;}\">\n\t\t\t<div class=\"elementor-column-wrap elementor-element-populated\">\n\t\t\t\t\t\t\t<div class=\"elementor-widget-wrap\">\n\t\t\t\t\t\t<div class=\"elementor-element elementor-element-675a5b70 elementor-widget elementor-widget-image\" data-id=\"675a5b70\" data-element_type=\"widget\" data-widget_type=\"image.default\">\n\t\t\t\t<div class=\"elementor-widget-container\">\n\t\t\t\t\t\t\t\t<div class=\"elementor-image\">\n\t\t\t\t\t\t\t\t\t\t\t\t<img decoding=\"async\" width=\"640\" height=\"425\" src=\"https:\/\/sadentista.com\/wp-content\/uploads\/2019\/12\/Cirugia-Menor.jpg\" class=\"attachment-full size-full wp-image-522\" alt=\"Cirugia Menor\" loading=\"lazy\" srcset=\"https:\/\/sadentista.com\/wp-content\/uploads\/2019\/12\/Cirugia-Menor.jpg 640w, https:\/\/sadentista.com\/wp-content\/uploads\/2019\/12\/Cirugia-Menor-300x199.jpg 300w\" sizes=\"(max-width: 640px) 100vw, 640px\" \/>\t\t\t\t\t\t\t\t\t\t\t\t\t\t<\/div>\n\t\t\t\t\t\t<\/div>\n\t\t\t\t<\/div>\n\t\t\t\t\t\t<\/div>\n\t\t\t\t\t<\/div>\n\t\t<\/div>\n\t\t\t\t<div class=\"elementor-column elementor-col-50 elementor-top-column elementor-element elementor-element-4d481dd5 elementor-invisible\" data-id=\"4d481dd5\" data-element_type=\"column\" data-settings=\"{&quot;animation&quot;:&quot;fadeInRight&quot;}\">\n\t\t\t<div class=\"elementor-column-wrap elementor-element-populated\">\n\t\t\t\t\t\t\t<div class=\"elementor-widget-wrap\">\n\t\t\t\t\t\t<div class=\"elementor-element elementor-element-5fbd7c2e elementor-widget elementor-widget-heading\" data-id=\"5fbd7c2e\" data-element_type=\"widget\" data-widget_type=\"heading.default\">\n\t\t\t\t<div class=\"elementor-widget-container\">\n\t\t\t<h2 class=\"elementor-heading-title elementor-size-default\">Cirugia oral menor<\/h2>\t\t<\/div>\n\t\t\t\t<\/div>\n\t\t\t\t<div class=\"elementor-element elementor-element-7e307b43 elementor-widget elementor-widget-text-editor\" data-id=\"7e307b43\" data-element_type=\"widget\" data-widget_type=\"text-editor.default\">\n\t\t\t\t<div class=\"elementor-widget-container\">\n\t\t\t\t\t\t\t\t<div class=\"elementor-text-editor elementor-clearfix\">\n\t\t\t\t<p>S\u00f3n tractaments senzills, per\u00f2 que requereixen bistur\u00ed i sutures<\/p><p>Un exemple \u00e9s la frenectomia, tractament que busca l&#8217;eliminaci\u00f3 total o parcial del fre labial per a evitar les conseq\u00fc\u00e8ncies que genera, ja que pot alterar la parla, la neteja i l&#8217;est\u00e8tica.<\/p>\t\t\t\t\t<\/div>\n\t\t\t\t\t\t<\/div>\n\t\t\t\t<\/div>\n\t\t\t\t<div class=\"elementor-element elementor-element-3326fedb elementor-widget elementor-widget-eael-adv-accordion\" data-id=\"3326fedb\" data-element_type=\"widget\" data-widget_type=\"eael-adv-accordion.default\">\n\t\t\t\t<div class=\"elementor-widget-container\">\n\t\t\t        <div class=\"eael-adv-accordion\" id=\"eael-adv-accordion-3326fedb\" data-accordion-id=\"3326fedb\" data-accordion-type=\"toggle\" data-toogle-speed=\"300\">\n    <div class=\"eael-accordion-list\">\n                <div id=\"ms-informaci\" class=\"elementor-tab-title eael-accordion-header\" tabindex=\"8581\" data-tab=\"1\" role=\"tab\" aria-controls=\"elementor-tab-content-8581\"><span class=\"eael-accordion-tab-title\">M\u00e9s informaci\u00f3<\/span><i aria-hidden=\"true\" class=\"fa-toggle fas fa-angle-right\"><\/i><\/div><div id=\"elementor-tab-content-8581\" class=\"eael-accordion-content clearfix\" data-tab=\"1\" role=\"tabpanel\" aria-labelledby=\"ms-informaci\"><p><p>La frenectom\u00eda es pot fer tant en els frens labials superiors, inferiors com en els linguals.<br \/><br \/>Eliminaci\u00f3 de quistos i apicectomies: consisteix en l'extracci\u00f3 quir\u00fargica completa d'un petit quist amb segellament posterior de la ferida. Despr\u00e9s de tallar la mucosa s'elimina completament el sac qu\u00edstic.<br \/><br \/>Aquesta operaci\u00f3 pot combinar-se aix\u00ed mateix amb una resecci\u00f3 de la punta de l'arrel. A continuaci\u00f3, es procedeix al segellament de la mucosa per sobre del defecte ossi. De quedar restes del quist poden formar-se nous quistos.<\/p><\/p><\/div>\n                <\/div><\/div>\t\t<\/div>\n\t\t\t\t<\/div>\n\t\t\t\t\t\t<\/div>\n\t\t\t\t\t<\/div>\n\t\t<\/div>\n\t\t\t\t\t\t\t\t<\/div>\n\t\t\t\t\t<\/div>\n\t\t<\/section>\n\t\t\t\t<section data-particle_enable=\"false\" data-particle-mobile-disabled=\"false\" class=\"elementor-section elementor-top-section elementor-element elementor-element-74c2e2f6 elementor-reverse-tablet elementor-reverse-mobile elementor-section-boxed elementor-section-height-default elementor-section-height-default\" data-id=\"74c2e2f6\" data-element_type=\"section\">\n\t\t\t\t\t\t<div class=\"elementor-container elementor-column-gap-default\">\n\t\t\t\t\t\t\t<div class=\"elementor-row\">\n\t\t\t\t\t<div class=\"elementor-column elementor-col-50 elementor-top-column elementor-element elementor-element-6b317827 elementor-invisible\" data-id=\"6b317827\" data-element_type=\"column\" data-settings=\"{&quot;animation&quot;:&quot;fadeInLeft&quot;}\">\n\t\t\t<div class=\"elementor-column-wrap elementor-element-populated\">\n\t\t\t\t\t\t\t<div class=\"elementor-widget-wrap\">\n\t\t\t\t\t\t<div class=\"elementor-element elementor-element-19dd34a elementor-widget elementor-widget-heading\" data-id=\"19dd34a\" data-element_type=\"widget\" data-widget_type=\"heading.default\">\n\t\t\t\t<div class=\"elementor-widget-container\">\n\t\t\t<h2 class=\"elementor-heading-title elementor-size-default\">Preparaci\u00f3 quir\u00fargica per a implants<\/h2>\t\t<\/div>\n\t\t\t\t<\/div>\n\t\t\t\t<div class=\"elementor-element elementor-element-6638dec9 elementor-widget elementor-widget-text-editor\" data-id=\"6638dec9\" data-element_type=\"widget\" data-widget_type=\"text-editor.default\">\n\t\t\t\t<div class=\"elementor-widget-container\">\n\t\t\t\t\t\t\t\t<div class=\"elementor-text-editor elementor-clearfix\">\n\t\t\t\t<p>Reposici\u00f3 de l&#8217;os perqu\u00e8 pugui albergar un implant.<\/p>\n<p>Moltes vegades abans de la col\u00b7locaci\u00f3 d&#8217;implants fa falta preparar l&#8217;os on <span class=\"hiddenGrammarError\">s&#8217;<\/span>inserir\u00e0 l&#8217;implant, per exemple: empelt d&#8217;os, col\u00b7locaci\u00f3 de membranes, elevaci\u00f3 de maxil\u00b7lar i moltes m\u00e9s t\u00e8cniques que realitza l&#8217;especialista amb l&#8217;\u00faltima tecnologia i avan\u00e7os en aquest camp.<\/p>\t\t\t\t\t<\/div>\n\t\t\t\t\t\t<\/div>\n\t\t\t\t<\/div>\n\t\t\t\t\t\t<\/div>\n\t\t\t\t\t<\/div>\n\t\t<\/div>\n\t\t\t\t<div class=\"elementor-column elementor-col-50 elementor-top-column elementor-element elementor-element-5fa6d179 elementor-invisible\" data-id=\"5fa6d179\" data-element_type=\"column\" data-settings=\"{&quot;animation&quot;:&quot;fadeInRight&quot;}\">\n\t\t\t<div class=\"elementor-column-wrap elementor-element-populated\">\n\t\t\t\t\t\t\t<div class=\"elementor-widget-wrap\">\n\t\t\t\t\t\t<div class=\"elementor-element elementor-element-143bdf78 elementor-widget elementor-widget-image\" data-id=\"143bdf78\" data-element_type=\"widget\" data-widget_type=\"image.default\">\n\t\t\t\t<div class=\"elementor-widget-container\">\n\t\t\t\t\t\t\t\t<div class=\"elementor-image\">\n\t\t\t\t\t\t\t\t\t\t\t\t<img decoding=\"async\" width=\"640\" height=\"425\" src=\"https:\/\/sadentista.com\/wp-content\/uploads\/2019\/12\/Preparacion-quirurgica-implantes.jpg\" class=\"attachment-full size-full wp-image-525\" alt=\"Preparacion quirurgica implantes\" loading=\"lazy\" srcset=\"https:\/\/sadentista.com\/wp-content\/uploads\/2019\/12\/Preparacion-quirurgica-implantes.jpg 640w, https:\/\/sadentista.com\/wp-content\/uploads\/2019\/12\/Preparacion-quirurgica-implantes-300x199.jpg 300w\" sizes=\"(max-width: 640px) 100vw, 640px\" \/>\t\t\t\t\t\t\t\t\t\t\t\t\t\t<\/div>\n\t\t\t\t\t\t<\/div>\n\t\t\t\t<\/div>\n\t\t\t\t\t\t<\/div>\n\t\t\t\t\t<\/div>\n\t\t<\/div>\n\t\t\t\t\t\t\t\t<\/div>\n\t\t\t\t\t<\/div>\n\t\t<\/section>\n\t\t\t\t<section data-particle_enable=\"false\" data-particle-mobile-disabled=\"false\" class=\"elementor-section elementor-top-section elementor-element elementor-element-9f79d9a elementor-section-boxed elementor-section-height-default elementor-section-height-default\" data-id=\"9f79d9a\" data-element_type=\"section\">\n\t\t\t\t\t\t<div class=\"elementor-container elementor-column-gap-default\">\n\t\t\t\t\t\t\t<div class=\"elementor-row\">\n\t\t\t\t\t<div class=\"elementor-column elementor-col-50 elementor-top-column elementor-element elementor-element-3fbaf69 elementor-invisible\" data-id=\"3fbaf69\" data-element_type=\"column\" data-settings=\"{&quot;animation&quot;:&quot;fadeInLeft&quot;}\">\n\t\t\t<div class=\"elementor-column-wrap elementor-element-populated\">\n\t\t\t\t\t\t\t<div class=\"elementor-widget-wrap\">\n\t\t\t\t\t\t<div class=\"elementor-element elementor-element-9050a26 elementor-widget elementor-widget-image\" data-id=\"9050a26\" data-element_type=\"widget\" data-widget_type=\"image.default\">\n\t\t\t\t<div class=\"elementor-widget-container\">\n\t\t\t\t\t\t\t\t<div class=\"elementor-image\">\n\t\t\t\t\t\t\t\t\t\t\t\t<img decoding=\"async\" width=\"640\" height=\"425\" src=\"https:\/\/sadentista.com\/wp-content\/uploads\/2019\/12\/Encias-Menorca.jpg\" class=\"attachment-full size-full wp-image-528\" alt=\"Encias Menorca\" loading=\"lazy\" srcset=\"https:\/\/sadentista.com\/wp-content\/uploads\/2019\/12\/Encias-Menorca.jpg 640w, https:\/\/sadentista.com\/wp-content\/uploads\/2019\/12\/Encias-Menorca-300x199.jpg 300w\" sizes=\"(max-width: 640px) 100vw, 640px\" \/>\t\t\t\t\t\t\t\t\t\t\t\t\t\t<\/div>\n\t\t\t\t\t\t<\/div>\n\t\t\t\t<\/div>\n\t\t\t\t\t\t<\/div>\n\t\t\t\t\t<\/div>\n\t\t<\/div>\n\t\t\t\t<div class=\"elementor-column elementor-col-50 elementor-top-column elementor-element elementor-element-d2c58cf elementor-invisible\" data-id=\"d2c58cf\" data-element_type=\"column\" data-settings=\"{&quot;animation&quot;:&quot;fadeInRight&quot;}\">\n\t\t\t<div class=\"elementor-column-wrap elementor-element-populated\">\n\t\t\t\t\t\t\t<div class=\"elementor-widget-wrap\">\n\t\t\t\t\t\t<div class=\"elementor-element elementor-element-a6ea15c elementor-widget elementor-widget-heading\" data-id=\"a6ea15c\" data-element_type=\"widget\" data-widget_type=\"heading.default\">\n\t\t\t\t<div class=\"elementor-widget-container\">\n\t\t\t<h2 class=\"elementor-heading-title elementor-size-default\">Period\u00f2ncia<\/h2>\t\t<\/div>\n\t\t\t\t<\/div>\n\t\t\t\t<div class=\"elementor-element elementor-element-cd40f77 elementor-widget elementor-widget-text-editor\" data-id=\"cd40f77\" data-element_type=\"widget\" data-widget_type=\"text-editor.default\">\n\t\t\t\t<div class=\"elementor-widget-container\">\n\t\t\t\t\t\t\t\t<div class=\"elementor-text-editor elementor-clearfix\">\n\t\t\t\t<p>\u00c9s la branca de l&#8217;odontologia que tracta les malalties de la geniva.<\/p><p>En condicions de salut, la geniva s&#8217;adapta a les dents i els contorneja, \u00e9s de color rosa coral, t\u00e9 una textura similar a la pell de la taronja i no sagna. Els bacteris s\u00f3n els principals responsables de les malalties periodontals.<\/p>\t\t\t\t\t<\/div>\n\t\t\t\t\t\t<\/div>\n\t\t\t\t<\/div>\n\t\t\t\t<div class=\"elementor-element elementor-element-183910e elementor-widget elementor-widget-eael-adv-accordion\" data-id=\"183910e\" data-element_type=\"widget\" data-widget_type=\"eael-adv-accordion.default\">\n\t\t\t\t<div class=\"elementor-widget-container\">\n\t\t\t        <div class=\"eael-adv-accordion\" id=\"eael-adv-accordion-183910e\" data-accordion-id=\"183910e\" data-accordion-type=\"toggle\" data-toogle-speed=\"300\">\n    <div class=\"eael-accordion-list\">\n                <div id=\"ms-informaci\" class=\"elementor-tab-title eael-accordion-header\" tabindex=\"2531\" data-tab=\"1\" role=\"tab\" aria-controls=\"elementor-tab-content-2531\"><span class=\"eael-accordion-tab-title\">M\u00e9s informaci\u00f3<\/span><i aria-hidden=\"true\" class=\"fa-toggle fas fa-angle-right\"><\/i><\/div><div id=\"elementor-tab-content-2531\" class=\"eael-accordion-content clearfix\" data-tab=\"1\" role=\"tabpanel\" aria-labelledby=\"ms-informaci\"><p><p>Les patologies m\u00e9s freq\u00fcents s\u00f3n:<\/p><p>-Gingivitis: es caracteritza pel sagnat de la geniva.<\/p><p>-Periodontitis: l'afectaci\u00f3 \u00e9s mes greu, es produeix una destrucci\u00f3 i p\u00e8rdua dels teixits que suporten les dents, com el lligament periodontal, l'os alveolar i la geniva.<\/p><p>Cap de les dues solen causar dolor ni altres mol\u00e8sties fins que no estan en un estat molt avan\u00e7at. Els principals s\u00edmptomes que poden indicar la necessitat de tractament periodontal s\u00f3n: el sagnat de les genives, mobilitat de les dents, espais buits entre les dents, visualitzaci\u00f3 de les arrels de les dents, mal sabor de boca, sensibilitat amb el fred, etc. .<\/p><p>L'eina m\u00e9s efica\u00e7 per a prevenir aquestes malalties \u00e9s el diagn\u00f2stic preco\u00e7. Es recomana fer-se revisions bucodentals un parell de vegades a l'any i en cas de presentar algun dels s\u00edmptomes esmentats visitar en el\u00a0periodoncista.<\/p><p>Higiene i educaci\u00f3 bucodental.<\/p><p>No sols cal cuidar les peces dentals; tamb\u00e9 cal tenir en compte tots els teixits de suport de les dents, des de l'os fins a les genives i els lligaments.<\/p><p>Tractament periodontal quir\u00fargic:<br \/>\u00a0Cirurgia periodontal, cirurgia mucogingival, gingivectom\u00eda, allargament de corones, empelts de genives, etc.<\/p><\/p><\/div>\n                <\/div><\/div>\t\t<\/div>\n\t\t\t\t<\/div>\n\t\t\t\t\t\t<\/div>\n\t\t\t\t\t<\/div>\n\t\t<\/div>\n\t\t\t\t\t\t\t\t<\/div>\n\t\t\t\t\t<\/div>\n\t\t<\/section>\n\t\t\t\t\t\t\t\t\t<\/div>\n\t\t\t<\/div>\n\t\t\t\t\t<\/div>\n\t\t","protected":false},"excerpt":{"rendered":"<p>INTERVENCI\u00d3, CIRURGIA ORAL \u201cSi malgrat tot fracassa alguna pe\u00e7a, netegem la zona de qualsevol vestigi de patologia\u201d. Exod\u00f2ncies \u00c9s l&#8217;acte de l&#8217;extracci\u00f3 d&#8217;una pe\u00e7a dental Hi ha dos tipus principals d&#8217;exod\u00f2ncies: Simple o quir\u00fargica. L&#8217;extracci\u00f3 dental simple s&#8217;utilitza per a llevar les dents que s\u00f3n f\u00e0cilment accessibles, mentre que l&#8217;extracci\u00f3 dental quir\u00fargica requereix una incisi\u00f3 &#8230; <a title=\"Cat Cirug\u00eda Oral\" class=\"read-more\" href=\"https:\/\/sadentista.com\/ca\/cirugia-oral\/\">Leer m\u00e1s<\/a><\/p>\n","protected":false},"author":1,"featured_media":0,"parent":0,"menu_order":0,"comment_status":"closed","ping_status":"closed","template":"elementor_header_footer","meta":{"_mi_skip_tracking":false},"yoast_head":"<!-- This site is optimized with the Yoast SEO plugin v15.9.1 - https:\/\/yoast.com\/wordpress\/plugins\/seo\/ -->\n<title>Cat Cirug\u00eda Oral - Sa Dentista Mercadal<\/title>\n<link rel=\"canonical\" href=\"https:\/\/sadentista.com\/ca\/cirugia-oral\/\" \/>\n<meta property=\"og:locale\" content=\"ca_ES\" \/>\n<meta property=\"og:type\" content=\"article\" \/>\n<meta property=\"og:title\" content=\"Cat Cirug\u00eda Oral - Sa Dentista Mercadal\" \/>\n<meta property=\"og:description\" content=\"INTERVENCI\u00d3, CIRURGIA ORAL \u201cSi malgrat tot fracassa alguna pe\u00e7a, netegem la zona de qualsevol vestigi de patologia\u201d. Exod\u00f2ncies \u00c9s l&#8217;acte de l&#8217;extracci\u00f3 d&#8217;una pe\u00e7a dental Hi ha dos tipus principals d&#8217;exod\u00f2ncies: Simple o quir\u00fargica. L&#8217;extracci\u00f3 dental simple s&#8217;utilitza per a llevar les dents que s\u00f3n f\u00e0cilment accessibles, mentre que l&#8217;extracci\u00f3 dental quir\u00fargica requereix una incisi\u00f3 ... Leer m\u00e1s\" \/>\n<meta property=\"og:url\" content=\"https:\/\/sadentista.com\/ca\/cirugia-oral\/\" \/>\n<meta property=\"og:site_name\" content=\"Sa Dentista Mercadal\" \/>\n<meta property=\"article:modified_time\" content=\"2021-02-24T14:44:38+00:00\" \/>\n<meta property=\"og:image\" content=\"https:\/\/sadentista.com\/wp-content\/uploads\/2019\/11\/intervencion.png\" \/>\n<meta name=\"twitter:card\" content=\"summary_large_image\" \/>\n<meta name=\"twitter:label1\" content=\"Temps estimat de lectura\">\n\t<meta name=\"twitter:data1\" content=\"4 minuts\">\n<script type=\"application\/ld+json\" class=\"yoast-schema-graph\">{\"@context\":\"https:\/\/schema.org\",\"@graph\":[{\"@type\":\"WebSite\",\"@id\":\"https:\/\/sadentista.com\/ca\/#website\",\"url\":\"https:\/\/sadentista.com\/ca\/\",\"name\":\"Sa Dentista Mercadal\",\"description\":\"Odontologia per la salut\",\"potentialAction\":[{\"@type\":\"SearchAction\",\"target\":\"https:\/\/sadentista.com\/ca\/?s={search_term_string}\",\"query-input\":\"required name=search_term_string\"}],\"inLanguage\":\"ca\"},{\"@type\":\"ImageObject\",\"@id\":\"https:\/\/sadentista.com\/ca\/cirugia-oral\/#primaryimage\",\"inLanguage\":\"ca\",\"url\":\"https:\/\/sadentista.com\/wp-content\/uploads\/2019\/11\/intervencion.png\",\"width\":147,\"height\":212},{\"@type\":\"WebPage\",\"@id\":\"https:\/\/sadentista.com\/ca\/cirugia-oral\/#webpage\",\"url\":\"https:\/\/sadentista.com\/ca\/cirugia-oral\/\",\"name\":\"Cat Cirug\\u00eda Oral - Sa Dentista Mercadal\",\"isPartOf\":{\"@id\":\"https:\/\/sadentista.com\/ca\/#website\"},\"primaryImageOfPage\":{\"@id\":\"https:\/\/sadentista.com\/ca\/cirugia-oral\/#primaryimage\"},\"datePublished\":\"2020-07-17T07:36:45+00:00\",\"dateModified\":\"2021-02-24T14:44:38+00:00\",\"breadcrumb\":{\"@id\":\"https:\/\/sadentista.com\/ca\/cirugia-oral\/#breadcrumb\"},\"inLanguage\":\"ca\",\"potentialAction\":[{\"@type\":\"ReadAction\",\"target\":[\"https:\/\/sadentista.com\/ca\/cirugia-oral\/\"]}]},{\"@type\":\"BreadcrumbList\",\"@id\":\"https:\/\/sadentista.com\/ca\/cirugia-oral\/#breadcrumb\",\"itemListElement\":[{\"@type\":\"ListItem\",\"position\":1,\"item\":{\"@type\":\"WebPage\",\"@id\":\"https:\/\/sadentista.com\/ca\/\",\"url\":\"https:\/\/sadentista.com\/ca\/\",\"name\":\"Portada\"}},{\"@type\":\"ListItem\",\"position\":2,\"item\":{\"@type\":\"WebPage\",\"@id\":\"https:\/\/sadentista.com\/ca\/cirugia-oral\/\",\"url\":\"https:\/\/sadentista.com\/ca\/cirugia-oral\/\",\"name\":\"Cat Cirug\\u00eda Oral\"}}]}]}<\/script>\n<!-- \/ Yoast SEO plugin. -->","_links":{"self":[{"href":"https:\/\/sadentista.com\/ca\/wp-json\/wp\/v2\/pages\/944"}],"collection":[{"href":"https:\/\/sadentista.com\/ca\/wp-json\/wp\/v2\/pages"}],"about":[{"href":"https:\/\/sadentista.com\/ca\/wp-json\/wp\/v2\/types\/page"}],"author":[{"embeddable":true,"href":"https:\/\/sadentista.com\/ca\/wp-json\/wp\/v2\/users\/1"}],"replies":[{"embeddable":true,"href":"https:\/\/sadentista.com\/ca\/wp-json\/wp\/v2\/comments?post=944"}],"version-history":[{"count":19,"href":"https:\/\/sadentista.com\/ca\/wp-json\/wp\/v2\/pages\/944\/revisions"}],"predecessor-version":[{"id":1902,"href":"https:\/\/sadentista.com\/ca\/wp-json\/wp\/v2\/pages\/944\/revisions\/1902"}],"wp:attachment":[{"href":"https:\/\/sadentista.com\/ca\/wp-json\/wp\/v2\/media?parent=944"}],"curies":[{"name":"wp","href":"https:\/\/api.w.org\/{rel}","templated":true}]}}