{"id":1119,"date":"2020-07-17T08:12:12","date_gmt":"2020-07-17T08:12:12","guid":{"rendered":"https:\/\/sadentista.com\/?page_id=1119"},"modified":"2021-03-04T15:37:56","modified_gmt":"2021-03-04T15:37:56","slug":"protesis","status":"publish","type":"page","link":"https:\/\/sadentista.com\/ca\/protesis\/","title":{"rendered":"Cat Pr\u00f3tesis"},"content":{"rendered":"\t\t<div data-elementor-type=\"wp-page\" data-elementor-id=\"1119\" class=\"elementor elementor-1119 elementor-413\">\n\t\t\t\t\t\t<div class=\"elementor-inner\">\n\t\t\t\t<div class=\"elementor-section-wrap\">\n\t\t\t\t\t\t\t\t\t<section data-particle_enable=\"false\" data-particle-mobile-disabled=\"false\" class=\"elementor-section elementor-top-section elementor-element elementor-element-52860c08 elementor-section-boxed elementor-section-height-default elementor-section-height-default\" data-id=\"52860c08\" data-element_type=\"section\" data-settings=\"{&quot;background_background&quot;:&quot;classic&quot;}\">\n\t\t\t\t\t\t\t<div class=\"elementor-background-overlay\"><\/div>\n\t\t\t\t\t\t\t<div class=\"elementor-container elementor-column-gap-default\">\n\t\t\t\t\t\t\t<div class=\"elementor-row\">\n\t\t\t\t\t<div class=\"elementor-column elementor-col-50 elementor-top-column elementor-element elementor-element-f1382c9\" data-id=\"f1382c9\" data-element_type=\"column\">\n\t\t\t<div class=\"elementor-column-wrap elementor-element-populated\">\n\t\t\t\t\t\t\t<div class=\"elementor-widget-wrap\">\n\t\t\t\t\t\t<div class=\"elementor-element elementor-element-14212c83 elementor-widget elementor-widget-image\" data-id=\"14212c83\" data-element_type=\"widget\" data-widget_type=\"image.default\">\n\t\t\t\t<div class=\"elementor-widget-container\">\n\t\t\t\t\t\t\t\t<div class=\"elementor-image\">\n\t\t\t\t\t\t\t\t\t\t\t\t<img decoding=\"async\" width=\"90\" height=\"147\" src=\"https:\/\/sadentista.com\/wp-content\/uploads\/2019\/11\/protesis.png\" class=\"attachment-large size-large wp-image-417\" alt=\"\" loading=\"lazy\" \/>\t\t\t\t\t\t\t\t\t\t\t\t\t\t<\/div>\n\t\t\t\t\t\t<\/div>\n\t\t\t\t<\/div>\n\t\t\t\t\t\t<\/div>\n\t\t\t\t\t<\/div>\n\t\t<\/div>\n\t\t\t\t<div class=\"elementor-column elementor-col-50 elementor-top-column elementor-element elementor-element-57bef1d6\" data-id=\"57bef1d6\" data-element_type=\"column\">\n\t\t\t<div class=\"elementor-column-wrap elementor-element-populated\">\n\t\t\t\t\t\t\t<div class=\"elementor-widget-wrap\">\n\t\t\t\t\t\t<div class=\"elementor-element elementor-element-28df2292 elementor-widget elementor-widget-heading\" data-id=\"28df2292\" data-element_type=\"widget\" data-widget_type=\"heading.default\">\n\t\t\t\t<div class=\"elementor-widget-container\">\n\t\t\t<h2 class=\"elementor-heading-title elementor-size-default\">PR\u00d3TESI\n<\/h2>\t\t<\/div>\n\t\t\t\t<\/div>\n\t\t\t\t<div class=\"elementor-element elementor-element-4439cb9b elementor-widget elementor-widget-text-editor\" data-id=\"4439cb9b\" data-element_type=\"widget\" data-widget_type=\"text-editor.default\">\n\t\t\t\t<div class=\"elementor-widget-container\">\n\t\t\t\t\t\t\t\t<div class=\"elementor-text-editor elementor-clearfix\">\n\t\t\t\t<p>\u201cDavant el frac\u00e0s i la p\u00e8rdua de les dents naturals els<br \/>podem reposar imitant a la naturalesa\u201d<\/p>\t\t\t\t\t<\/div>\n\t\t\t\t\t\t<\/div>\n\t\t\t\t<\/div>\n\t\t\t\t\t\t<\/div>\n\t\t\t\t\t<\/div>\n\t\t<\/div>\n\t\t\t\t\t\t\t\t<\/div>\n\t\t\t\t\t<\/div>\n\t\t<\/section>\n\t\t\t\t<section data-particle_enable=\"false\" data-particle-mobile-disabled=\"false\" class=\"elementor-section elementor-top-section elementor-element elementor-element-60c142e elementor-reverse-tablet elementor-reverse-mobile elementor-section-boxed elementor-section-height-default elementor-section-height-default\" data-id=\"60c142e\" data-element_type=\"section\">\n\t\t\t\t\t\t<div class=\"elementor-container elementor-column-gap-default\">\n\t\t\t\t\t\t\t<div class=\"elementor-row\">\n\t\t\t\t\t<div class=\"elementor-column elementor-col-50 elementor-top-column elementor-element elementor-element-0b64490 elementor-invisible\" data-id=\"0b64490\" data-element_type=\"column\" data-settings=\"{&quot;animation&quot;:&quot;fadeInLeft&quot;}\">\n\t\t\t<div class=\"elementor-column-wrap elementor-element-populated\">\n\t\t\t\t\t\t\t<div class=\"elementor-widget-wrap\">\n\t\t\t\t\t\t<div class=\"elementor-element elementor-element-402ca65 elementor-widget elementor-widget-heading\" data-id=\"402ca65\" data-element_type=\"widget\" data-widget_type=\"heading.default\">\n\t\t\t\t<div class=\"elementor-widget-container\">\n\t\t\t<h2 class=\"elementor-heading-title elementor-size-default\">Implantologia<\/h2>\t\t<\/div>\n\t\t\t\t<\/div>\n\t\t\t\t<div class=\"elementor-element elementor-element-42386a1 elementor-widget elementor-widget-text-editor\" data-id=\"42386a1\" data-element_type=\"widget\" data-widget_type=\"text-editor.default\">\n\t\t\t\t<div class=\"elementor-widget-container\">\n\t\t\t\t\t\t\t\t<div class=\"elementor-text-editor elementor-clearfix\">\n\t\t\t\t<p>Quan falten peces, la soluci\u00f3 m\u00e9s semblant al que hi havia abans \u00e9s reposar-les mitjan\u00e7ant implants.<\/p><p>Els implants s\u00f3n les arrels artificials sobre les quals es col\u00b7loquen despr\u00e9s una, diverses o fins i tot totes les peces absents per a permetre mastegar i somriure amb normalitat de nou.<\/p>\t\t\t\t\t<\/div>\n\t\t\t\t\t\t<\/div>\n\t\t\t\t<\/div>\n\t\t\t\t<div class=\"elementor-element elementor-element-a037af4 elementor-widget elementor-widget-eael-adv-accordion\" data-id=\"a037af4\" data-element_type=\"widget\" data-widget_type=\"eael-adv-accordion.default\">\n\t\t\t\t<div class=\"elementor-widget-container\">\n\t\t\t        <div class=\"eael-adv-accordion\" id=\"eael-adv-accordion-a037af4\" data-accordion-id=\"a037af4\" data-accordion-type=\"toggle\" data-toogle-speed=\"300\">\n    <div class=\"eael-accordion-list\">\n                <div id=\"ms-informaci\" class=\"elementor-tab-title eael-accordion-header\" tabindex=\"1681\" data-tab=\"1\" role=\"tab\" aria-controls=\"elementor-tab-content-1681\"><span class=\"eael-accordion-tab-title\">M\u00e9s informaci\u00f3<\/span><i aria-hidden=\"true\" class=\"fa-toggle fas fa-angle-right\"><\/i><\/div><div id=\"elementor-tab-content-1681\" class=\"eael-accordion-content clearfix\" data-tab=\"1\" role=\"tabpanel\" aria-labelledby=\"ms-informaci\"><p><p>A vegades \u00e9s necessari realitzar t\u00e8cniques m\u00e9s complexes per a augmentar el volum d'os sobre el qual col\u00b7locar l'implant.<br \/><br \/>La soluci\u00f3 de reposar peces mitjan\u00e7ant implants permet rehabilitar des de casos d'una sola abs\u00e8ncia dental a uns altres en els quals falten diverses i fins i tot totes les peces. Recordem que l'implant \u00e9s nom\u00e9s l'ancoratge dins de l'os: no \u00e9s una fi en si mateix.<br \/><br \/>L'important \u00e9s la rehabilitaci\u00f3 del suport, <span class=\"hiddenGreenError\">ja sigui per una sola dent o<\/span> varis.<br \/><br \/>Els implants dentals s\u00f3n, tal com informa la Societat Europea <span class=\"hiddenGrammarError\">d'Osteointegraci\u00f3<\/span>, fixacions similars a un caragol que s'uneixen a l'os maxil\u00b7lar o mandibular.<br \/><br \/>Aquest caragol -l'implant pr\u00f2piament dit-, normalment de titani, substitueix a l'arrel de la dent absent.<br \/><br \/>Sobre l'implant es fixaran les corones, ponts o altres pr\u00f2tesis dentals que substituiran a la pe\u00e7a que falta.<br \/><br \/><span class=\"hiddenGrammarError\">L'osteointegraci\u00f3<\/span>, per part seva, \u00e9s el proc\u00e9s d'integraci\u00f3 en el qual l'os comen\u00e7a a proliferar en contacte amb la superf\u00edcie de l'implant i que garantir\u00e0 l'\u00e8xit i l'estabilitat d'aquest.<br \/><br \/>L'objectiu d'aquesta t\u00e8cnica no sols at\u00e9n una funci\u00f3 est\u00e8tica, sin\u00f3 que tamb\u00e9 busca millorar la salut dental i la masticaci\u00f3.<\/p><\/p><\/div>\n                <\/div><\/div>\t\t<\/div>\n\t\t\t\t<\/div>\n\t\t\t\t\t\t<\/div>\n\t\t\t\t\t<\/div>\n\t\t<\/div>\n\t\t\t\t<div class=\"elementor-column elementor-col-50 elementor-top-column elementor-element elementor-element-70addd2 elementor-invisible\" data-id=\"70addd2\" data-element_type=\"column\" data-settings=\"{&quot;animation&quot;:&quot;fadeInRight&quot;}\">\n\t\t\t<div class=\"elementor-column-wrap elementor-element-populated\">\n\t\t\t\t\t\t\t<div class=\"elementor-widget-wrap\">\n\t\t\t\t\t\t<div class=\"elementor-element elementor-element-bde726d elementor-widget elementor-widget-image\" data-id=\"bde726d\" data-element_type=\"widget\" data-widget_type=\"image.default\">\n\t\t\t\t<div class=\"elementor-widget-container\">\n\t\t\t\t\t\t\t\t<div class=\"elementor-image\">\n\t\t\t\t\t\t\t\t\t\t\t\t<img decoding=\"async\" width=\"640\" height=\"425\" src=\"https:\/\/sadentista.com\/wp-content\/uploads\/2019\/12\/Implantes.jpg\" class=\"attachment-full size-full wp-image-709\" alt=\"Implantes\" loading=\"lazy\" srcset=\"https:\/\/sadentista.com\/wp-content\/uploads\/2019\/12\/Implantes.jpg 640w, https:\/\/sadentista.com\/wp-content\/uploads\/2019\/12\/Implantes-300x199.jpg 300w\" sizes=\"(max-width: 640px) 100vw, 640px\" \/>\t\t\t\t\t\t\t\t\t\t\t\t\t\t<\/div>\n\t\t\t\t\t\t<\/div>\n\t\t\t\t<\/div>\n\t\t\t\t\t\t<\/div>\n\t\t\t\t\t<\/div>\n\t\t<\/div>\n\t\t\t\t\t\t\t\t<\/div>\n\t\t\t\t\t<\/div>\n\t\t<\/section>\n\t\t\t\t<section data-particle_enable=\"false\" data-particle-mobile-disabled=\"false\" class=\"elementor-section elementor-top-section elementor-element elementor-element-1816db4d elementor-section-boxed elementor-section-height-default elementor-section-height-default\" data-id=\"1816db4d\" data-element_type=\"section\">\n\t\t\t\t\t\t<div class=\"elementor-container elementor-column-gap-default\">\n\t\t\t\t\t\t\t<div class=\"elementor-row\">\n\t\t\t\t\t<div class=\"elementor-column elementor-col-50 elementor-top-column elementor-element elementor-element-4f55175 elementor-invisible\" data-id=\"4f55175\" data-element_type=\"column\" data-settings=\"{&quot;animation&quot;:&quot;fadeInLeft&quot;}\">\n\t\t\t<div class=\"elementor-column-wrap elementor-element-populated\">\n\t\t\t\t\t\t\t<div class=\"elementor-widget-wrap\">\n\t\t\t\t\t\t<div class=\"elementor-element elementor-element-4133b7c elementor-widget elementor-widget-image\" data-id=\"4133b7c\" data-element_type=\"widget\" data-widget_type=\"image.default\">\n\t\t\t\t<div class=\"elementor-widget-container\">\n\t\t\t\t\t\t\t\t<div class=\"elementor-image\">\n\t\t\t\t\t\t\t\t\t\t\t\t<img decoding=\"async\" width=\"640\" height=\"425\" src=\"https:\/\/sadentista.com\/wp-content\/uploads\/2019\/12\/Protesis-Menorca.jpg\" class=\"attachment-full size-full wp-image-540\" alt=\"Protesis Menorca\" loading=\"lazy\" srcset=\"https:\/\/sadentista.com\/wp-content\/uploads\/2019\/12\/Protesis-Menorca.jpg 640w, https:\/\/sadentista.com\/wp-content\/uploads\/2019\/12\/Protesis-Menorca-300x199.jpg 300w\" sizes=\"(max-width: 640px) 100vw, 640px\" \/>\t\t\t\t\t\t\t\t\t\t\t\t\t\t<\/div>\n\t\t\t\t\t\t<\/div>\n\t\t\t\t<\/div>\n\t\t\t\t\t\t<\/div>\n\t\t\t\t\t<\/div>\n\t\t<\/div>\n\t\t\t\t<div class=\"elementor-column elementor-col-50 elementor-top-column elementor-element elementor-element-706fb17 elementor-invisible\" data-id=\"706fb17\" data-element_type=\"column\" data-settings=\"{&quot;animation&quot;:&quot;fadeInRight&quot;}\">\n\t\t\t<div class=\"elementor-column-wrap elementor-element-populated\">\n\t\t\t\t\t\t\t<div class=\"elementor-widget-wrap\">\n\t\t\t\t\t\t<div class=\"elementor-element elementor-element-0ea5098 elementor-widget elementor-widget-heading\" data-id=\"0ea5098\" data-element_type=\"widget\" data-widget_type=\"heading.default\">\n\t\t\t\t<div class=\"elementor-widget-container\">\n\t\t\t<h2 class=\"elementor-heading-title elementor-size-default\">Pr\u00f2tesis removible<\/h2>\t\t<\/div>\n\t\t\t\t<\/div>\n\t\t\t\t<div class=\"elementor-element elementor-element-0c13d4e elementor-widget elementor-widget-text-editor\" data-id=\"0c13d4e\" data-element_type=\"widget\" data-widget_type=\"text-editor.default\">\n\t\t\t\t<div class=\"elementor-widget-container\">\n\t\t\t\t\t\t\t\t<div class=\"elementor-text-editor elementor-clearfix\">\n\t\t\t\t<p>S\u00f3n les que es poden treure de la boca i poden ser parcials o completes.<\/p><p>Els m\u00e9s utilitzats s\u00f3n els esquel\u00e8tics, o els aparells de resina tant sobre mucosa com sobre implants.<\/p>\t\t\t\t\t<\/div>\n\t\t\t\t\t\t<\/div>\n\t\t\t\t<\/div>\n\t\t\t\t\t\t<\/div>\n\t\t\t\t\t<\/div>\n\t\t<\/div>\n\t\t\t\t\t\t\t\t<\/div>\n\t\t\t\t\t<\/div>\n\t\t<\/section>\n\t\t\t\t<section data-particle_enable=\"false\" data-particle-mobile-disabled=\"false\" class=\"elementor-section elementor-top-section elementor-element elementor-element-487a8c06 elementor-reverse-tablet elementor-reverse-mobile elementor-section-boxed elementor-section-height-default elementor-section-height-default\" data-id=\"487a8c06\" data-element_type=\"section\">\n\t\t\t\t\t\t<div class=\"elementor-container elementor-column-gap-default\">\n\t\t\t\t\t\t\t<div class=\"elementor-row\">\n\t\t\t\t\t<div class=\"elementor-column elementor-col-50 elementor-top-column elementor-element elementor-element-e1bb43c elementor-invisible\" data-id=\"e1bb43c\" data-element_type=\"column\" data-settings=\"{&quot;animation&quot;:&quot;fadeInLeft&quot;}\">\n\t\t\t<div class=\"elementor-column-wrap elementor-element-populated\">\n\t\t\t\t\t\t\t<div class=\"elementor-widget-wrap\">\n\t\t\t\t\t\t<div class=\"elementor-element elementor-element-818ff6d elementor-widget elementor-widget-heading\" data-id=\"818ff6d\" data-element_type=\"widget\" data-widget_type=\"heading.default\">\n\t\t\t\t<div class=\"elementor-widget-container\">\n\t\t\t<h2 class=\"elementor-heading-title elementor-size-default\">Pr\u00f2tesis fixes<\/h2>\t\t<\/div>\n\t\t\t\t<\/div>\n\t\t\t\t<div class=\"elementor-element elementor-element-64353a0 elementor-widget elementor-widget-text-editor\" data-id=\"64353a0\" data-element_type=\"widget\" data-widget_type=\"text-editor.default\">\n\t\t\t\t<div class=\"elementor-widget-container\">\n\t\t\t\t\t\t\t\t<div class=\"elementor-text-editor elementor-clearfix\">\n\t\t\t\t<p>S\u00f3n aquelles que no cal treure&#8217;s de la boca per a netejar-les. Estan<br \/>fixes, poden estar suportades per les dents o queixals adjacents o per implants<br \/>osteointegrats. <br \/><br \/>Les corones s\u00f3n les fundes que recobreixen les dents danyades protegint-los i refor\u00e7ant-los. Poden ser de metall, porcellana, composite&#8230;<\/p>\t\t\t\t\t<\/div>\n\t\t\t\t\t\t<\/div>\n\t\t\t\t<\/div>\n\t\t\t\t\t\t<\/div>\n\t\t\t\t\t<\/div>\n\t\t<\/div>\n\t\t\t\t<div class=\"elementor-column elementor-col-50 elementor-top-column elementor-element elementor-element-8f3786a elementor-invisible\" data-id=\"8f3786a\" data-element_type=\"column\" data-settings=\"{&quot;animation&quot;:&quot;fadeInRight&quot;}\">\n\t\t\t<div class=\"elementor-column-wrap elementor-element-populated\">\n\t\t\t\t\t\t\t<div class=\"elementor-widget-wrap\">\n\t\t\t\t\t\t<div class=\"elementor-element elementor-element-7892b84f elementor-widget elementor-widget-image\" data-id=\"7892b84f\" data-element_type=\"widget\" data-widget_type=\"image.default\">\n\t\t\t\t<div class=\"elementor-widget-container\">\n\t\t\t\t\t\t\t\t<div class=\"elementor-image\">\n\t\t\t\t\t\t\t\t\t\t\t\t<img decoding=\"async\" width=\"1181\" height=\"1181\" src=\"https:\/\/sadentista.com\/wp-content\/uploads\/2020\/01\/MATIDE_RIURE.jpg\" class=\"attachment-full size-full wp-image-849\" alt=\"\" loading=\"lazy\" srcset=\"https:\/\/sadentista.com\/wp-content\/uploads\/2020\/01\/MATIDE_RIURE.jpg 1181w, https:\/\/sadentista.com\/wp-content\/uploads\/2020\/01\/MATIDE_RIURE-300x300.jpg 300w, https:\/\/sadentista.com\/wp-content\/uploads\/2020\/01\/MATIDE_RIURE-1024x1024.jpg 1024w, https:\/\/sadentista.com\/wp-content\/uploads\/2020\/01\/MATIDE_RIURE-150x150.jpg 150w, https:\/\/sadentista.com\/wp-content\/uploads\/2020\/01\/MATIDE_RIURE-768x768.jpg 768w\" sizes=\"(max-width: 1181px) 100vw, 1181px\" \/>\t\t\t\t\t\t\t\t\t\t\t\t\t\t<\/div>\n\t\t\t\t\t\t<\/div>\n\t\t\t\t<\/div>\n\t\t\t\t\t\t<\/div>\n\t\t\t\t\t<\/div>\n\t\t<\/div>\n\t\t\t\t\t\t\t\t<\/div>\n\t\t\t\t\t<\/div>\n\t\t<\/section>\n\t\t\t\t<section data-particle_enable=\"false\" data-particle-mobile-disabled=\"false\" class=\"elementor-section elementor-top-section elementor-element elementor-element-758d9ce elementor-section-boxed elementor-section-height-default elementor-section-height-default\" data-id=\"758d9ce\" data-element_type=\"section\">\n\t\t\t\t\t\t<div class=\"elementor-container elementor-column-gap-default\">\n\t\t\t\t\t\t\t<div class=\"elementor-row\">\n\t\t\t\t\t<div class=\"elementor-column elementor-col-50 elementor-top-column elementor-element elementor-element-813072f elementor-invisible\" data-id=\"813072f\" data-element_type=\"column\" data-settings=\"{&quot;animation&quot;:&quot;fadeInLeft&quot;}\">\n\t\t\t<div class=\"elementor-column-wrap elementor-element-populated\">\n\t\t\t\t\t\t\t<div class=\"elementor-widget-wrap\">\n\t\t\t\t\t\t<div class=\"elementor-element elementor-element-b41b094 elementor-widget elementor-widget-image\" data-id=\"b41b094\" data-element_type=\"widget\" data-widget_type=\"image.default\">\n\t\t\t\t<div class=\"elementor-widget-container\">\n\t\t\t\t\t\t\t\t<div class=\"elementor-image\">\n\t\t\t\t\t\t\t\t\t\t\t\t<img decoding=\"async\" width=\"640\" height=\"425\" src=\"https:\/\/sadentista.com\/wp-content\/uploads\/2019\/12\/Rehabilitacion-Neuro-Oclusal-Menorca.jpg\" class=\"attachment-full size-full wp-image-496\" alt=\"Rehabilitacion Neuro OclusalMenorca\" loading=\"lazy\" srcset=\"https:\/\/sadentista.com\/wp-content\/uploads\/2019\/12\/Rehabilitacion-Neuro-Oclusal-Menorca.jpg 640w, https:\/\/sadentista.com\/wp-content\/uploads\/2019\/12\/Rehabilitacion-Neuro-Oclusal-Menorca-300x199.jpg 300w\" sizes=\"(max-width: 640px) 100vw, 640px\" \/>\t\t\t\t\t\t\t\t\t\t\t\t\t\t<\/div>\n\t\t\t\t\t\t<\/div>\n\t\t\t\t<\/div>\n\t\t\t\t\t\t<\/div>\n\t\t\t\t\t<\/div>\n\t\t<\/div>\n\t\t\t\t<div class=\"elementor-column elementor-col-50 elementor-top-column elementor-element elementor-element-b2fc07f elementor-invisible\" data-id=\"b2fc07f\" data-element_type=\"column\" data-settings=\"{&quot;animation&quot;:&quot;fadeInRight&quot;}\">\n\t\t\t<div class=\"elementor-column-wrap elementor-element-populated\">\n\t\t\t\t\t\t\t<div class=\"elementor-widget-wrap\">\n\t\t\t\t\t\t<div class=\"elementor-element elementor-element-77e7df6 elementor-widget elementor-widget-heading\" data-id=\"77e7df6\" data-element_type=\"widget\" data-widget_type=\"heading.default\">\n\t\t\t\t<div class=\"elementor-widget-container\">\n\t\t\t<h2 class=\"elementor-heading-title elementor-size-default\">Pr\u00f2tesi sobre implants<\/h2>\t\t<\/div>\n\t\t\t\t<\/div>\n\t\t\t\t<div class=\"elementor-element elementor-element-45c5410 elementor-widget elementor-widget-text-editor\" data-id=\"45c5410\" data-element_type=\"widget\" data-widget_type=\"text-editor.default\">\n\t\t\t\t<div class=\"elementor-widget-container\">\n\t\t\t\t\t\t\t\t<div class=\"elementor-text-editor elementor-clearfix\">\n\t\t\t\t<p>Les corones s\u00f3n peces dentals suportades per un implant.<\/p><p>Les pr\u00f2tesis removibles s\u00f3n dentadures que es poden treure de la boca, per\u00f2 estan ancorades per implants. Poden ser parcials o completes.<\/p>\t\t\t\t\t<\/div>\n\t\t\t\t\t\t<\/div>\n\t\t\t\t<\/div>\n\t\t\t\t<div class=\"elementor-element elementor-element-f54feb8 elementor-widget elementor-widget-eael-adv-accordion\" data-id=\"f54feb8\" data-element_type=\"widget\" data-widget_type=\"eael-adv-accordion.default\">\n\t\t\t\t<div class=\"elementor-widget-container\">\n\t\t\t        <div class=\"eael-adv-accordion\" id=\"eael-adv-accordion-f54feb8\" data-accordion-id=\"f54feb8\" data-accordion-type=\"toggle\" data-toogle-speed=\"300\">\n    <div class=\"eael-accordion-list\">\n                <div id=\"ms-informaci\" class=\"elementor-tab-title eael-accordion-header\" tabindex=\"2571\" data-tab=\"1\" role=\"tab\" aria-controls=\"elementor-tab-content-2571\"><span class=\"eael-accordion-tab-title\">M\u00e9s informaci\u00f3<\/span><i aria-hidden=\"true\" class=\"fa-toggle fas fa-angle-right\"><\/i><\/div><div id=\"elementor-tab-content-2571\" class=\"eael-accordion-content clearfix\" data-tab=\"1\" role=\"tabpanel\" aria-labelledby=\"ms-informaci\"><p><p><strong>Pr\u00f2tesis fixes<\/strong><\/p><p>S\u00f3n aquelles que no cal treure's de la boca per a netejar-les. Estan fixes, poden estar suportades per les dents o queixals adjacents o per implants <span class=\"hiddenSpellError\">osteointegrats<\/span>.<\/p><p><strong>Pr\u00f2tesi sobre implants fixos i amovibles, unit\u00e0ries o completes.<\/strong><\/p><p>Cada cas \u00e9s diferent, personal i amb m\u00faltiples possibilitats.<\/p><p>En reunions amb els especialistes estudiem i tractem les diverses opcions adaptant-nos a les caracter\u00edstiques personals de cada pacient.<\/p><\/p><\/div>\n                <\/div><\/div>\t\t<\/div>\n\t\t\t\t<\/div>\n\t\t\t\t\t\t<\/div>\n\t\t\t\t\t<\/div>\n\t\t<\/div>\n\t\t\t\t\t\t\t\t<\/div>\n\t\t\t\t\t<\/div>\n\t\t<\/section>\n\t\t\t\t\t\t\t\t\t<\/div>\n\t\t\t<\/div>\n\t\t\t\t\t<\/div>\n\t\t","protected":false},"excerpt":{"rendered":"<p>PR\u00d3TESI \u201cDavant el frac\u00e0s i la p\u00e8rdua de les dents naturals elspodem reposar imitant a la naturalesa\u201d Implantologia Quan falten peces, la soluci\u00f3 m\u00e9s semblant al que hi havia abans \u00e9s reposar-les mitjan\u00e7ant implants. Els implants s\u00f3n les arrels artificials sobre les quals es col\u00b7loquen despr\u00e9s una, diverses o fins i tot totes les peces &#8230; <a title=\"Cat Pr\u00f3tesis\" class=\"read-more\" href=\"https:\/\/sadentista.com\/ca\/protesis\/\">Leer m\u00e1s<\/a><\/p>\n","protected":false},"author":1,"featured_media":0,"parent":0,"menu_order":0,"comment_status":"closed","ping_status":"closed","template":"elementor_header_footer","meta":{"_mi_skip_tracking":false},"yoast_head":"<!-- This site is optimized with the Yoast SEO plugin v15.9.1 - https:\/\/yoast.com\/wordpress\/plugins\/seo\/ -->\n<title>Cat Pr\u00f3tesis - Sa Dentista Mercadal<\/title>\n<link rel=\"canonical\" href=\"https:\/\/sadentista.com\/ca\/protesis\/\" \/>\n<meta property=\"og:locale\" content=\"ca_ES\" \/>\n<meta property=\"og:type\" content=\"article\" \/>\n<meta property=\"og:title\" content=\"Cat Pr\u00f3tesis - Sa Dentista Mercadal\" \/>\n<meta property=\"og:description\" content=\"PR\u00d3TESI \u201cDavant el frac\u00e0s i la p\u00e8rdua de les dents naturals elspodem reposar imitant a la naturalesa\u201d Implantologia Quan falten peces, la soluci\u00f3 m\u00e9s semblant al que hi havia abans \u00e9s reposar-les mitjan\u00e7ant implants. Els implants s\u00f3n les arrels artificials sobre les quals es col\u00b7loquen despr\u00e9s una, diverses o fins i tot totes les peces ... Leer m\u00e1s\" \/>\n<meta property=\"og:url\" content=\"https:\/\/sadentista.com\/ca\/protesis\/\" \/>\n<meta property=\"og:site_name\" content=\"Sa Dentista Mercadal\" \/>\n<meta property=\"article:modified_time\" content=\"2021-03-04T15:37:56+00:00\" \/>\n<meta property=\"og:image\" content=\"https:\/\/sadentista.com\/wp-content\/uploads\/2019\/11\/protesis.png\" \/>\n<meta name=\"twitter:card\" content=\"summary_large_image\" \/>\n<meta name=\"twitter:label1\" content=\"Temps estimat de lectura\">\n\t<meta name=\"twitter:data1\" content=\"3 minuts\">\n<script type=\"application\/ld+json\" class=\"yoast-schema-graph\">{\"@context\":\"https:\/\/schema.org\",\"@graph\":[{\"@type\":\"WebSite\",\"@id\":\"https:\/\/sadentista.com\/ca\/#website\",\"url\":\"https:\/\/sadentista.com\/ca\/\",\"name\":\"Sa Dentista Mercadal\",\"description\":\"Odontologia per la salut\",\"potentialAction\":[{\"@type\":\"SearchAction\",\"target\":\"https:\/\/sadentista.com\/ca\/?s={search_term_string}\",\"query-input\":\"required name=search_term_string\"}],\"inLanguage\":\"ca\"},{\"@type\":\"ImageObject\",\"@id\":\"https:\/\/sadentista.com\/ca\/protesis\/#primaryimage\",\"inLanguage\":\"ca\",\"url\":\"https:\/\/sadentista.com\/wp-content\/uploads\/2019\/11\/protesis.png\",\"width\":90,\"height\":147},{\"@type\":\"WebPage\",\"@id\":\"https:\/\/sadentista.com\/ca\/protesis\/#webpage\",\"url\":\"https:\/\/sadentista.com\/ca\/protesis\/\",\"name\":\"Cat Pr\\u00f3tesis - Sa Dentista Mercadal\",\"isPartOf\":{\"@id\":\"https:\/\/sadentista.com\/ca\/#website\"},\"primaryImageOfPage\":{\"@id\":\"https:\/\/sadentista.com\/ca\/protesis\/#primaryimage\"},\"datePublished\":\"2020-07-17T08:12:12+00:00\",\"dateModified\":\"2021-03-04T15:37:56+00:00\",\"breadcrumb\":{\"@id\":\"https:\/\/sadentista.com\/ca\/protesis\/#breadcrumb\"},\"inLanguage\":\"ca\",\"potentialAction\":[{\"@type\":\"ReadAction\",\"target\":[\"https:\/\/sadentista.com\/ca\/protesis\/\"]}]},{\"@type\":\"BreadcrumbList\",\"@id\":\"https:\/\/sadentista.com\/ca\/protesis\/#breadcrumb\",\"itemListElement\":[{\"@type\":\"ListItem\",\"position\":1,\"item\":{\"@type\":\"WebPage\",\"@id\":\"https:\/\/sadentista.com\/ca\/\",\"url\":\"https:\/\/sadentista.com\/ca\/\",\"name\":\"Portada\"}},{\"@type\":\"ListItem\",\"position\":2,\"item\":{\"@type\":\"WebPage\",\"@id\":\"https:\/\/sadentista.com\/ca\/protesis\/\",\"url\":\"https:\/\/sadentista.com\/ca\/protesis\/\",\"name\":\"Cat Pr\\u00f3tesis\"}}]}]}<\/script>\n<!-- \/ Yoast SEO plugin. -->","_links":{"self":[{"href":"https:\/\/sadentista.com\/ca\/wp-json\/wp\/v2\/pages\/1119"}],"collection":[{"href":"https:\/\/sadentista.com\/ca\/wp-json\/wp\/v2\/pages"}],"about":[{"href":"https:\/\/sadentista.com\/ca\/wp-json\/wp\/v2\/types\/page"}],"author":[{"embeddable":true,"href":"https:\/\/sadentista.com\/ca\/wp-json\/wp\/v2\/users\/1"}],"replies":[{"embeddable":true,"href":"https:\/\/sadentista.com\/ca\/wp-json\/wp\/v2\/comments?post=1119"}],"version-history":[{"count":27,"href":"https:\/\/sadentista.com\/ca\/wp-json\/wp\/v2\/pages\/1119\/revisions"}],"predecessor-version":[{"id":2401,"href":"https:\/\/sadentista.com\/ca\/wp-json\/wp\/v2\/pages\/1119\/revisions\/2401"}],"wp:attachment":[{"href":"https:\/\/sadentista.com\/ca\/wp-json\/wp\/v2\/media?parent=1119"}],"curies":[{"name":"wp","href":"https:\/\/api.w.org\/{rel}","templated":true}]}}